{"id":98313,"date":"2023-02-03T10:38:40","date_gmt":"2023-02-03T08:38:40","guid":{"rendered":"https:\/\/museuciencies.cat\/area-cientifica\/servicio-cientifico-tecnico\/pangeadb\/"},"modified":"2023-02-03T13:15:17","modified_gmt":"2023-02-03T11:15:17","slug":"pangeadb","status":"publish","type":"page","link":"https:\/\/museuciencies.cat\/es\/area-cientifica\/servicio-cientifico-tecnico\/pangeadb\/","title":{"rendered":"PangeaDB"},"content":{"rendered":"<p><strong>Pangea Database (PangeaDB\u00ae) <\/strong>es una aplicaci\u00f3n inform\u00e1tica desarrollada por el Museo de Ciencias Naturales de Barcelona que permite gestionar y documentar las colecciones de ciencias naturales.<\/p>\n<p>Actualmente se encuentra en funcionamiento para las colecciones de petrolog\u00eda, mineralog\u00eda y paleontolog\u00eda.<\/p>\n<p>PangeaDB\u00ae es una herramienta activa y pr\u00e1ctica que est\u00e1\u00a0 en constante actualizaci\u00f3n, revisando sus funcionalidades ya implementadas y desarrollando nuevas.<\/p>\n<p>Se est\u00e1 trabajando para que esta herramienta est\u00e9 disponible.<\/p>\n<p>M\u00e1s informaci\u00f3n en este <a href=\"https:\/\/museuciencies.cat\/wp-content\/uploads\/2023\/02\/Descripcio_PangeaWeb_cast.pdf\" target=\"_blank\" rel=\"noopener\">documento<\/a>.<\/p>\n<p>&nbsp;<\/p>\n","protected":false},"excerpt":{"rendered":"<p>Pangea Database (PangeaDB\u00ae) es una aplicaci\u00f3n inform\u00e1tica desarrollada por el Museo de Ciencias Naturales de Barcelona que permite gestionar y documentar las colecciones de ciencias naturales. Actualmente se encuentra en funcionamiento para las colecciones de petrolog\u00eda, mineralog\u00eda y paleontolog\u00eda. PangeaDB\u00ae es una herramienta activa y pr\u00e1ctica que est\u00e1\u00a0 en constante actualizaci\u00f3n, revisando sus funcionalidades ya [&hellip;]<\/p>\n","protected":false},"author":2,"featured_media":0,"parent":15367,"menu_order":0,"comment_status":"closed","ping_status":"closed","template":"","meta":{"_acf_changed":false,"footnotes":""},"class_list":["post-98313","page","type-page","status-publish","hentry"],"acf":{"segona_part":"","tambe_us_pot_interessar":"","img_cap":98303,"presenta_peu":false,"imatge_llistat":false,"nou_carrusel":false,"boto_de_link_o_mail":false,"arxius_adjunts":false,"links_associats":false,"presenta_fills":"no","activeu_alerta":false,"text_alerta":""},"jetpack_sharing_enabled":true,"_links":{"self":[{"href":"https:\/\/museuciencies.cat\/es\/wp-json\/wp\/v2\/pages\/98313","targetHints":{"allow":["GET"]}}],"collection":[{"href":"https:\/\/museuciencies.cat\/es\/wp-json\/wp\/v2\/pages"}],"about":[{"href":"https:\/\/museuciencies.cat\/es\/wp-json\/wp\/v2\/types\/page"}],"author":[{"embeddable":true,"href":"https:\/\/museuciencies.cat\/es\/wp-json\/wp\/v2\/users\/2"}],"replies":[{"embeddable":true,"href":"https:\/\/museuciencies.cat\/es\/wp-json\/wp\/v2\/comments?post=98313"}],"version-history":[{"count":0,"href":"https:\/\/museuciencies.cat\/es\/wp-json\/wp\/v2\/pages\/98313\/revisions"}],"up":[{"embeddable":true,"href":"https:\/\/museuciencies.cat\/es\/wp-json\/wp\/v2\/pages\/15367"}],"wp:attachment":[{"href":"https:\/\/museuciencies.cat\/es\/wp-json\/wp\/v2\/media?parent=98313"}],"curies":[{"name":"wp","href":"https:\/\/api.w.org\/{rel}","templated":true}]}}