{"id":90532,"date":"2022-05-19T08:14:06","date_gmt":"2022-05-19T06:14:06","guid":{"rendered":"https:\/\/museuciencies.cat\/area-cientifica\/lineas-de-investigacion\/metalls-critics-per-a-la-transicio-energetica\/"},"modified":"2022-05-27T13:50:27","modified_gmt":"2022-05-27T11:50:27","slug":"metalls-critics-per-a-la-transicio-energetica","status":"publish","type":"page","link":"https:\/\/museuciencies.cat\/es\/area-cientifica\/lineas-de-investigacion\/metalls-critics-per-a-la-transicio-energetica\/","title":{"rendered":"Metales cr\u00edticos para la transici\u00f3n energ\u00e9tica"},"content":{"rendered":"<p>Actualmente estamos viviendo un replanteamiento de nuestro modelo energ\u00e9tico y de movilidad acompa\u00f1ado de una continua evoluci\u00f3n e implementaci\u00f3n de las nuevas tecnolog\u00edas. Para abandonar el modelo basado en los combustibles f\u00f3siles y transformarnos en una sociedad m\u00e1s limpia y sostenible es necesaria la apuesta por la investigaci\u00f3n asociada a la exploraci\u00f3n y aplicaciones de metales cr\u00edticos, elementos b\u00e1sicos para hacer realidad la aplicaci\u00f3n de las pol\u00edticas de transici\u00f3n energ\u00e9tica.<\/p>\n<p>Esta l\u00ednea estable de investigaci\u00f3n que se desarrolla en el Departamento de Mineralog\u00eda y Petrolog\u00eda se basa en la exploraci\u00f3n y caracterizaci\u00f3n de dep\u00f3sitos minerales de este tipo de elementos cr\u00edticos, especialmente los elementos del grupo de las tierras raras.<\/p>\n<p>Parte de la investigaci\u00f3n de esta l\u00ednea se enmarca en el proyecto\u00a0\u00abMAGEC REEmounts: Materiales para generaci\u00f3n de energ\u00eda, cat\u00e1lisis y fotos\u00edntesis artificial en Canarias y exploraci\u00f3n de tierras raras en carbonatitas suba\u00e9reas y en montes submarinos\u00a0(2021-2023)\u00bb, otorgado por la Agencia Canaria de Investigaci\u00f3n, Innovaci\u00f3n y Sociedad de la Informaci\u00f3n y en el que el Museo participa como parte del equipo de investigaci\u00f3n.<\/p>\n<h3>Art\u00edculos asociados<\/h3>\n<ul>\n<li><strong>D\u00edaz-Acha, Y<\/strong>., <strong>Campeny, M.<\/strong>, Tauler, E., Bosch, J., Melgarejo, J.C., Camprub\u00ed, A., 2020. Critical elements in supergene phosphates: the example of the weathering profile at the Gav\u00e0 Neolithic mines, Catalonia, Spain. <em>Minerals<\/em> 10, 3.<\/li>\n<li>Castillo-Oliver, M., Melgarejo, J.C., Torr\u00f3, L., Villanova-de-Benavent, C., <strong>Campeny, M<\/strong>., <strong>D\u00edaz-Acha, Y<\/strong>., Amores-Casals, S., Xu, J., Proenza, J.A., Tauler, E., 2020. Sandstone-Hosted Uranium Deposits as a Possible Source for Critical Elements: The Eureka Mine Case, Castell-Esta\u00f3, Catalonia. <em>Minerals<\/em> 10, 34.<\/li>\n<li>Men\u00e9ndez, I., <strong>Campeny, M<\/strong>., Quevedo-Gonz\u00e1lez, L., Mangas, J., M\u00e9ndez, J., 2019. Distribution of REE-bearing minerals in felsic magmatic rocks and paleosols from Gran Canaria, Spain: intraplate oceanic islands as a new example of potential, non-conventional sources of rare-earth elements. <em>Journal of Geochemical Exploration<\/em> 204, 270-278.<\/li>\n<li>Cacho, A., Melgarejo, J.C., Camprub\u00ed, A., Torr\u00f3, L., Castillo-Oliver, M., Torres, B., Artiaga, D., Tauler, E., Mart\u00ednez, A., <strong>Campeny, M<\/strong>., Alfonso, P., Arce-Buroga, O.R., 2019. Mineralogy and Distribution of Critical Elements in the Sn-W-Pb-Ag-Zn Huanuni Deposit, Bolivia. <em>Minerals.<\/em> 9, 753.<\/li>\n<\/ul>\n","protected":false},"excerpt":{"rendered":"<p>Actualmente estamos viviendo un replanteamiento de nuestro modelo energ\u00e9tico y de movilidad acompa\u00f1ado de una continua evoluci\u00f3n e implementaci\u00f3n de las nuevas tecnolog\u00edas. Para abandonar el modelo basado en los combustibles f\u00f3siles y transformarnos en una sociedad m\u00e1s limpia y sostenible es necesaria la apuesta por la investigaci\u00f3n asociada a la exploraci\u00f3n y aplicaciones de [&hellip;]<\/p>\n","protected":false},"author":2,"featured_media":0,"parent":15026,"menu_order":234,"comment_status":"closed","ping_status":"closed","template":"","meta":{"_acf_changed":false,"footnotes":""},"class_list":["post-90532","page","type-page","status-publish","hentry"],"acf":{"tambe_us_pot_interessar":"","img_cap":89928,"presenta_peu":false,"imatge_llistat":false,"nou_carrusel":false,"boto_de_link_o_mail":false,"arxius_adjunts":false,"links_associats":false,"presenta_fills":"no","activeu_alerta":false,"text_alerta":""},"jetpack_sharing_enabled":true,"_links":{"self":[{"href":"https:\/\/museuciencies.cat\/es\/wp-json\/wp\/v2\/pages\/90532","targetHints":{"allow":["GET"]}}],"collection":[{"href":"https:\/\/museuciencies.cat\/es\/wp-json\/wp\/v2\/pages"}],"about":[{"href":"https:\/\/museuciencies.cat\/es\/wp-json\/wp\/v2\/types\/page"}],"author":[{"embeddable":true,"href":"https:\/\/museuciencies.cat\/es\/wp-json\/wp\/v2\/users\/2"}],"replies":[{"embeddable":true,"href":"https:\/\/museuciencies.cat\/es\/wp-json\/wp\/v2\/comments?post=90532"}],"version-history":[{"count":0,"href":"https:\/\/museuciencies.cat\/es\/wp-json\/wp\/v2\/pages\/90532\/revisions"}],"up":[{"embeddable":true,"href":"https:\/\/museuciencies.cat\/es\/wp-json\/wp\/v2\/pages\/15026"}],"wp:attachment":[{"href":"https:\/\/museuciencies.cat\/es\/wp-json\/wp\/v2\/media?parent=90532"}],"curies":[{"name":"wp","href":"https:\/\/api.w.org\/{rel}","templated":true}]}}