{"id":90529,"date":"2022-05-19T08:14:14","date_gmt":"2022-05-19T06:14:14","guid":{"rendered":"https:\/\/museuciencies.cat\/area-cientifica\/lineas-de-investigacion\/metallogenesi-del-mantell-terrestre\/"},"modified":"2022-05-27T13:48:40","modified_gmt":"2022-05-27T11:48:40","slug":"metallogenesi-del-mantell-terrestre","status":"publish","type":"page","link":"https:\/\/museuciencies.cat\/es\/area-cientifica\/lineas-de-investigacion\/metallogenesi-del-mantell-terrestre\/","title":{"rendered":"Metalog\u00e9nesis del manto terrestre"},"content":{"rendered":"<p>Esta l\u00ednea estable de investigaci\u00f3n que se desarrolla en el Departamento de Mineralog\u00eda se basa en el estudio de las caracter\u00edsticas metalog\u00e9nicas del manto terrestre y los dep\u00f3sitos minerales que se asocian a rocas formadas por magmas de origen mant\u00e9lico.<\/p>\n<p>En la actualidad, existen varios estudios en marcha asociados al an\u00e1lisis de la distribuci\u00f3n de metales en varios tipos de litolog\u00edas de afinidad mant\u00e9lica procedentes de varias regiones, como por ejemplo la Pen\u00ednsula Ib\u00e9rica, las Islas Canarias o Am\u00e9rica del Norte y Central.<\/p>\n<p>Parte de la investigaci\u00f3n de esta l\u00ednea se enmarca en el proyecto\u00a0\u00abMineral resources in the lithosphere of intra-oceanic volcanics arcs: petrogenetic and ore-forming processes\u00a0(2020-2024)\u00bb, otorgado por el Ministerio de Econom\u00eda y Competitividad y en el que parte del personal del Departamento de Mineralog\u00eda del Museo participa como miembro del equipo de investigaci\u00f3n.<\/p>\n<h3>Art\u00edculos asociados<\/h3>\n<ul>\n<li>Cul\u00ed, L., Sol\u00e9, J., <strong>Campeny, M<\/strong>., Oalmann, J.A.G., 2021. High-temperature metamorphic garnets from Grenvillian granulites of southwestern Oaxacan Complex (southern Mexico): petrology, geochemistry, geothermobarometry, and tectonic implications. <em>Minerals<\/em>. 11 (8): 805.<\/li>\n<li>Villanova-de-Benavent, C., Torr\u00f3, L., Castillo-Oliver, <strong>M., Campeny<\/strong>, M., Melgarejo, J.C., Llovet, X., Gal\u00ed, S., Gon\u00e7alves, A.O., 2018. Fe-Ti Oxide Deposits of the Kunene Anorthosite Complex (SW Angola. Mineralogy and Thermo-Oxybarometry. <em>Minerals<\/em> 7, 246-273.<\/li>\n<li>Giuliani, A., <strong>Campeny, M<\/strong>., Kamenetsky, V., Afonso, J., Maas, R., Melgarejo, J.C., Kohn, B., Matchan, E., Mangas, J., Gon\u00e7alves, A.O., Manuel, J., 2017. Southwestern Africa on the burner: Pleistocene carbonatite volcanism linked to deep mantle upwelling in Angola. <em>Geology<\/em> 45, 971-974.<\/li>\n<li><strong>Campeny, M<\/strong>., Kamenetsky, V., Melgarejo, J.C., Mangas, J., Manuel, J., Alfonso, P., Kamenetsky, M.B., Bambi, A.C.J.M., Gon\u00e7alves, A., 2015. Carbonatitic lavas in Catanda (Kwanza Sul, Angola. mineralogical and geochemical constraints on the parental melt. <em>Lithos<\/em> 232, 1-11.<\/li>\n<\/ul>\n","protected":false},"excerpt":{"rendered":"<p>Esta l\u00ednea estable de investigaci\u00f3n que se desarrolla en el Departamento de Mineralog\u00eda se basa en el estudio de las caracter\u00edsticas metalog\u00e9nicas del manto terrestre y los dep\u00f3sitos minerales que se asocian a rocas formadas por magmas de origen mant\u00e9lico. En la actualidad, existen varios estudios en marcha asociados al an\u00e1lisis de la distribuci\u00f3n de [&hellip;]<\/p>\n","protected":false},"author":2,"featured_media":0,"parent":15026,"menu_order":233,"comment_status":"closed","ping_status":"closed","template":"","meta":{"_acf_changed":false,"footnotes":""},"class_list":["post-90529","page","type-page","status-publish","hentry"],"acf":{"tambe_us_pot_interessar":"","img_cap":89917,"presenta_peu":false,"imatge_llistat":false,"nou_carrusel":false,"boto_de_link_o_mail":false,"arxius_adjunts":false,"links_associats":false,"presenta_fills":"no","activeu_alerta":false,"text_alerta":""},"jetpack_sharing_enabled":true,"_links":{"self":[{"href":"https:\/\/museuciencies.cat\/es\/wp-json\/wp\/v2\/pages\/90529","targetHints":{"allow":["GET"]}}],"collection":[{"href":"https:\/\/museuciencies.cat\/es\/wp-json\/wp\/v2\/pages"}],"about":[{"href":"https:\/\/museuciencies.cat\/es\/wp-json\/wp\/v2\/types\/page"}],"author":[{"embeddable":true,"href":"https:\/\/museuciencies.cat\/es\/wp-json\/wp\/v2\/users\/2"}],"replies":[{"embeddable":true,"href":"https:\/\/museuciencies.cat\/es\/wp-json\/wp\/v2\/comments?post=90529"}],"version-history":[{"count":0,"href":"https:\/\/museuciencies.cat\/es\/wp-json\/wp\/v2\/pages\/90529\/revisions"}],"up":[{"embeddable":true,"href":"https:\/\/museuciencies.cat\/es\/wp-json\/wp\/v2\/pages\/15026"}],"wp:attachment":[{"href":"https:\/\/museuciencies.cat\/es\/wp-json\/wp\/v2\/media?parent=90529"}],"curies":[{"name":"wp","href":"https:\/\/api.w.org\/{rel}","templated":true}]}}