{"id":88706,"date":"2022-02-09T13:48:01","date_gmt":"2022-02-09T12:48:01","guid":{"rendered":"https:\/\/museuciencies.cat\/el-nat\/las-sedes\/museo-martorell\/historia\/"},"modified":"2022-11-16T10:45:10","modified_gmt":"2022-11-16T08:45:10","slug":"historia","status":"publish","type":"page","link":"https:\/\/museuciencies.cat\/es\/el-nat\/las-sedes\/centro-martorell-de-exposiciones\/historia\/","title":{"rendered":"Historia"},"content":{"rendered":"<p>La historia del Museu Martorell se remonta a 1878, cuando el naturalista Francesc Martorell i Pe\u00f1a leg\u00f3 sus colecciones de ciencias naturales y arqueolog\u00eda a la ciudad de Barcelona, adem\u00e1s de una dotaci\u00f3n econ\u00f3mica para la construcci\u00f3n de un museo para alojarlo todo. El arquitecto Antoni Rovira i Trias dise\u00f1\u00f3 este edificio de estilo neocl\u00e1sico, que se inaugur\u00f3 en 1882. Con el paso de los a\u00f1os, el museo qued\u00f3 peque\u00f1o para unas colecciones que no paraban de crecer. En 1924 el Museu Martorell se especializ\u00f3 en geolog\u00eda y las colecciones zool\u00f3gicas se trasladaron al cercano Castell dels Tres Dragons, y las colecciones bot\u00e1nicas, a Montju\u00efc. El Museo de Geolog\u00eda cerr\u00f3 sus puertas al p\u00fablico en 2010.<\/p>\n<p>El origen del Museu de Ci\u00e8ncies Naturals de Barcelona est\u00e1 estrechamente ligado al Parc de la Ciutadella. Para el dise\u00f1o del parque, el arquitecto Josep Fontser\u00e8 se inspir\u00f3 en la disposici\u00f3n urbana del\u00a0Jardin des Plantes\u00a0de Par\u00eds, que preve\u00eda albergar un conjunto de instalaciones destinadas a servicios culturales de car\u00e1cter cient\u00edfico, propios de una capital moderna. Uno de los primeros edificios que se construyeron fue el Museu Martorell, que abri\u00f3 sus puertas en 1882. Simult\u00e1neamente, se edificaron el Invernadero, el Umbr\u00e1culo, el Parque Zool\u00f3gico y otras instalaciones dedicadas a la actividad cient\u00edfica.<\/p>\n","protected":false},"excerpt":{"rendered":"<p>La historia del Museu Martorell se remonta a 1878, cuando el naturalista Francesc Martorell i Pe\u00f1a leg\u00f3 sus colecciones de ciencias naturales y arqueolog\u00eda a la ciudad de Barcelona, adem\u00e1s de una dotaci\u00f3n econ\u00f3mica para la construcci\u00f3n de un museo para alojarlo todo. El arquitecto Antoni Rovira i Trias dise\u00f1\u00f3 este edificio de estilo neocl\u00e1sico, [&hellip;]<\/p>\n","protected":false},"author":2,"featured_media":0,"parent":14065,"menu_order":148,"comment_status":"closed","ping_status":"closed","template":"","meta":{"_acf_changed":false,"footnotes":""},"class_list":["post-88706","page","type-page","status-publish","hentry"],"acf":{"text_alerta":"","activeu_alerta":false,"presenta_fills":"no","links_associats":false,"arxius_adjunts":false,"boto_de_link_o_mail":false,"nou_carrusel":false,"imatge_llistat":false,"presenta_peu":false,"img_cap":75632,"tambe_us_pot_interessar":""},"jetpack_sharing_enabled":true,"_links":{"self":[{"href":"https:\/\/museuciencies.cat\/es\/wp-json\/wp\/v2\/pages\/88706","targetHints":{"allow":["GET"]}}],"collection":[{"href":"https:\/\/museuciencies.cat\/es\/wp-json\/wp\/v2\/pages"}],"about":[{"href":"https:\/\/museuciencies.cat\/es\/wp-json\/wp\/v2\/types\/page"}],"author":[{"embeddable":true,"href":"https:\/\/museuciencies.cat\/es\/wp-json\/wp\/v2\/users\/2"}],"replies":[{"embeddable":true,"href":"https:\/\/museuciencies.cat\/es\/wp-json\/wp\/v2\/comments?post=88706"}],"version-history":[{"count":0,"href":"https:\/\/museuciencies.cat\/es\/wp-json\/wp\/v2\/pages\/88706\/revisions"}],"up":[{"embeddable":true,"href":"https:\/\/museuciencies.cat\/es\/wp-json\/wp\/v2\/pages\/14065"}],"wp:attachment":[{"href":"https:\/\/museuciencies.cat\/es\/wp-json\/wp\/v2\/media?parent=88706"}],"curies":[{"name":"wp","href":"https:\/\/api.w.org\/{rel}","templated":true}]}}