{"id":81406,"date":"2021-10-18T14:57:01","date_gmt":"2021-10-18T13:57:01","guid":{"rendered":"https:\/\/museuciencies.cat\/?page_id=81406"},"modified":"2021-10-18T15:05:28","modified_gmt":"2021-10-18T14:05:28","slug":"sorpresa-8-nattv-el-canal-de-television-del-museo","status":"publish","type":"page","link":"https:\/\/museuciencies.cat\/es\/el-nat\/las-sedes\/museo-de-ciencias-naturales-de-barcelona\/10-anys-al-forum\/sorpresa-8-nattv-el-canal-de-television-del-museo\/","title":{"rendered":"Sorpresa 8: NatTV, el canal de televisi\u00f3n del Museo"},"content":{"rendered":"<p>Este <strong>nuevo canal<\/strong> nace a partir de observar la tendencia de crecimiento en la producci\u00f3n de contenidos digitales a nivel global y que la pandemia ha acelerado de manera exponencial. Durante el confinamiento todas las estructuras de relaciones sociales, de negocio, culturales y la sociedad en general, se ha vehiculado con mucha fuerza en el entorno digital.<\/p>\n<p>Los <strong>objetivos<\/strong> que nos hemos propuesto con este proyecto son:<\/p>\n<ul>\n<li>Organizar y concentrar los contenidos audiovisuales del Museo en una sola plataforma ya que hasta ahora han estado diseminados en varios canales, como: YouTube, Vimeo, instagram,&#8230; lo que facilitar\u00e1 la visibilidad y accesibilidad de estos contenidos.<\/li>\n<li>Poner en valor el patrimonio del Museo desde otras miradas.<\/li>\n<li>Retransmitir en directo desde NatTV las actividades y actos que organice el Museo.<\/li>\n<\/ul>\n<p>El men\u00fa de <strong>NatTV<\/strong> est\u00e1 organizado en diferentes categor\u00edas: destacados, novedades, los m\u00e1s vistos, etc.\u00a0Encontrar\u00e9is contenidos de diferentes ciclos y conferencias como las ConversesNat, el Club de los lun\u00e1ticos y lun\u00e1ticas, de exposiciones, del equipo humano del museo y de c\u00f3mo trabajan, de las actividades llevadas a cabo con diversos p\u00fablicos,&#8230;<\/p>\n<p>Os invitamos a descubrir el Museo desde una nueva mirada:\u00a0<a style=\"font-family: Calibri, sans-serif;\" href=\"http:\/\/nattv.museuciencies.cat\/\" target=\"_blank\" rel=\"noopener\">http:\/\/nattv.museuciencies.cat\/<\/a><\/p>\n","protected":false},"excerpt":{"rendered":"<p>Este nuevo canal nace a partir de observar la tendencia de crecimiento en la producci\u00f3n de contenidos digitales a nivel global y que la pandemia ha acelerado de manera exponencial. Durante el confinamiento todas las estructuras de relaciones sociales, de negocio, culturales y la sociedad en general, se ha vehiculado con mucha fuerza en el [&hellip;]<\/p>\n","protected":false},"author":3,"featured_media":0,"parent":75926,"menu_order":27,"comment_status":"closed","ping_status":"closed","template":"","meta":{"_acf_changed":false,"footnotes":""},"class_list":["post-81406","page","type-page","status-publish","hentry"],"acf":{"tambe_us_pot_interessar":"","img_cap":81415,"presenta_peu":false,"imatge_llistat":false,"nou_carrusel":false,"boto_de_link_o_mail":false,"arxius_adjunts":false,"links_associats":false,"presenta_fills":"no","activeu_alerta":false,"text_alerta":""},"jetpack_sharing_enabled":true,"_links":{"self":[{"href":"https:\/\/museuciencies.cat\/es\/wp-json\/wp\/v2\/pages\/81406","targetHints":{"allow":["GET"]}}],"collection":[{"href":"https:\/\/museuciencies.cat\/es\/wp-json\/wp\/v2\/pages"}],"about":[{"href":"https:\/\/museuciencies.cat\/es\/wp-json\/wp\/v2\/types\/page"}],"author":[{"embeddable":true,"href":"https:\/\/museuciencies.cat\/es\/wp-json\/wp\/v2\/users\/3"}],"replies":[{"embeddable":true,"href":"https:\/\/museuciencies.cat\/es\/wp-json\/wp\/v2\/comments?post=81406"}],"version-history":[{"count":0,"href":"https:\/\/museuciencies.cat\/es\/wp-json\/wp\/v2\/pages\/81406\/revisions"}],"up":[{"embeddable":true,"href":"https:\/\/museuciencies.cat\/es\/wp-json\/wp\/v2\/pages\/75926"}],"wp:attachment":[{"href":"https:\/\/museuciencies.cat\/es\/wp-json\/wp\/v2\/media?parent=81406"}],"curies":[{"name":"wp","href":"https:\/\/api.w.org\/{rel}","templated":true}]}}