{"id":81198,"date":"2021-10-11T09:15:21","date_gmt":"2021-10-11T08:15:21","guid":{"rendered":"https:\/\/museuciencies.cat\/area-cientifica\/colecciones\/acces-a-les-colleccions\/"},"modified":"2021-10-11T09:56:27","modified_gmt":"2021-10-11T08:56:27","slug":"acces-a-les-colleccions","status":"publish","type":"page","link":"https:\/\/museuciencies.cat\/es\/area-cientifica\/colecciones\/acces-a-les-colleccions\/","title":{"rendered":"Acceso a las colecciones"},"content":{"rendered":"<p>El Museo pone a disposici\u00f3n del p\u00fablico su fondo patrimonial. Pueden consultarse las bases de datos de los ejemplares digitalizados.<\/p>\n<ul>\n<li><a href=\"https:\/\/museuciencies.cat\/es\/area-cientifica\/colecciones\/acces-a-les-colleccions\/acceso-a-las-bases-de-datos\/\" target=\"_blank\" rel=\"noopener\">Acceso a las bases de datos<\/a><\/li>\n<\/ul>\n<p>El fondo de colecciones es accesible al p\u00fablico general a trav\u00e9s de la exposici\u00f3n permanente, las exposiciones temporales, las visitas guiadas y las actividades escolares y familiares.<\/p>\n<p>Tambi\u00e9n es accesible para la comunidad cient\u00edfica a trav\u00e9s de las consultas, de los pr\u00e9stamos y de la cesi\u00f3n de muestras. Los espec\u00edmenes de colecciones tambi\u00e9n forman parte de exposiciones externas a trav\u00e9s de los pr\u00e9stamos culturales.<\/p>\n<ul>\n<li><a href=\"https:\/\/museuciencies.cat\/es\/area-cientifica\/servicio-cientifico-tecnico\/consulta-cientifica-de-colecciones\/\">Consulta presencial de las colecciones<\/a>.<\/li>\n<li><a href=\"https:\/\/museuciencies.cat\/es\/area-cientifica\/servicio-cientifico-tecnico\/prestamo-de-colecciones\/\">Pr\u00e9stamo de colecciones<\/a>.<\/li>\n<li><a href=\"https:\/\/museuciencies.cat\/es\/area-cientifica\/servicio-cientifico-tecnico\/cessio-de-mostres\/\">Cesi\u00f3n de muestras<\/a>.<\/li>\n<\/ul>\n","protected":false},"excerpt":{"rendered":"<p>El Museo pone a disposici\u00f3n del p\u00fablico su fondo patrimonial. Pueden consultarse las bases de datos de los ejemplares digitalizados. Acceso a las bases de datos El fondo de colecciones es accesible al p\u00fablico general a trav\u00e9s de la exposici\u00f3n permanente, las exposiciones temporales, las visitas guiadas y las actividades escolares y familiares. Tambi\u00e9n es [&hellip;]<\/p>\n","protected":false},"author":2,"featured_media":0,"parent":12832,"menu_order":157,"comment_status":"closed","ping_status":"closed","template":"","meta":{"_acf_changed":false,"footnotes":""},"class_list":["post-81198","page","type-page","status-publish","hentry"],"acf":{"tambe_us_pot_interessar":"","img_cap":8344,"presenta_peu":false,"imatge_llistat":false,"nou_carrusel":false,"boto_de_link_o_mail":false,"arxius_adjunts":false,"links_associats":false,"presenta_fills":"no","activeu_alerta":false,"text_alerta":""},"jetpack_sharing_enabled":true,"_links":{"self":[{"href":"https:\/\/museuciencies.cat\/es\/wp-json\/wp\/v2\/pages\/81198","targetHints":{"allow":["GET"]}}],"collection":[{"href":"https:\/\/museuciencies.cat\/es\/wp-json\/wp\/v2\/pages"}],"about":[{"href":"https:\/\/museuciencies.cat\/es\/wp-json\/wp\/v2\/types\/page"}],"author":[{"embeddable":true,"href":"https:\/\/museuciencies.cat\/es\/wp-json\/wp\/v2\/users\/2"}],"replies":[{"embeddable":true,"href":"https:\/\/museuciencies.cat\/es\/wp-json\/wp\/v2\/comments?post=81198"}],"version-history":[{"count":0,"href":"https:\/\/museuciencies.cat\/es\/wp-json\/wp\/v2\/pages\/81198\/revisions"}],"up":[{"embeddable":true,"href":"https:\/\/museuciencies.cat\/es\/wp-json\/wp\/v2\/pages\/12832"}],"wp:attachment":[{"href":"https:\/\/museuciencies.cat\/es\/wp-json\/wp\/v2\/media?parent=81198"}],"curies":[{"name":"wp","href":"https:\/\/api.w.org\/{rel}","templated":true}]}}