{"id":76278,"date":"2021-03-16T21:15:57","date_gmt":"2021-03-16T20:15:57","guid":{"rendered":"https:\/\/museuciencies.cat\/el-nat\/las-sedes\/museo-martorell\/rehabilitacio-integral-del-museu-martorell\/"},"modified":"2024-06-21T16:05:18","modified_gmt":"2024-06-21T14:05:18","slug":"proyecto-de-rehabilitacion","status":"publish","type":"page","link":"https:\/\/museuciencies.cat\/es\/el-nat\/las-sedes\/centro-martorell-de-exposiciones\/proyecto-de-rehabilitacion\/","title":{"rendered":"Rehabilitaci\u00f3n del edificio"},"content":{"rendered":"<p>Financiado por el Ayuntamiento de Barcelona y la Generalitat de Catalunya, en 2021 se inici\u00f3 el proceso de rehabilitaci\u00f3n integral del edificio Martorell, el primer museo de titularidad p\u00fablica de Barcelona y Catalu\u00f1a, y el embri\u00f3n del Museu de Ci\u00e8ncies Naturals de Barcelona. El arquitecto encargado del dise\u00f1o de este edificio de estilo neocl\u00e1sico \u2014inaugurado en 1882 como Museu Martorell en el Parc de la Ciutadella\u2014 fue Antoni Rovira i Trias.<\/p>\n<p>El criterio general adoptado para la rehabilitaci\u00f3n del edificio, catalogado como bien de inter\u00e9s local, ha sido preservar al m\u00e1ximo la configuraci\u00f3n original y la volumetr\u00eda. Se ha \u00f1adido un nuevo acceso que supondr\u00e1 un cambio significativo, sin modificar la imagen global del edificio. Adem\u00e1s de la entrada principal por el Parc de la Ciutadella, un segundo acceso por el Passeig de Picasso \u2014con tres grandes aperturas en la fachada\u2014 aporta transparencia al Centro y conecta el Parc de la Ciutadella con el barrio de El Born.<\/p>\n<p>La rehabilitaci\u00f3n integral del edificio se ha dividido en tres fases, con un coste total previsto de 6,2 M<\/p>\n<ul>\n<li><strong>Fase 1.<\/strong> Finalizada. Se ha rehabilitado todo el interior del edificio con el objetivo de compatibilizar el respeto hacia el patrimonio hist\u00f3rico con las exigencias de uso como instalaciones abiertas al p\u00fablico.<\/li>\n<li><strong>Fase 2<\/strong>. Finalizada. Coincidiendo con la inauguraci\u00f3n del centro, se han acabado las obras de accesibilidad al edificio por la parte del Parc de la Ciutadella. Se ha creado una plataforma para rampas, respetando el podio original de columnas d\u00f3ricas y la colecci\u00f3n petrol\u00f3gica formada por treinta y una piezas adosadas a las fachadas de los cuerpos laterales del edificio.<\/li>\n<li><strong>Fase 3<\/strong>. Activa. Se est\u00e1 ultimando la redacci\u00f3n del proyecto de rehabilitaci\u00f3n que permitir\u00e1 reparar y recuperar las fachadas y sus paramentos de piedra, esgrafiados y elementos ornamentales. La previsi\u00f3n, una vez licitados los trabajos, es iniciar las obras durante el mes de septiembre. Esta fase de obras es compatible con el funcionamiento del centro, que permanecer\u00e1 abierto en horario habitual.<\/li>\n<\/ul>\n","protected":false},"excerpt":{"rendered":"<p>Financiado por el Ayuntamiento de Barcelona y la Generalitat de Catalunya, en 2021 se inici\u00f3 el proceso de rehabilitaci\u00f3n integral del edificio Martorell, el primer museo de titularidad p\u00fablica de Barcelona y Catalu\u00f1a, y el embri\u00f3n del Museu de Ci\u00e8ncies Naturals de Barcelona. El arquitecto encargado del dise\u00f1o de este edificio de estilo neocl\u00e1sico \u2014inaugurado [&hellip;]<\/p>\n","protected":false},"author":2,"featured_media":0,"parent":14065,"menu_order":146,"comment_status":"closed","ping_status":"closed","template":"","meta":{"_acf_changed":false,"footnotes":""},"class_list":["post-76278","page","type-page","status-publish","hentry"],"acf":{"activeu_alerta":false,"text_alerta":"","presenta_fills":"no","links_associats":false,"imatge_llistat":false,"nou_carrusel":false,"boto_de_link_o_mail":false,"arxius_adjunts":false,"presenta_peu":false,"img_cap":75632,"tambe_us_pot_interessar":"","segona_part":""},"jetpack_sharing_enabled":true,"_links":{"self":[{"href":"https:\/\/museuciencies.cat\/es\/wp-json\/wp\/v2\/pages\/76278","targetHints":{"allow":["GET"]}}],"collection":[{"href":"https:\/\/museuciencies.cat\/es\/wp-json\/wp\/v2\/pages"}],"about":[{"href":"https:\/\/museuciencies.cat\/es\/wp-json\/wp\/v2\/types\/page"}],"author":[{"embeddable":true,"href":"https:\/\/museuciencies.cat\/es\/wp-json\/wp\/v2\/users\/2"}],"replies":[{"embeddable":true,"href":"https:\/\/museuciencies.cat\/es\/wp-json\/wp\/v2\/comments?post=76278"}],"version-history":[{"count":3,"href":"https:\/\/museuciencies.cat\/es\/wp-json\/wp\/v2\/pages\/76278\/revisions"}],"predecessor-version":[{"id":111939,"href":"https:\/\/museuciencies.cat\/es\/wp-json\/wp\/v2\/pages\/76278\/revisions\/111939"}],"up":[{"embeddable":true,"href":"https:\/\/museuciencies.cat\/es\/wp-json\/wp\/v2\/pages\/14065"}],"wp:attachment":[{"href":"https:\/\/museuciencies.cat\/es\/wp-json\/wp\/v2\/media?parent=76278"}],"curies":[{"name":"wp","href":"https:\/\/api.w.org\/{rel}","templated":true}]}}