{"id":72708,"date":"2019-06-03T12:01:07","date_gmt":"2019-06-03T11:01:07","guid":{"rendered":"https:\/\/museuciencies.cat\/comunicacion\/premi-nat\/premi-nat-2018-2\/"},"modified":"2020-11-10T16:16:58","modified_gmt":"2020-11-10T15:16:58","slug":"premi-nat-2018-2","status":"publish","type":"page","link":"https:\/\/museuciencies.cat\/es\/comunicacion\/premi-nat\/edicions-anteriors\/premi-nat-2018-2\/","title":{"rendered":"Premio Nat 2018"},"content":{"rendered":"<h3>Galardonados Premio Nat 2018<\/h3>\n<div class=\"tlid-input input\">\n<div class=\"source-wrap\">\n<div class=\"input-full-height-wrapper tlid-input-full-height-wrapper\">\n<div class=\"source-input\">\n<div class=\"source-footer-wrap source-or-target-footer\">\n<div class=\"character-count tlid-character-count\"><span title=\"\">En la primera<\/span> <span title=\"\">edici\u00f3n y presentaci\u00f3n<\/span> <span title=\"\">del Premio<\/span> <span title=\"\">Nat<\/span><span title=\"\">, el Museu<\/span>\u00a0<span title=\"\">de Ci\u00e8ncies<\/span> <span title=\"\">Naturals de Barcelona<\/span> <span title=\"\">otorga el<\/span> <span title=\"\">Premio<\/span> <span title=\"\">Nat<\/span> <span title=\"\">2018 a<\/span> <span title=\"\"><strong>Frans<\/strong><\/span><strong> <span title=\"\">de Waal<\/span> <\/strong><span title=\"\">y la<\/span> <span title=\"\">Menci\u00f3n<\/span> <span title=\"\">de Honor<\/span> <span title=\"\">Nat<\/span> <span title=\"\">a<\/span> <strong><span title=\"\">Roser<\/span> <\/strong><span title=\"\"><strong>Nos<\/strong>.<\/span> <span title=\"\">Asimismo, el<\/span> <span title=\"\">Museo ha<\/span> <span class=\"\" title=\"\">determinado<\/span> <span title=\"\">conceder<\/span> <span title=\"\">un Premio<\/span> <span title=\"\">Nat<\/span> <span title=\"\">extraordinario<\/span> <span class=\"\" title=\"\">a la trayectoria<\/span> <span class=\"\" title=\"\">profesional al<\/span> <span title=\"\">gran divulgador<\/span> <strong><span title=\"\">David Attenborough<\/span><\/strong><span title=\"\">.<\/span><\/div>\n<\/div>\n<\/div>\n<\/div>\n<\/div>\n<\/div>\n<h3>Premio Nat 2018<strong><br \/>\n<\/strong><\/h3>\n<p><strong>Dr. Frans del Waal<\/strong>, bi\u00f3logo, primat\u00f3logo y escritor, por la nueva mirada que ofrece sobre la evoluci\u00f3n del comportamiento animal en establecer un paralelismo entre la conducta de los primates y la de los seres humanos en aspectos como la pol\u00edtica, la empat\u00eda o la moralidad y la justicia en las sociedades humanas.<\/p>\n<h3>Menci\u00f3n de Honor Nat 2018<strong><br \/>\n<\/strong><\/h3>\n<p><strong>Roser Nos Ronchera<\/strong>, bi\u00f3loga, por la gran labor cient\u00edfica, divulgativa y formativa que llev\u00f3 a cabo en Barcelona y, especialmente, por el gran reto que asumi\u00f3 de reconectar el Museo de Zoolog\u00eda -que dirigi\u00f3 entre 1978 y 1989- con los ciudadanos de Barcelona a trav\u00e9s de un ambicioso programa de actividades y exposiciones temporales que cambi\u00f3 la manera de aproximar las ciencias naturales al p\u00fablico.<\/p>\n<h3>Premio Nat extraordinario a la trayectoria profesional 2018<\/h3>\n<p><strong>Sir David Attenborough<\/strong>, cient\u00edfico, escritor y naturalista, por ser pionero en la realizaci\u00f3n de documentales sobre la naturaleza y el comportamiento animal, y por ofrecer una nueva mirada e interpretaci\u00f3n de nuestro planeta que ha influido en su conservaci\u00f3n y ha inspirado vocaciones cient\u00edficas.<\/p>\n<p><strong>El Jurado del Premio Nat est\u00e1 formado por:<\/strong><\/p>\n<ul>\n<li>Dacha Atienza, jefa del \u00c1rea Cient\u00edfica del Museu de Ci\u00e8ncies Naturals de Barcelona<\/li>\n<li>Mara Dierssen, directora de investigaci\u00f3n del Centro de Regulaci\u00f3n Gen\u00f3mica de Barcelona<\/li>\n<li>Mart\u00ed Dom\u00ednguez, director de la revista \u00abM\u00e8tode\u00bb y escritor<\/li>\n<li>Xavier Duran,\u00a0 periodista de TV3 y escritor<\/li>\n<li>Teresa Garnatje, directora del Instituto Bot\u00e1nico de Barcelona<\/li>\n<li>Anna Omedes, directora del Museu de Ci\u00e8ncies Naturals de Barcelona<\/li>\n<li>Joandom\u00e8nec Ros, presidente del Institut d\u2019Estudis Catalans<\/li>\n<li>Jordi Serrallonga, secretario t\u00e9cnico del Premio<\/li>\n<\/ul>\n","protected":false},"excerpt":{"rendered":"<p>Galardonados Premio Nat 2018 En la primera edici\u00f3n y presentaci\u00f3n del Premio Nat, el Museu\u00a0de Ci\u00e8ncies Naturals de Barcelona otorga el Premio Nat 2018 a Frans de Waal y la Menci\u00f3n de Honor Nat a Roser Nos. Asimismo, el Museo ha determinado conceder un Premio Nat extraordinario a la trayectoria profesional al gran divulgador David [&hellip;]<\/p>\n","protected":false},"author":2,"featured_media":0,"parent":105034,"menu_order":271,"comment_status":"closed","ping_status":"closed","template":"","meta":{"_acf_changed":false,"footnotes":""},"class_list":["post-72708","page","type-page","status-publish","hentry"],"acf":{"tambe_us_pot_interessar":"","img_cap":62706,"presenta_peu":false,"imatge_llistat":false,"nou_carrusel":false,"boto_de_link_o_mail":false,"arxius_adjunts":false,"links_associats":false,"presenta_fills":"no","activeu_alerta":false,"text_alerta":""},"jetpack_sharing_enabled":true,"_links":{"self":[{"href":"https:\/\/museuciencies.cat\/es\/wp-json\/wp\/v2\/pages\/72708","targetHints":{"allow":["GET"]}}],"collection":[{"href":"https:\/\/museuciencies.cat\/es\/wp-json\/wp\/v2\/pages"}],"about":[{"href":"https:\/\/museuciencies.cat\/es\/wp-json\/wp\/v2\/types\/page"}],"author":[{"embeddable":true,"href":"https:\/\/museuciencies.cat\/es\/wp-json\/wp\/v2\/users\/2"}],"replies":[{"embeddable":true,"href":"https:\/\/museuciencies.cat\/es\/wp-json\/wp\/v2\/comments?post=72708"}],"version-history":[{"count":0,"href":"https:\/\/museuciencies.cat\/es\/wp-json\/wp\/v2\/pages\/72708\/revisions"}],"up":[{"embeddable":true,"href":"https:\/\/museuciencies.cat\/es\/wp-json\/wp\/v2\/pages\/105034"}],"wp:attachment":[{"href":"https:\/\/museuciencies.cat\/es\/wp-json\/wp\/v2\/media?parent=72708"}],"curies":[{"name":"wp","href":"https:\/\/api.w.org\/{rel}","templated":true}]}}