{"id":72698,"date":"2019-06-04T11:11:34","date_gmt":"2019-06-04T10:11:34","guid":{"rendered":"https:\/\/museuciencies.cat\/comunicacion\/premi-nat\/premi-nat-2019\/"},"modified":"2020-11-10T16:22:38","modified_gmt":"2020-11-10T15:22:38","slug":"premi-nat-2019","status":"publish","type":"page","link":"https:\/\/museuciencies.cat\/es\/comunicacion\/premi-nat\/edicions-anteriors\/premi-nat-2019\/","title":{"rendered":"Premio Nat 2019"},"content":{"rendered":"<h3>Galardonados Premio Nat 2019<\/h3>\n<p>En la segunda edici\u00f3n el jurado ha decidido otorgar el <strong>Premio Nat 2019<\/strong> a <strong>Elisabeth Rasekoala<\/strong>, ingeniera qu\u00edmica y presidenta de African Gong, por su lucha en favor de la diversidad, la inclusi\u00f3n sociocultural y de g\u00e9nero en la divulgaci\u00f3n, el aprendizaje y la pr\u00e1ctica de la ciencia, que ha contribuido a la democratizaci\u00f3n de la ciencia, creaci\u00f3n de vocaciones cient\u00edficas y el desarrollo sostenible en \u00c1frica.<\/p>\n<p><iframe loading=\"lazy\" src=\"https:\/\/player.vimeo.com\/video\/342230037\" width=\"640\" height=\"360\" frameborder=\"0\" allowfullscreen=\"allowfullscreen\"><\/iframe><\/p>\n<p><a href=\"https:\/\/vimeo.com\/342230037\">Premio Nat 2019<\/a> del <a href=\"https:\/\/vimeo.com\/museuciencies\">Museu de Ciencies Naturals<\/a> en <a href=\"https:\/\/vimeo.com\">Vimeo<\/a>.<\/p>\n<div class=\"tlid-input input\">\n<div class=\"source-wrap\">\n<div class=\"input-full-height-wrapper tlid-input-full-height-wrapper\">\n<div class=\"source-input\">\n<div class=\"source-footer-wrap source-or-target-footer\">\n<div class=\"character-count tlid-character-count\"><\/div>\n<\/div>\n<\/div>\n<\/div>\n<\/div>\n<\/div>\n<div class=\"tlid-results-container results-container\">\n<div class=\"tlid-result result-dict-wrapper\">\n<div class=\"result tlid-copy-target\">\n<div class=\"result-header\">\n<div class=\"starbutton jfk-button-flat jfk-button unstarred\" tabindex=\"0\" role=\"button\" aria-label=\"Destacar traducci\u00f3n\" data-tooltip=\"Destacar traducci\u00f3n\" data-tooltip-align=\"t,c\">\n<div class=\"jfk-button-img\"><span title=\"\">La<\/span> <strong><span title=\"\">Menci\u00f3n<\/span> <span title=\"\">de Honor<\/span> <span title=\"\">a t\u00edtulo<\/span> <span title=\"\">p\u00f3stumo<\/span> <\/strong><span title=\"\">es<\/span> <span title=\"\">para<\/span>\u00a0<strong><span title=\"\">Jorge<\/span> <span title=\"\">Wagensberg<\/span><\/strong><span title=\"\">,<\/span> <span title=\"\">f\u00edsico<\/span><span title=\"\">,<\/span> <span title=\"\">pensador<\/span> <span title=\"\">y<\/span> <span title=\"\">comunicador<\/span> <span title=\"\">de la ciencia,<\/span> <span title=\"\">por su<\/span> <span title=\"\">gran<\/span> <span title=\"\">aportaci\u00f3n a la<\/span> <span title=\"\">cultura cient\u00edfica<\/span> <span title=\"\">como director<\/span> <span title=\"\">del Museo de la<\/span> <span title=\"\">Ciencia,<\/span> <span title=\"\">despu\u00e9s<\/span> <span title=\"\">transformado en<\/span> <span title=\"\">Cosmocaixa<\/span><span title=\"\">, que cambi\u00f3<\/span> <span title=\"\">el paradigma<\/span> de <span title=\"\">los museos<\/span> <span title=\"\">de ciencia<\/span> <span title=\"\">con una mirada<\/span> <span title=\"\">creativa y<\/span> <span title=\"\">multidisciplinar<\/span> <span title=\"\">con<\/span> <span title=\"\">museograf\u00edas<\/span> <span title=\"\">interactivas<\/span> <span title=\"\">y una<\/span> <span title=\"\">clara vocaci\u00f3n<\/span> <span title=\"\">social.<\/span><\/div>\n<div><\/div>\n<div><\/div>\n<div class=\"jfk-button-img\"><strong><span title=\"\">El<\/span> <span title=\"\">Jurado del Premio<\/span> <span title=\"\">Nat<\/span> <span title=\"\">est\u00e1 formado<\/span> <span class=\"\" title=\"\">por:<\/span><\/strong><\/div>\n<\/div>\n<\/div>\n<\/div>\n<\/div>\n<\/div>\n<ul>\n<li>Dacha Atienza, jefa del \u00c1rea Cient\u00edfica del Museu de Ci\u00e8ncies Naturals de Barcelona<\/li>\n<li>Mara Dierssen, directora de investigaci\u00f3n del Centro de Regulaci\u00f3n Gen\u00f3mica de Barcelona<\/li>\n<li>Mart\u00ed Dom\u00ednguez, director de la revista \u00abM\u00e8tode\u00bb y escritor<\/li>\n<li>Xavier Duran, periodista de TV3 y escritor<\/li>\n<li>Teresa Garnatje, directora del Instituto Bot\u00e1nico de Barcelona<\/li>\n<li>Anna Omedes, directora del Museu de Ci\u00e8ncies Naturals de Barcelona<\/li>\n<li>Joandom\u00e8nec Ros, presidente del Institut d\u2019Estudis Catalans<\/li>\n<li>Jordi Serrallonga, secretario t\u00e9cnico del Premio<\/li>\n<\/ul>\n","protected":false},"excerpt":{"rendered":"<p>Galardonados Premio Nat 2019 En la segunda edici\u00f3n el jurado ha decidido otorgar el Premio Nat 2019 a Elisabeth Rasekoala, ingeniera qu\u00edmica y presidenta de African Gong, por su lucha en favor de la diversidad, la inclusi\u00f3n sociocultural y de g\u00e9nero en la divulgaci\u00f3n, el aprendizaje y la pr\u00e1ctica de la ciencia, que ha contribuido [&hellip;]<\/p>\n","protected":false},"author":2,"featured_media":0,"parent":105034,"menu_order":266,"comment_status":"closed","ping_status":"closed","template":"","meta":{"_acf_changed":false,"footnotes":""},"class_list":["post-72698","page","type-page","status-publish","hentry"],"acf":{"tambe_us_pot_interessar":"","img_cap":62911,"presenta_peu":false,"imatge_llistat":false,"nou_carrusel":false,"boto_de_link_o_mail":false,"arxius_adjunts":false,"links_associats":false,"presenta_fills":"no","activeu_alerta":false,"text_alerta":""},"jetpack_sharing_enabled":true,"_links":{"self":[{"href":"https:\/\/museuciencies.cat\/es\/wp-json\/wp\/v2\/pages\/72698","targetHints":{"allow":["GET"]}}],"collection":[{"href":"https:\/\/museuciencies.cat\/es\/wp-json\/wp\/v2\/pages"}],"about":[{"href":"https:\/\/museuciencies.cat\/es\/wp-json\/wp\/v2\/types\/page"}],"author":[{"embeddable":true,"href":"https:\/\/museuciencies.cat\/es\/wp-json\/wp\/v2\/users\/2"}],"replies":[{"embeddable":true,"href":"https:\/\/museuciencies.cat\/es\/wp-json\/wp\/v2\/comments?post=72698"}],"version-history":[{"count":0,"href":"https:\/\/museuciencies.cat\/es\/wp-json\/wp\/v2\/pages\/72698\/revisions"}],"up":[{"embeddable":true,"href":"https:\/\/museuciencies.cat\/es\/wp-json\/wp\/v2\/pages\/105034"}],"wp:attachment":[{"href":"https:\/\/museuciencies.cat\/es\/wp-json\/wp\/v2\/media?parent=72698"}],"curies":[{"name":"wp","href":"https:\/\/api.w.org\/{rel}","templated":true}]}}