{"id":72615,"date":"2020-10-25T13:21:03","date_gmt":"2020-10-25T12:21:03","guid":{"rendered":"https:\/\/museuciencies.cat\/area-cientifica\/servicio-cientifico-tecnico\/cessio-de-mostres\/"},"modified":"2020-11-03T12:40:34","modified_gmt":"2020-11-03T11:40:34","slug":"cessio-de-mostres","status":"publish","type":"page","link":"https:\/\/museuciencies.cat\/es\/area-cientifica\/servicio-cientifico-tecnico\/cessio-de-mostres\/","title":{"rendered":"Cesi\u00f3n de muestras"},"content":{"rendered":"<p>La\u00a0<strong>cesi\u00f3n de muestras con finalidad de an\u00e1lisis<\/strong>\u00a0tiene lugar cuando el\/a investigador\/a necesita practicar alg\u00fan tipo de an\u00e1lisis de\u00a0alg\u00fan o algunos ejemplares de las colecciones. En este caso, el Museo valora la idoneidad de la cesi\u00f3n puesto que estas muestras no vuelven al Museo y son finitas.<\/p>\n<p>Para cualquier consulta y acuerdo sobre las muestras a solicitar puede ponerse en contacto con los\u00a0<a href=\"https:\/\/museuciencies.cat\/es\/el-nat\/quienes-somos\/equipo\/\">responsables del \u00e1rea de colecciones del Museo<\/a>.<\/p>\n<p>Consulte las <a href=\"https:\/\/museuciencies.cat\/wp-content\/uploads\/2020\/11\/2020_Directrices_cesion_muestra_ESP.pdf\" target=\"_blank\" rel=\"noopener noreferrer\">Directrices para la cesi\u00f3n de muestras del Museu de Ci\u00e8ncies Naturals de Barcelona con finalidad de an\u00e1lisis<\/a> para elaborar la petici\u00f3n y, conocer y aceptar los compromisos de la cesi\u00f3n. Y tambi\u00e9n el f<a href=\"https:\/\/museuciencies.cat\/wp-content\/uploads\/2020\/10\/Formulari_cessio_mostra_trilingue.pdf\" target=\"_blank\" rel=\"noopener noreferrer\">ormulario de acuerdo<\/a> entre el Museo y la Instituci\u00f3n solicitante.<\/p>\n","protected":false},"excerpt":{"rendered":"<p>La\u00a0cesi\u00f3n de muestras con finalidad de an\u00e1lisis\u00a0tiene lugar cuando el\/a investigador\/a necesita practicar alg\u00fan tipo de an\u00e1lisis de\u00a0alg\u00fan o algunos ejemplares de las colecciones. En este caso, el Museo valora la idoneidad de la cesi\u00f3n puesto que estas muestras no vuelven al Museo y son finitas. Para cualquier consulta y acuerdo sobre las muestras a [&hellip;]<\/p>\n","protected":false},"author":2,"featured_media":0,"parent":15367,"menu_order":108,"comment_status":"closed","ping_status":"closed","template":"","meta":{"_acf_changed":false,"footnotes":""},"class_list":["post-72615","page","type-page","status-publish","hentry"],"acf":{"tambe_us_pot_interessar":"","img_cap":23645,"presenta_peu":false,"imatge_llistat":false,"nou_carrusel":false,"boto_de_link_o_mail":false,"arxius_adjunts":false,"links_associats":false,"presenta_fills":"no","activeu_alerta":false,"text_alerta":""},"jetpack_sharing_enabled":true,"_links":{"self":[{"href":"https:\/\/museuciencies.cat\/es\/wp-json\/wp\/v2\/pages\/72615","targetHints":{"allow":["GET"]}}],"collection":[{"href":"https:\/\/museuciencies.cat\/es\/wp-json\/wp\/v2\/pages"}],"about":[{"href":"https:\/\/museuciencies.cat\/es\/wp-json\/wp\/v2\/types\/page"}],"author":[{"embeddable":true,"href":"https:\/\/museuciencies.cat\/es\/wp-json\/wp\/v2\/users\/2"}],"replies":[{"embeddable":true,"href":"https:\/\/museuciencies.cat\/es\/wp-json\/wp\/v2\/comments?post=72615"}],"version-history":[{"count":0,"href":"https:\/\/museuciencies.cat\/es\/wp-json\/wp\/v2\/pages\/72615\/revisions"}],"up":[{"embeddable":true,"href":"https:\/\/museuciencies.cat\/es\/wp-json\/wp\/v2\/pages\/15367"}],"wp:attachment":[{"href":"https:\/\/museuciencies.cat\/es\/wp-json\/wp\/v2\/media?parent=72615"}],"curies":[{"name":"wp","href":"https:\/\/api.w.org\/{rel}","templated":true}]}}