{"id":60630,"date":"2019-03-15T12:38:00","date_gmt":"2019-03-15T11:38:00","guid":{"rendered":"https:\/\/museuciencies.cat\/?page_id=60630\/"},"modified":"2022-11-09T18:00:17","modified_gmt":"2022-11-09T16:00:17","slug":"geoarqueologia-i-arqueometria","status":"publish","type":"page","link":"https:\/\/museuciencies.cat\/es\/area-cientifica\/lineas-de-investigacion\/geoarqueologia-i-arqueometria\/","title":{"rendered":"Geoarqueolog\u00eda y Arqueometr\u00eda"},"content":{"rendered":"<p>Esta nueva l\u00ednea de investigaci\u00f3n estudia los materiales p\u00e9treos y ornamentales a partir de t\u00e9cnicas de caracterizaci\u00f3n mineral\u00f3gica y geol\u00f3gica,\u00a0 para establecer las \u00e1reas fuentes de abastecimiento y la explotaci\u00f3n de los recursos minerales y p\u00e9treos durante el periodo neol\u00edtico.<\/p>\n<p>En esta l\u00ednea se asocian los proyectos de investigaci\u00f3n sobre las Minas de Gav\u00e0 y el proyecto de estudio de Genealog\u00eda y redes en el Argar (MINECO).<\/p>\n<p>La investigaci\u00f3n de esta l\u00ednea se enmarca en la del Grupo \u00abMINRESOUR: recursos minerales, aplicaciones y sostenibilidad\u00bb, grupo de investigaci\u00f3n consolidado reconocido por la Generalitat de Catalunya (SGR 1661).<\/p>\n<p>Los responsables del Museo de esta l\u00ednea de investigaci\u00f3n son Marc Campeny\u00a0 y Yael D\u00edaz Acha.<\/p>\n<h3>Art\u00edculos asociados<\/h3>\n<ul>\n<li><strong>Diaz-Acha, Y.,\u00a0Campeny, M<\/strong>., Melgarejo, J. C., Bosch, J., Andreazini, A., P\u00e1stor, M., Pujol-Sol\u00e0, N., Torr\u00f3, L., Villanova-De Benavent, C., Castillo-Oliver, M., Lehbib, S., Camprub\u00ed, A., Proenza, J. A., Amores, S., Xu, J., Farr\u00e9, J.,\u00a0 2018: Geological context and origin of the mineralizations of the hist\u00f2ric and prehist\u00f2ric iron mines in the Gav\u00e0 area, Catalonia, NE Iberian Peninsula.\u00a0Bolet\u00edn de la Sociedad Geol\u00f3gica Mexicana\u00a0(en premsa).<\/li>\n<li><strong>Diaz-Acha, Y<\/strong>., Melgarejo, J. C., Bosch, J., Andreazini, A., P\u00e1stor, M., Pujol-Sol\u00e0, N.,\u00a0<strong>Campeny, M<\/strong>., Torr\u00f3, L., Villanova-De Benavent, C., Castillo-Oliver, M., Lehbib, S., Camprub\u00ed, A., Proenza, J. A.,\u00a0 2018: The Neolithic variscite mines of Gav\u00e0, Catalonia, NE Iberian Peninsula: criteria for mineral exploration and exploitation in the Prehistory.\u00a0Bolet\u00edn de la Sociedad Geol\u00f3gica Mexicana\u00a0(en premsa).<\/li>\n<li>D\u00edez\u2010Pastor, J. F.,\u00a0 Jorge\u2010Villar, S. E., Arnaiz\u2010Gonz\u00e1lez, A., Garc\u00eda\u2010Osorio, C. I.,\u00a0\u00a0<strong>Diaz-Acha, Y., Campeny, M<\/strong>., Bosch, J., Melgarejo, J. C., 2018: Machine learning algorithms applied to Raman spectra for the identification of variscite originating from the mining complex of Gav\u00e0.\u00a0\u00a0Journal of Raman Spectroscopy, 2018: 1-12.<\/li>\n<\/ul>\n","protected":false},"excerpt":{"rendered":"<p>Esta nueva l\u00ednea de investigaci\u00f3n estudia los materiales p\u00e9treos y ornamentales a partir de t\u00e9cnicas de caracterizaci\u00f3n mineral\u00f3gica y geol\u00f3gica,\u00a0 para establecer las \u00e1reas fuentes de abastecimiento y la explotaci\u00f3n de los recursos minerales y p\u00e9treos durante el periodo neol\u00edtico. En esta l\u00ednea se asocian los proyectos de investigaci\u00f3n sobre las Minas de Gav\u00e0 y [&hellip;]<\/p>\n","protected":false},"author":3,"featured_media":0,"parent":15026,"menu_order":233,"comment_status":"closed","ping_status":"closed","template":"","meta":{"_acf_changed":false,"footnotes":""},"class_list":["post-60630","page","type-page","status-publish","hentry"],"acf":{"tambe_us_pot_interessar":"","img_cap":60824,"presenta_peu":false,"imatge_llistat":false,"nou_carrusel":false,"boto_de_link_o_mail":false,"arxius_adjunts":false,"links_associats":false,"presenta_fills":"no","activeu_alerta":false,"text_alerta":""},"jetpack_sharing_enabled":true,"_links":{"self":[{"href":"https:\/\/museuciencies.cat\/es\/wp-json\/wp\/v2\/pages\/60630","targetHints":{"allow":["GET"]}}],"collection":[{"href":"https:\/\/museuciencies.cat\/es\/wp-json\/wp\/v2\/pages"}],"about":[{"href":"https:\/\/museuciencies.cat\/es\/wp-json\/wp\/v2\/types\/page"}],"author":[{"embeddable":true,"href":"https:\/\/museuciencies.cat\/es\/wp-json\/wp\/v2\/users\/3"}],"replies":[{"embeddable":true,"href":"https:\/\/museuciencies.cat\/es\/wp-json\/wp\/v2\/comments?post=60630"}],"version-history":[{"count":0,"href":"https:\/\/museuciencies.cat\/es\/wp-json\/wp\/v2\/pages\/60630\/revisions"}],"up":[{"embeddable":true,"href":"https:\/\/museuciencies.cat\/es\/wp-json\/wp\/v2\/pages\/15026"}],"wp:attachment":[{"href":"https:\/\/museuciencies.cat\/es\/wp-json\/wp\/v2\/media?parent=60630"}],"curies":[{"name":"wp","href":"https:\/\/api.w.org\/{rel}","templated":true}]}}