{"id":55309,"date":"2018-07-02T08:50:43","date_gmt":"2018-07-02T07:50:43","guid":{"rendered":"https:\/\/museuciencies.cat\/home\/notas-legales\/politica-de-cookies\/"},"modified":"2018-07-02T10:38:44","modified_gmt":"2018-07-02T09:38:44","slug":"politica-de-cookies","status":"publish","type":"page","link":"https:\/\/museuciencies.cat\/es\/home\/notas-legales\/politica-de-cookies\/","title":{"rendered":"Pol\u00edtica de cookies"},"content":{"rendered":"<h3>POL\u00cdTICA DE GALLETAS O COOKIES<\/h3>\n<h3>\u00bfQu\u00e9 son las galletas?<\/h3>\n<p>Una galleta es un fichero que incluye una peque\u00f1a cantidad de datos que se descargan e instalan en un dispositivo durante la navegaci\u00f3n por una p\u00e1gina web. En visitas posteriores a esa p\u00e1gina web, las galletas son reconocidas por el sitio web original o por otros sitios web que est\u00e9n vinculados al mismo. Las galletas o cookies son \u00fatiles porque permiten almacenar y recuperar informaci\u00f3n sobre el n\u00famero de visitantes as\u00ed como los dispositivos y h\u00e1bitos de navegaci\u00f3n de los usuarios; seg\u00fan la informaci\u00f3n contenida en las galletas y la forma en que se utilice el dispositivo, las galletas tambi\u00e9n pueden servir para reconocer a los usuarios. Se puede encontrar m\u00e1s informaci\u00f3n sobre las galletas en www.allaboutcookies.org.<\/p>\n<h3>\u00bfQu\u00e9 tipo de galletas utiliza este sitio web?<\/h3>\n<p>El sitio web\u00a0<a href=\"https:\/\/www.museuciencies.cat\">https:\/\/www.museuciencies.cat<\/a> utiliza los tipos de galletas siguientes:<\/p>\n<p><strong>1. Seg\u00fan su duraci\u00f3n:<\/strong><\/p>\n<ul>\n<li>Galletas de sesi\u00f3n: s\u00f3lo existen durante la sesi\u00f3n que el usuario abre al visitar la p\u00e1gina web. Desaparecen del dispositivo cuando el usuario cierra el navegador o apaga el dispositivo. Si el usuario ha optado por identificarse utilizando otros mecanismos habilitados, se utilizan galletas de sesi\u00f3n que contienen informaci\u00f3n encriptada para diferenciarlo de otros usuarios.<\/li>\n<li>Galletas persistentes: quedan almacenadas en el dispositivo del usuario despu\u00e9s de cerrar el navegador o apagar el dispositivo. Se activan cada vez que el usuario visita el sitio web que cre\u00f3 la galleta en particular. Al visitar el sitio web, un identificador \u00fanico es asignado al usuario, que se asocia a una galleta persistente que se descarga en su navegador.<\/li>\n<\/ul>\n<p><strong>2. Seg\u00fan la entidad que instala las galletas:<\/strong><\/p>\n<ul>\n<li>Galletas propias: la informaci\u00f3n obtenida a trav\u00e9s de estas galletas es administrada por Museuciencies para prestar el servicio solicitado por el usuario.<\/li>\n<li>Galletas de terceros: la informaci\u00f3n obtenida a trav\u00e9s de estas galletas pertenece a Google, Inc., Twitter, Instagram, i Facebook.<\/li>\n<\/ul>\n<p><strong>3. En funci\u00f3n de la finalidad para la que se instalan:<\/strong><\/p>\n<ul>\n<li>Galletas t\u00e9cnicas: permiten al usuario navegar y utilizar las diferentes opciones y servicios ofrecidos en el sitio web, como control del tr\u00e1nsito y comunicaci\u00f3n de datos, identificaci\u00f3n de sesi\u00f3n, solicitudes de informaci\u00f3n, visualizaci\u00f3n de v\u00eddeos, uso de elementos de seguridad durante la navegaci\u00f3n o almacenamiento, divulgaci\u00f3n o uso compartido de contenido.<\/li>\n<li>Galletas anal\u00edticas: registran el n\u00famero de visitantes, miden y analizan estad\u00edsticamente la actividad de los usuarios y crean perfiles de navegaci\u00f3n que permiten introducir mejoras en el sitio web.<\/li>\n<\/ul>\n<p><strong>Breve descripci\u00f3n de las galletas utilizadas en el sitio web y sus efectos:<\/strong><\/p>\n<p><img loading=\"lazy\" decoding=\"async\" data-attachment-id=\"47734\" data-permalink=\"https:\/\/museuciencies.cat\/es\/home\/notas-legales\/taula-cookies-cast\/\" data-orig-file=\"https:\/\/museuciencies.cat\/wp-content\/uploads\/2018\/02\/taula-cookies-cast.jpg\" data-orig-size=\"951,680\" data-comments-opened=\"0\" data-image-meta=\"{&quot;aperture&quot;:&quot;0&quot;,&quot;credit&quot;:&quot;&quot;,&quot;camera&quot;:&quot;&quot;,&quot;caption&quot;:&quot;&quot;,&quot;created_timestamp&quot;:&quot;0&quot;,&quot;copyright&quot;:&quot;&quot;,&quot;focal_length&quot;:&quot;0&quot;,&quot;iso&quot;:&quot;0&quot;,&quot;shutter_speed&quot;:&quot;0&quot;,&quot;title&quot;:&quot;&quot;,&quot;orientation&quot;:&quot;1&quot;}\" data-image-title=\"taula cookies cast\" data-image-description=\"\" data-image-caption=\"\" data-medium-file=\"https:\/\/museuciencies.cat\/wp-content\/uploads\/2018\/02\/taula-cookies-cast-615x440.jpg\" data-large-file=\"https:\/\/museuciencies.cat\/wp-content\/uploads\/2018\/02\/taula-cookies-cast.jpg\" class=\"aligncenter size-medium wp-image-47734\" src=\"https:\/\/museuciencies.cat\/wp-content\/uploads\/2018\/02\/taula-cookies-cast-615x440.jpg\" alt=\"\" width=\"615\" height=\"440\" srcset=\"https:\/\/museuciencies.cat\/wp-content\/uploads\/2018\/02\/taula-cookies-cast-615x440.jpg 615w, https:\/\/museuciencies.cat\/wp-content\/uploads\/2018\/02\/taula-cookies-cast-768x549.jpg 768w, https:\/\/museuciencies.cat\/wp-content\/uploads\/2018\/02\/taula-cookies-cast.jpg 951w\" sizes=\"auto, (max-width: 615px) 100vw, 615px\" \/><\/p>\n<p>Seg\u00fan lo que se notifica en el encabezamiento de la p\u00e1gina principal, se supone que el usuario acepta la instalaci\u00f3n y la utilizaci\u00f3n de las galletas que se mencionan en esta secci\u00f3n si prosigue la navegaci\u00f3n por el sitio web. Si el usuario se niega a instalar las galletas o si tiene desactivada la configuraci\u00f3n de aceptarlas o consentirlas, la navegaci\u00f3n por diferentes secciones del sitio web puede ser limitada. No obstante, la falta de instalaci\u00f3n de cualquier galleta no impide en ning\u00fan caso el ejercicio de los derechos reconocidos legalmente.<\/p>\n<h3>\u00a0\u00bfC\u00f3mo desactivar o eliminar las galletas?<\/h3>\n<p>El usuario puede aceptar la instalaci\u00f3n o desactivaci\u00f3n de estas galletas, as\u00ed como bloquearlas o eliminarlas en cualquier momento, utilizando la configuraci\u00f3n del navegador:<\/p>\n<ul>\n<li>Cookie settings in Internet Explorer &#8211; <a href=\"http:\/\/windows.microsoft.com\/en-us\/windows7\/block-enable-or-allow-cookies\">http:\/\/windows.microsoft.com\/en-us\/windows7\/block-enable-or-allow-cookies<\/a><\/li>\n<li>Cookie settings in Firefox &#8211; <a href=\"https:\/\/support.mozilla.org\/en-US\/kb\/enable-and-disable-cookies-website-preferences\">https:\/\/support.mozilla.org\/en-US\/kb\/enable-and-disable-cookies-website-preferences<\/a><\/li>\n<li>Cookie settings in Google Chrome &#8211; <a href=\"https:\/\/support.google.com\/chrome\/answer\/95647?hl=en\">https:\/\/support.google.com\/chrome\/answer\/95647?hl=en<\/a><\/li>\n<li>Cookie settings in Safari &#8211; <a href=\"https:\/\/support.apple.com\/en-gb\/HT201265\">https:\/\/support.apple.com\/en-gb\/HT201265<\/a><\/li>\n<li>Cookie settings in Windows Phone &#8211; <a href=\"http:\/\/www.windowsphone.com\/en-us\/how-to\/wp7\/web\/changing-privacy-and-other-browser-settings\">http:\/\/www.windowsphone.com\/en-us\/how-to\/wp7\/web\/changing-privacy-and-other-browser-settings<\/a><\/li>\n<\/ul>\n<h3>Actualizaci\u00f3n de la pol\u00edtica de galletas<\/h3>\n<p>El Museo de Ciencias Naturales se reserva el derecho de modificar esta Pol\u00edtica de galletas para cumplir los requisitos legales vigentes o para adaptarla al tipo de galletas utilizadas en este sitio web y solicitar el consentimiento informado de los usuarios cuando la ley lo requiera.<\/p>\n<h3>CITAS<\/h3>\n<p>Se recomienda la cita siguiente:<\/p>\n<p>[Nombre de la p\u00e1gina web], Museuciencies,\u00a0Consorcio del Museu de Ci\u00e8ncies Naturals de Barcelona, <a href=\"http:\/\/www.museuciencies.cat\">http:\/\/www.museuciencies.cat<\/a> \u00a0fecha de la consulta].<\/p>\n<p>&nbsp;<\/p>\n","protected":false},"excerpt":{"rendered":"<p>POL\u00cdTICA DE GALLETAS O COOKIES \u00bfQu\u00e9 son las galletas? Una galleta es un fichero que incluye una peque\u00f1a cantidad de datos que se descargan e instalan en un dispositivo durante la navegaci\u00f3n por una p\u00e1gina web. En visitas posteriores a esa p\u00e1gina web, las galletas son reconocidas por el sitio web original o por otros [&hellip;]<\/p>\n","protected":false},"author":2,"featured_media":0,"parent":47730,"menu_order":18,"comment_status":"closed","ping_status":"closed","template":"","meta":{"_acf_changed":false,"footnotes":""},"class_list":["post-55309","page","type-page","status-publish","hentry"],"acf":{"tambe_us_pot_interessar":"","img_cap":45344,"presenta_peu":false,"imatge_llistat":false,"nou_carrusel":false,"boto_de_link_o_mail":false,"arxius_adjunts":false,"links_associats":false,"presenta_fills":"no","activeu_alerta":false,"text_alerta":""},"jetpack_sharing_enabled":true,"_links":{"self":[{"href":"https:\/\/museuciencies.cat\/es\/wp-json\/wp\/v2\/pages\/55309","targetHints":{"allow":["GET"]}}],"collection":[{"href":"https:\/\/museuciencies.cat\/es\/wp-json\/wp\/v2\/pages"}],"about":[{"href":"https:\/\/museuciencies.cat\/es\/wp-json\/wp\/v2\/types\/page"}],"author":[{"embeddable":true,"href":"https:\/\/museuciencies.cat\/es\/wp-json\/wp\/v2\/users\/2"}],"replies":[{"embeddable":true,"href":"https:\/\/museuciencies.cat\/es\/wp-json\/wp\/v2\/comments?post=55309"}],"version-history":[{"count":0,"href":"https:\/\/museuciencies.cat\/es\/wp-json\/wp\/v2\/pages\/55309\/revisions"}],"up":[{"embeddable":true,"href":"https:\/\/museuciencies.cat\/es\/wp-json\/wp\/v2\/pages\/47730"}],"wp:attachment":[{"href":"https:\/\/museuciencies.cat\/es\/wp-json\/wp\/v2\/media?parent=55309"}],"curies":[{"name":"wp","href":"https:\/\/api.w.org\/{rel}","templated":true}]}}