{"id":55306,"date":"2018-07-02T08:50:39","date_gmt":"2018-07-02T07:50:39","guid":{"rendered":"https:\/\/museuciencies.cat\/home\/notas-legales\/condicions-dus-lloc-web\/"},"modified":"2019-07-22T08:59:05","modified_gmt":"2019-07-22T07:59:05","slug":"condicions-dus-lloc-web","status":"publish","type":"page","link":"https:\/\/museuciencies.cat\/es\/home\/notas-legales\/condicions-dus-lloc-web\/","title":{"rendered":"Condiciones de uso de este sitio web"},"content":{"rendered":"<h3>1. Identificaci\u00f3n<\/h3>\n<p>El sitio web museuciencies\u00a0 <a href=\"https:\/\/www.museuciencies.cat\">https:\/\/www.museuciencies.cat<\/a> es gestionado por el <strong>Consorcio del\u00a0Museu de Ci\u00e8ncies Naturals de Barcelona<\/strong>, cuya direcci\u00f3n corporativa es plaza Leonardo da Vinci, 4-5, 08019 Barcelona (Espa\u00f1a), con NIF Q0801897J y direcci\u00f3n de contacto por correo electr\u00f3nico museuciencies@bcn.cat.<\/p>\n<h3>2. En general<\/h3>\n<p>Al acceder a este sitio web y explorar su contenido, el usuario acepta sin reservas estas condiciones de uso.<\/p>\n<p>Salvo que contravenga la legislaci\u00f3n aplicable, el Museo se reserva el derecho de alterar y actualizar la informaci\u00f3n contenida en esta web, en cualquier momento y sin aviso previo, y de cambiar su configuraci\u00f3n, presentaci\u00f3n y condiciones de uso. El usuario queda autom\u00e1ticamente obligado por estas Condiciones de uso a partir del momento en que accede al sitio y debe estar al corriente de los cambios que se produzcan en el mismo.<\/p>\n<p>El usuario acepta su responsabilidad respecto a la forma de utilizar el sitio web, tanto sus contenidos como los servicios que ofrece. El usuario tambi\u00e9n ser\u00e1 responsable ante el Museo y\/u otras partes de cualquier da\u00f1o que cause al mismo si no respeta estas Condiciones de uso.<\/p>\n<h3>3. Informaci\u00f3n sobre los datos<\/h3>\n<p>La informaci\u00f3n proporcionada por la web proviene de la actividad de los diversos departamentos del Museu de Ci\u00e8ncies Naturals de Barcelona.<\/p>\n<h3>4. Acceso al sitio web<\/h3>\n<p>El Museo no es responsable ante el usuario de los da\u00f1os provocados por el uso de este sitio web ni por ninguna acci\u00f3n que se derive de la informaci\u00f3n proporcionada.<\/p>\n<p>El Museo no es responsable de ning\u00fan fallo de seguridad o desconexi\u00f3n que pueda producirse ni de ning\u00fan da\u00f1o que pueda sufrir el dispositivo del usuario (hardware y software) o cualquier carpeta o documento almacenado debido a la presencia de virus en el dispositivo del usuario. El Museo tampoco es responsable de ning\u00fan mal funcionamiento del navegador o del uso de una versi\u00f3n no actualizada del mismo.<\/p>\n<h3>5. Responsabilidad derivada de los enlaces web<\/h3>\n<p>El Museo no revisa los sitios web externos enlazados a Museuciencies, que son mantenidos por terceras partes que se encuentran fuera del control del Museo, el cual tampoco recomienda o aprueba sus contenidos. El Museo niega de forma expresa responsabilidad alguna por cualquier da\u00f1o sufrido por el usuario derivado de la informaci\u00f3n encontrada en estos sitios web.<\/p>\n<h3>6. Licencias y derechos de reproducci\u00f3n<\/h3>\n<p>Si no se indica lo contrario, los contenidos del sitio web Museuciencies se publican bajo una licencia Creative Commons Attribution-NonCommercial 4.0 International\u00a0<a href=\"https:\/\/creativecommons.org\/licenses\/by-nc\/4.0\/\" target=\"_blank\" rel=\"noopener noreferrer\">(CC BY-NC 4.0)<\/a><\/p>\n<p>Esta licencia permite:<\/p>\n<ul>\n<li>Copiar y redistribuir los contenidos en cualquier medio y formato.<\/li>\n<li>Modificar, combinar y construir nuevos contenidos a partir del material licenciado, con la condici\u00f3n de:<\/li>\n<li>Citar su procedencia de forma clara y apropiada e indicar si se han aplicado modificaciones en los datos.<\/li>\n<li>Redistribuir los datos con una licencia equivalente a la referida aqu\u00ed, sin restricciones adicionales.<\/li>\n<\/ul>\n","protected":false},"excerpt":{"rendered":"<p>1. Identificaci\u00f3n El sitio web museuciencies\u00a0 https:\/\/www.museuciencies.cat es gestionado por el Consorcio del\u00a0Museu de Ci\u00e8ncies Naturals de Barcelona, cuya direcci\u00f3n corporativa es plaza Leonardo da Vinci, 4-5, 08019 Barcelona (Espa\u00f1a), con NIF Q0801897J y direcci\u00f3n de contacto por correo electr\u00f3nico museuciencies@bcn.cat. 2. En general Al acceder a este sitio web y explorar su contenido, el [&hellip;]<\/p>\n","protected":false},"author":2,"featured_media":0,"parent":47730,"menu_order":14,"comment_status":"closed","ping_status":"closed","template":"","meta":{"_acf_changed":false,"footnotes":""},"class_list":["post-55306","page","type-page","status-publish","hentry"],"acf":{"tambe_us_pot_interessar":"","img_cap":45344,"presenta_peu":false,"imatge_llistat":false,"nou_carrusel":false,"boto_de_link_o_mail":false,"arxius_adjunts":false,"links_associats":false,"presenta_fills":"no","activeu_alerta":false,"text_alerta":""},"jetpack_sharing_enabled":true,"_links":{"self":[{"href":"https:\/\/museuciencies.cat\/es\/wp-json\/wp\/v2\/pages\/55306","targetHints":{"allow":["GET"]}}],"collection":[{"href":"https:\/\/museuciencies.cat\/es\/wp-json\/wp\/v2\/pages"}],"about":[{"href":"https:\/\/museuciencies.cat\/es\/wp-json\/wp\/v2\/types\/page"}],"author":[{"embeddable":true,"href":"https:\/\/museuciencies.cat\/es\/wp-json\/wp\/v2\/users\/2"}],"replies":[{"embeddable":true,"href":"https:\/\/museuciencies.cat\/es\/wp-json\/wp\/v2\/comments?post=55306"}],"version-history":[{"count":0,"href":"https:\/\/museuciencies.cat\/es\/wp-json\/wp\/v2\/pages\/55306\/revisions"}],"up":[{"embeddable":true,"href":"https:\/\/museuciencies.cat\/es\/wp-json\/wp\/v2\/pages\/47730"}],"wp:attachment":[{"href":"https:\/\/museuciencies.cat\/es\/wp-json\/wp\/v2\/media?parent=55306"}],"curies":[{"name":"wp","href":"https:\/\/api.w.org\/{rel}","templated":true}]}}