{"id":54153,"date":"2018-12-05T12:06:46","date_gmt":"2018-12-05T11:06:46","guid":{"rendered":"https:\/\/museuciencies.cat\/?page_id=54153\/"},"modified":"2024-11-04T11:10:45","modified_gmt":"2024-11-04T09:10:45","slug":"preparacion-geologica","status":"publish","type":"page","link":"https:\/\/museuciencies.cat\/es\/area-cientifica\/servicio-cientifico-tecnico\/laboratorios-tecnicos\/preparacion-geologica\/","title":{"rendered":"Preparaci\u00f3n geol\u00f3gica"},"content":{"rendered":"<p>El Laboratorio de Preparaci\u00f3n Geol\u00f3gica y Paleontol\u00f3gica (LPGyP) es una infraestructura b\u00e1sica cient\u00edfico-t\u00e9cnica del Museo que funciona como soporte a la actividad de conservaci\u00f3n de las colecciones y la investigaci\u00f3n asociada a ellas. Paralelamente, la escasez de laboratorios con la infraestructura suficiente para absorber la preparaci\u00f3n de materiales geol\u00f3gicos y para estudiar nuevas t\u00e9cnicas de preparaci\u00f3n a un alto nivel hace que el LPGyP sea clave en t\u00e9rminos de servicio tanto interno como externo.<\/p>\n<p class=\"jetpack-slideshow-noscript robots-nocontent\">El pase de diapositivas requiere JavaScript.<\/p><div id=\"gallery-54153-1-slideshow\" class=\"jetpack-slideshow-window jetpack-slideshow jetpack-slideshow-black\" data-trans=\"fade\" data-autostart=\"1\" data-gallery=\"[{&quot;src&quot;:&quot;https:\\\/\\\/museuciencies.cat\\\/wp-content\\\/uploads\\\/2018\\\/12\\\/IMG_9898-e1600083202950.jpg&quot;,&quot;id&quot;:&quot;58212&quot;,&quot;title&quot;:&quot;IMG_9898&quot;,&quot;alt&quot;:&quot;&quot;,&quot;caption&quot;:&quot;Muestra&quot;,&quot;itemprop&quot;:&quot;image&quot;},{&quot;src&quot;:&quot;https:\\\/\\\/museuciencies.cat\\\/wp-content\\\/uploads\\\/2018\\\/12\\\/IMG_9899-e1600083234642.jpg&quot;,&quot;id&quot;:&quot;58220&quot;,&quot;title&quot;:&quot;IMG_9899&quot;,&quot;alt&quot;:&quot;&quot;,&quot;caption&quot;:&quot;Taco de la muestra&quot;,&quot;itemprop&quot;:&quot;image&quot;},{&quot;src&quot;:&quot;https:\\\/\\\/museuciencies.cat\\\/wp-content\\\/uploads\\\/2018\\\/12\\\/IMG_9900-e1600083261731.jpg&quot;,&quot;id&quot;:&quot;58224&quot;,&quot;title&quot;:&quot;IMG_9900&quot;,&quot;alt&quot;:&quot;&quot;,&quot;caption&quot;:&quot;Taco enganchado a un portaobjetos&quot;,&quot;itemprop&quot;:&quot;image&quot;},{&quot;src&quot;:&quot;https:\\\/\\\/museuciencies.cat\\\/wp-content\\\/uploads\\\/2018\\\/12\\\/IMG_9901-e1600083286125.jpg&quot;,&quot;id&quot;:&quot;58228&quot;,&quot;title&quot;:&quot;IMG_9901&quot;,&quot;alt&quot;:&quot;&quot;,&quot;caption&quot;:&quot;L\\u00e1mina delgada&quot;,&quot;itemprop&quot;:&quot;image&quot;},{&quot;src&quot;:&quot;https:\\\/\\\/museuciencies.cat\\\/wp-content\\\/uploads\\\/2018\\\/12\\\/IMG_9902-e1600083312634.jpg&quot;,&quot;id&quot;:&quot;58216&quot;,&quot;title&quot;:&quot;IMG_9902&quot;,&quot;alt&quot;:&quot;&quot;,&quot;caption&quot;:&quot;Material de la colecci\\u00f3n de Paleontolog\\u00eda&quot;,&quot;itemprop&quot;:&quot;image&quot;},{&quot;src&quot;:&quot;https:\\\/\\\/museuciencies.cat\\\/wp-content\\\/uploads\\\/2018\\\/12\\\/64072-web.jpg&quot;,&quot;id&quot;:&quot;58208&quot;,&quot;title&quot;:&quot;64072 web&quot;,&quot;alt&quot;:&quot;&quot;,&quot;caption&quot;:&quot;Foto l\\u00e1mina delgada MGB-61072&quot;,&quot;itemprop&quot;:&quot;image&quot;}]\" itemscope itemtype=\"https:\/\/schema.org\/ImageGallery\"><\/div>\n<p style=\"text-align: center;\"><em>Proceso de preparaci\u00f3n de una l\u00e1mina delgada de una roca<\/em><\/p>\n<p>El LPGyP ofrece un amplio abanico de servicios dentro de las preparaciones geol\u00f3gicas y paleontol\u00f3gicas.<\/p>\n<p>La elaboraci\u00f3n de las diferentes preparaciones se realiza siguiendo protocolos ya establecidos, los cuales est\u00e1n en constante revisi\u00f3n y actualizaci\u00f3n para adaptarlos a la aparici\u00f3n de nuevas necesidades y materiales.<\/p>\n<h3>Contacto<\/h3>\n<ul>\n<li>Correo electr\u00f3nico: lpgip.mcnb(arroba)bcn.cat<\/li>\n<li>Tel\u00e9fono: 932562187<\/li>\n<li>Direcci\u00f3n: Laboratorio de Preparaci\u00f3n de Geolog\u00eda-Paleontolog\u00eda, Passeig Picasso s\/n, 08003, Barcelona<\/li>\n<\/ul>\n<p>&nbsp;<\/p>\n","protected":false},"excerpt":{"rendered":"<p>El Laboratorio de Preparaci\u00f3n Geol\u00f3gica y Paleontol\u00f3gica (LPGyP) es una infraestructura b\u00e1sica cient\u00edfico-t\u00e9cnica del Museo que funciona como soporte a la actividad de conservaci\u00f3n de las colecciones y la investigaci\u00f3n asociada a ellas. Paralelamente, la escasez de laboratorios con la infraestructura suficiente para absorber la preparaci\u00f3n de materiales geol\u00f3gicos y para estudiar nuevas t\u00e9cnicas de [&hellip;]<\/p>\n","protected":false},"author":2,"featured_media":0,"parent":15399,"menu_order":39,"comment_status":"closed","ping_status":"closed","template":"page-fills-departaments-cientifics.php","meta":{"_acf_changed":false,"footnotes":""},"class_list":["post-54153","page","type-page","status-publish","hentry"],"acf":{"text_equip":"","text_projectes":"<p>El LPGyP lleva a cabo toda una serie de tareas que se resumen en estas l\u00edneas de trabajo:<\/p>\n<ul>\n<li>Evaluaci\u00f3n de la calidad de las l\u00e1minas delgadas y del resto de servicios.<\/li>\n<li>Elaboraci\u00f3n de protocolos de trabajo y su estandarizaci\u00f3n. Seguimiento y actualizaci\u00f3n de los protocolos ya establecidos<\/li>\n<li>Seguimiento y estudio del comportamiento de los materiales aplicados a las preparaciones, como per ejemplo el estudio del comportamiento de resinas consolidantes a lo largo del tiempo.<\/li>\n<li>Formaci\u00f3n y difusi\u00f3n de las metodolog\u00edas estandarizadas de preparaci\u00f3n geol\u00f3gica dirigida a otros museos, estudiantes, centros de investigaci\u00f3n y PYMES.<\/li>\n<li>Creaci\u00f3n de material para las colecciones pedag\u00f3gicas de geolog\u00eda y paleontolog\u00eda del Museo.<\/li>\n<\/ul>\n","llista_projectes":false,"text_publicacions":"","llista_publicacions":false,"text_serveis":"","llista_servies":false,"text_memories":"","llista_memories":false,"text_recursos":"<p><strong>Maquinaria<\/strong><br \/>\nEl equipo actual del LPGyP consiste en maquinaria de precisi\u00f3n como:<\/p>\n<p class=\"jetpack-slideshow-noscript robots-nocontent\">El pase de diapositivas requiere JavaScript.<\/p><div id=\"gallery-54153-2-slideshow\" class=\"jetpack-slideshow-window jetpack-slideshow jetpack-slideshow-black\" data-trans=\"fade\" data-autostart=\"1\" data-gallery=\"[{&quot;src&quot;:&quot;https:\\\/\\\/museuciencies.cat\\\/wp-content\\\/uploads\\\/2018\\\/12\\\/IMG_9877.jpg&quot;,&quot;id&quot;:&quot;58233&quot;,&quot;title&quot;:&quot;IMG_9877&quot;,&quot;alt&quot;:&quot;&quot;,&quot;caption&quot;:&quot;Sierra&quot;,&quot;itemprop&quot;:&quot;image&quot;},{&quot;src&quot;:&quot;https:\\\/\\\/museuciencies.cat\\\/wp-content\\\/uploads\\\/2018\\\/12\\\/IMG_9878.jpg&quot;,&quot;id&quot;:&quot;58237&quot;,&quot;title&quot;:&quot;IMG_9878&quot;,&quot;alt&quot;:&quot;&quot;,&quot;caption&quot;:&quot;Pulidora metalogr\\u00e1fica&quot;,&quot;itemprop&quot;:&quot;image&quot;},{&quot;src&quot;:&quot;https:\\\/\\\/museuciencies.cat\\\/wp-content\\\/uploads\\\/2018\\\/12\\\/IMG_9879.jpg&quot;,&quot;id&quot;:&quot;58241&quot;,&quot;title&quot;:&quot;IMG_9879&quot;,&quot;alt&quot;:&quot;&quot;,&quot;caption&quot;:&quot;Pulidora doble platina&quot;,&quot;itemprop&quot;:&quot;image&quot;},{&quot;src&quot;:&quot;https:\\\/\\\/museuciencies.cat\\\/wp-content\\\/uploads\\\/2018\\\/12\\\/IMG_9880.jpg&quot;,&quot;id&quot;:&quot;58245&quot;,&quot;title&quot;:&quot;IMG_9880&quot;,&quot;alt&quot;:&quot;&quot;,&quot;caption&quot;:&quot;Sierra para la realizaci\\u00f3n de l\\u00e1minas delgadas&quot;,&quot;itemprop&quot;:&quot;image&quot;},{&quot;src&quot;:&quot;https:\\\/\\\/museuciencies.cat\\\/wp-content\\\/uploads\\\/2018\\\/12\\\/IMG_9881.jpg&quot;,&quot;id&quot;:&quot;58249&quot;,&quot;title&quot;:&quot;IMG_9881&quot;,&quot;alt&quot;:&quot;&quot;,&quot;caption&quot;:&quot;L\\u00e1mpara de luz ultravioleta&quot;,&quot;itemprop&quot;:&quot;image&quot;},{&quot;src&quot;:&quot;https:\\\/\\\/museuciencies.cat\\\/wp-content\\\/uploads\\\/2018\\\/12\\\/IMG_9882.jpg&quot;,&quot;id&quot;:&quot;58253&quot;,&quot;title&quot;:&quot;IMG_9882&quot;,&quot;alt&quot;:&quot;&quot;,&quot;caption&quot;:&quot;Sierra de baja velocidad&quot;,&quot;itemprop&quot;:&quot;image&quot;},{&quot;src&quot;:&quot;https:\\\/\\\/museuciencies.cat\\\/wp-content\\\/uploads\\\/2018\\\/12\\\/IMG_9883.jpg&quot;,&quot;id&quot;:&quot;58257&quot;,&quot;title&quot;:&quot;IMG_9883&quot;,&quot;alt&quot;:&quot;&quot;,&quot;caption&quot;:&quot;Microscopio petrogr\\u00e1fico&quot;,&quot;itemprop&quot;:&quot;image&quot;},{&quot;src&quot;:&quot;https:\\\/\\\/museuciencies.cat\\\/wp-content\\\/uploads\\\/2018\\\/12\\\/IMG_9884.jpg&quot;,&quot;id&quot;:&quot;58261&quot;,&quot;title&quot;:&quot;IMG_9884&quot;,&quot;alt&quot;:&quot;&quot;,&quot;caption&quot;:&quot;Bomba y cabina de vac\\u00edo&quot;,&quot;itemprop&quot;:&quot;image&quot;}]\" itemscope itemtype=\"https:\/\/schema.org\/ImageGallery\"><\/div>\n<p>1) Sierras manuales.<br \/>\n2) Pulidora de doble plato.<br \/>\n3) Microabras\u00edmetro.<br \/>\n4) Percutor neum\u00e1tico.<br \/>\n5) Placa calefactora y Horno (Secado de muestras).<br \/>\n6) L\u00e1mpara UV.<br \/>\n7) Lupa binocular.<br \/>\n8) Cubeta de ultrasonidos (Limpieza de muestras).<br \/>\n9) Sierra de corte Discoplan-TS (Preparaci\u00f3n de l\u00e1minas delgadas).<br \/>\n10) Microscopio petrogr\u00e1fico.<br \/>\n11) Pulidora metalogr\u00e1fica.<br \/>\n12) Sierra de baja velocidad.<br \/>\n13) Bomba + cabina de vac\u00edo.<\/p>\n","llista_recursos":false,"tambe_us_pot_interessar":"","img_cap":58181,"presenta_peu":false,"imatge_llistat":{"ID":53147,"id":53147,"title":"Sagrada_Familia_8_Micrografia_Lamian_prima_Porfir","filename":"Sagrada_Familia_8_Micrografia_Lamian_prima_Porfir.jpg","filesize":565925,"url":"https:\/\/museuciencies.cat\/wp-content\/uploads\/2018\/04\/Sagrada_Familia_8_Micrografia_Lamian_prima_Porfir.jpg","link":"https:\/\/museuciencies.cat\/es\/area-cientifica\/serveis-cientifico-tecnics\/laboratoris-tecnics\/preparacio-geologica\/sagrada_familia_8_micrografia_lamian_prima_porfir-2\/","alt":"","author":"2","description":"","caption":"","name":"sagrada_familia_8_micrografia_lamian_prima_porfir-2","status":"inherit","uploaded_to":52783,"date":"2018-04-19 10:29:02","modified":"2018-04-19 10:29:02","menu_order":0,"mime_type":"image\/jpeg","type":"image","subtype":"jpeg","icon":"https:\/\/museuciencies.cat\/wp-includes\/images\/media\/default.png","width":526,"height":335,"sizes":{"thumbnail":"https:\/\/museuciencies.cat\/wp-content\/uploads\/2018\/04\/Sagrada_Familia_8_Micrografia_Lamian_prima_Porfir-360x335.jpg","thumbnail-width":360,"thumbnail-height":335,"medium":"https:\/\/museuciencies.cat\/wp-content\/uploads\/2018\/04\/Sagrada_Familia_8_Micrografia_Lamian_prima_Porfir.jpg","medium-width":526,"medium-height":335,"medium_large":"https:\/\/museuciencies.cat\/wp-content\/uploads\/2018\/04\/Sagrada_Familia_8_Micrografia_Lamian_prima_Porfir.jpg","medium_large-width":526,"medium_large-height":335,"large":"https:\/\/museuciencies.cat\/wp-content\/uploads\/2018\/04\/Sagrada_Familia_8_Micrografia_Lamian_prima_Porfir.jpg","large-width":526,"large-height":335,"1536x1536":"https:\/\/museuciencies.cat\/wp-content\/uploads\/2018\/04\/Sagrada_Familia_8_Micrografia_Lamian_prima_Porfir.jpg","1536x1536-width":526,"1536x1536-height":335,"2048x2048":"https:\/\/museuciencies.cat\/wp-content\/uploads\/2018\/04\/Sagrada_Familia_8_Micrografia_Lamian_prima_Porfir.jpg","2048x2048-width":526,"2048x2048-height":335,"mobil":"https:\/\/museuciencies.cat\/wp-content\/uploads\/2018\/04\/Sagrada_Familia_8_Micrografia_Lamian_prima_Porfir.jpg","mobil-width":414,"mobil-height":264,"tablet":"https:\/\/museuciencies.cat\/wp-content\/uploads\/2018\/04\/Sagrada_Familia_8_Micrografia_Lamian_prima_Porfir.jpg","tablet-width":526,"tablet-height":335,"portada_sobretaula":"https:\/\/museuciencies.cat\/wp-content\/uploads\/2018\/04\/Sagrada_Familia_8_Micrografia_Lamian_prima_Porfir.jpg","portada_sobretaula-width":526,"portada_sobretaula-height":335,"capcalera_sobretaula":"https:\/\/museuciencies.cat\/wp-content\/uploads\/2018\/04\/Sagrada_Familia_8_Micrografia_Lamian_prima_Porfir.jpg","capcalera_sobretaula-width":526,"capcalera_sobretaula-height":335,"thumb-noticia":"https:\/\/museuciencies.cat\/wp-content\/uploads\/2018\/04\/Sagrada_Familia_8_Micrografia_Lamian_prima_Porfir.jpg","thumb-noticia-width":495,"thumb-noticia-height":315}},"nou_carrusel":false,"boto_de_link_o_mail":false,"arxius_adjunts":false,"links_associats":false,"presenta_fills":"no","llista_equip_museu":[{"ID":18624,"post_author":"1","post_date":"2014-05-12 11:11:50","post_date_gmt":"2014-05-12 11:11:50","post_content":"","post_title":"Eul\u00e0lia Garcia","post_excerpt":"","post_status":"publish","comment_status":"closed","ping_status":"closed","post_password":"","post_name":"eulalia-garcia","to_ping":"","pinged":"","post_modified":"2024-08-29 12:09:10","post_modified_gmt":"2024-08-29 10:09:10","post_content_filtered":"","post_parent":0,"guid":"http:\/\/museuciencies.cat\/equip-huma\/eulalia-garcia-2\/","menu_order":29,"post_type":"equip-huma","post_mime_type":"","comment_count":"0","filter":"raw"},{"ID":38197,"post_author":"2","post_date":"2016-12-21 11:28:01","post_date_gmt":"2016-12-21 11:28:01","post_content":"","post_title":"Marc Campeny","post_excerpt":"","post_status":"publish","comment_status":"closed","ping_status":"closed","post_password":"","post_name":"marc-campeny","to_ping":"","pinged":"","post_modified":"2024-08-29 12:31:29","post_modified_gmt":"2024-08-29 10:31:29","post_content_filtered":"","post_parent":0,"guid":"http:\/\/museuciencies.cat\/es\/equip-huma\/marc-campeny\/","menu_order":0,"post_type":"equip-huma","post_mime_type":"","comment_count":"0","filter":"raw"},{"ID":18595,"post_author":"3","post_date":"2014-05-12 16:57:59","post_date_gmt":"2014-05-12 16:57:59","post_content":"","post_title":"Yael D\u00edaz","post_excerpt":"","post_status":"publish","comment_status":"closed","ping_status":"closed","post_password":"","post_name":"yael-diaz","to_ping":"","pinged":"","post_modified":"2024-08-29 14:20:09","post_modified_gmt":"2024-08-29 12:20:09","post_content_filtered":"","post_parent":0,"guid":"http:\/\/museuciencies.cat\/equip-huma\/yael-diaz-2\/","menu_order":29,"post_type":"equip-huma","post_mime_type":"","comment_count":"0","filter":"raw"}],"llista_investigadors":[{"nom":"Gerard Lucena","especialitat":"Preparador. Servicios externos. Laboratorio de Preparaci\u00f3n Geol\u00f3gica y Paleontol\u00f3gica","procedencia":"","institucio":"","link_institucio":""}],"tipologia_de_colaborador":[{"tipus_de_colaboracio":"Investigaci\u00f3 i desenvolupament","descripcio_del_tipus":"","colaboradors":[{"nom":"Alejandro Gallardo","especialitat":"Micropaleontologia","procedencia":"Universitat de Barcelona","institucio":"","link_institucio":"http:\/\/"}]}],"llista_estudiants":false,"descripcio":"","llista_voluntaris":false,"activeu_alerta":false,"text_alerta":"","segona_part":""},"jetpack_sharing_enabled":true,"_links":{"self":[{"href":"https:\/\/museuciencies.cat\/es\/wp-json\/wp\/v2\/pages\/54153","targetHints":{"allow":["GET"]}}],"collection":[{"href":"https:\/\/museuciencies.cat\/es\/wp-json\/wp\/v2\/pages"}],"about":[{"href":"https:\/\/museuciencies.cat\/es\/wp-json\/wp\/v2\/types\/page"}],"author":[{"embeddable":true,"href":"https:\/\/museuciencies.cat\/es\/wp-json\/wp\/v2\/users\/2"}],"replies":[{"embeddable":true,"href":"https:\/\/museuciencies.cat\/es\/wp-json\/wp\/v2\/comments?post=54153"}],"version-history":[{"count":6,"href":"https:\/\/museuciencies.cat\/es\/wp-json\/wp\/v2\/pages\/54153\/revisions"}],"predecessor-version":[{"id":114461,"href":"https:\/\/museuciencies.cat\/es\/wp-json\/wp\/v2\/pages\/54153\/revisions\/114461"}],"up":[{"embeddable":true,"href":"https:\/\/museuciencies.cat\/es\/wp-json\/wp\/v2\/pages\/15399"}],"wp:attachment":[{"href":"https:\/\/museuciencies.cat\/es\/wp-json\/wp\/v2\/media?parent=54153"}],"curies":[{"name":"wp","href":"https:\/\/api.w.org\/{rel}","templated":true}]}}