{"id":53100,"date":"2015-12-16T10:55:25","date_gmt":"2015-12-16T10:55:25","guid":{"rendered":"https:\/\/museuciencies.cat\/el-nat\/quienes-somos\/espacio-de-transparencia\/area-judirica\/"},"modified":"2018-04-16T16:45:20","modified_gmt":"2018-04-16T15:45:20","slug":"area-judirica","status":"publish","type":"page","link":"https:\/\/museuciencies.cat\/es\/el-nat\/quienes-somos\/espacio-de-transparencia\/area-judirica\/","title":{"rendered":"\u00c1rea jud\u00edrica"},"content":{"rendered":"<p>En estos momentos estamos actualizando la informaci\u00f3n. Disculpen las molestias.<\/p>\n","protected":false},"excerpt":{"rendered":"<p>En estos momentos estamos actualizando la informaci\u00f3n. Disculpen las molestias.<\/p>\n","protected":false},"author":2,"featured_media":0,"parent":52999,"menu_order":73,"comment_status":"closed","ping_status":"closed","template":"","meta":{"_acf_changed":false,"footnotes":""},"class_list":["post-53100","page","type-page","status-publish","hentry"],"acf":{"presenta_peu":false,"img_cap":22270,"tambe_us_pot_interessar":"","imatge_llistat":false,"nou_carrusel":false,"boto_de_link_o_mail":false,"arxius_adjunts":false,"links_associats":false,"presenta_fills":"si","activeu_alerta":false,"text_alerta":""},"jetpack_sharing_enabled":true,"_links":{"self":[{"href":"https:\/\/museuciencies.cat\/es\/wp-json\/wp\/v2\/pages\/53100","targetHints":{"allow":["GET"]}}],"collection":[{"href":"https:\/\/museuciencies.cat\/es\/wp-json\/wp\/v2\/pages"}],"about":[{"href":"https:\/\/museuciencies.cat\/es\/wp-json\/wp\/v2\/types\/page"}],"author":[{"embeddable":true,"href":"https:\/\/museuciencies.cat\/es\/wp-json\/wp\/v2\/users\/2"}],"replies":[{"embeddable":true,"href":"https:\/\/museuciencies.cat\/es\/wp-json\/wp\/v2\/comments?post=53100"}],"version-history":[{"count":0,"href":"https:\/\/museuciencies.cat\/es\/wp-json\/wp\/v2\/pages\/53100\/revisions"}],"up":[{"embeddable":true,"href":"https:\/\/museuciencies.cat\/es\/wp-json\/wp\/v2\/pages\/52999"}],"wp:attachment":[{"href":"https:\/\/museuciencies.cat\/es\/wp-json\/wp\/v2\/media?parent=53100"}],"curies":[{"name":"wp","href":"https:\/\/api.w.org\/{rel}","templated":true}]}}