{"id":52999,"date":"2015-12-10T10:34:26","date_gmt":"2015-12-10T10:34:26","guid":{"rendered":"https:\/\/museuciencies.cat\/el-nat\/quienes-somos\/espai-de-transparencia\/"},"modified":"2018-04-16T17:06:24","modified_gmt":"2018-04-16T16:06:24","slug":"espacio-de-transparencia","status":"publish","type":"page","link":"https:\/\/museuciencies.cat\/es\/el-nat\/quienes-somos\/espacio-de-transparencia\/","title":{"rendered":"Espacio de Transparencia"},"content":{"rendered":"<p>Este espacio tiene por objetivo facilitar el acceso a la informaci\u00f3n p\u00fablica del Consorcio del Museu de Ci\u00e8ncies Naturals de manera clara, ordenada y comprensible, de acuerdo con la normativa vigente (<a href=\"http:\/\/portaldogc.gencat.cat\/utilsEADOP\/PDF\/6780\/1395384.pdf\">Llei 19\/2014, del 29 de desembre, de transpar\u00e8ncia, acc\u00e9s a la informaci\u00f3 p\u00fablica i bon govern<\/a>).<\/p>\n<p>&nbsp;<\/p>\n","protected":false},"excerpt":{"rendered":"<p>Este espacio tiene por objetivo facilitar el acceso a la informaci\u00f3n p\u00fablica del Consorcio del Museu de Ci\u00e8ncies Naturals de manera clara, ordenada y comprensible, de acuerdo con la normativa vigente (Llei 19\/2014, del 29 de desembre, de transpar\u00e8ncia, acc\u00e9s a la informaci\u00f3 p\u00fablica i bon govern). &nbsp;<\/p>\n","protected":false},"author":2,"featured_media":0,"parent":45413,"menu_order":20,"comment_status":"closed","ping_status":"closed","template":"","meta":{"_acf_changed":false,"footnotes":""},"class_list":["post-52999","page","type-page","status-publish","hentry"],"acf":{"imatge_llistat":false,"presenta_peu":false,"img_cap":22270,"tambe_us_pot_interessar":"","text_alerta":"","activeu_alerta":false,"presenta_fills":"no","links_associats":false,"arxius_adjunts":false,"nou_carrusel":false,"boto_de_link_o_mail":false},"jetpack_sharing_enabled":true,"_links":{"self":[{"href":"https:\/\/museuciencies.cat\/es\/wp-json\/wp\/v2\/pages\/52999","targetHints":{"allow":["GET"]}}],"collection":[{"href":"https:\/\/museuciencies.cat\/es\/wp-json\/wp\/v2\/pages"}],"about":[{"href":"https:\/\/museuciencies.cat\/es\/wp-json\/wp\/v2\/types\/page"}],"author":[{"embeddable":true,"href":"https:\/\/museuciencies.cat\/es\/wp-json\/wp\/v2\/users\/2"}],"replies":[{"embeddable":true,"href":"https:\/\/museuciencies.cat\/es\/wp-json\/wp\/v2\/comments?post=52999"}],"version-history":[{"count":0,"href":"https:\/\/museuciencies.cat\/es\/wp-json\/wp\/v2\/pages\/52999\/revisions"}],"up":[{"embeddable":true,"href":"https:\/\/museuciencies.cat\/es\/wp-json\/wp\/v2\/pages\/45413"}],"wp:attachment":[{"href":"https:\/\/museuciencies.cat\/es\/wp-json\/wp\/v2\/media?parent=52999"}],"curies":[{"name":"wp","href":"https:\/\/api.w.org\/{rel}","templated":true}]}}