{"id":51788,"date":"2018-03-15T17:58:15","date_gmt":"2018-03-15T16:58:15","guid":{"rendered":"https:\/\/museuciencies.cat\/el-nat\/quienes-somos\/somos-miembros-de\/internacionales\/international-association-of-sound-and-audiovisual-archives\/"},"modified":"2018-03-15T18:05:35","modified_gmt":"2018-03-15T17:05:35","slug":"international-association-of-sound-and-audiovisual-archives","status":"publish","type":"page","link":"https:\/\/museuciencies.cat\/es\/el-nat\/quienes-somos\/somos-miembros-de\/internacionales\/international-association-of-sound-and-audiovisual-archives\/","title":{"rendered":"International Association of Sound and Audiovisual Archives"},"content":{"rendered":"<p><a href=\"https:\/\/www.iasa-web.org\/es\/sobre-iasa\" target=\"_blank\" rel=\"noopener\">La Asociaci\u00f3n Internacional de Archivos Sonoros y Audiovisuales (IASA)<\/a> se estableci\u00f3 en 1969 en Amsterdam para funcionar como un medio para la cooperaci\u00f3n internacional entre los archivos que conservan registros sonoros y audiovisuales.<\/p>\n<p>IASA tiene miembros de 70 pa\u00edses que representan una amplia paleta de archivos audiovisuales e intereses personales que se distinguen por su enfoque en temas y \u00e1reas particulares como, por ejemplo, archivos de todo tipo de grabaciones musicales, hist\u00f3ricas, literarias, documentos sonoros folkl\u00f3ricos, etnol\u00f3gicos, producciones teatrales y entrevistas de historia oral, bio-ac\u00fastica, sonidos ambientales y terap\u00e9uticos, grabaciones de lenguas y dialectos, as\u00ed como grabaciones con finalidades forenses.<\/p>\n","protected":false},"excerpt":{"rendered":"<p>La Asociaci\u00f3n Internacional de Archivos Sonoros y Audiovisuales (IASA) se estableci\u00f3 en 1969 en Amsterdam para funcionar como un medio para la cooperaci\u00f3n internacional entre los archivos que conservan registros sonoros y audiovisuales. IASA tiene miembros de 70 pa\u00edses que representan una amplia paleta de archivos audiovisuales e intereses personales que se distinguen por su [&hellip;]<\/p>\n","protected":false},"author":2,"featured_media":0,"parent":22016,"menu_order":76,"comment_status":"closed","ping_status":"closed","template":"","meta":{"_acf_changed":false,"footnotes":""},"class_list":["post-51788","page","type-page","status-publish","hentry"],"acf":{"tambe_us_pot_interessar":"","img_cap":false,"presenta_peu":false,"imatge_llistat":false,"nou_carrusel":false,"boto_de_link_o_mail":false,"arxius_adjunts":false,"links_associats":false,"presenta_fills":"no","activeu_alerta":false,"text_alerta":""},"jetpack_sharing_enabled":true,"_links":{"self":[{"href":"https:\/\/museuciencies.cat\/es\/wp-json\/wp\/v2\/pages\/51788","targetHints":{"allow":["GET"]}}],"collection":[{"href":"https:\/\/museuciencies.cat\/es\/wp-json\/wp\/v2\/pages"}],"about":[{"href":"https:\/\/museuciencies.cat\/es\/wp-json\/wp\/v2\/types\/page"}],"author":[{"embeddable":true,"href":"https:\/\/museuciencies.cat\/es\/wp-json\/wp\/v2\/users\/2"}],"replies":[{"embeddable":true,"href":"https:\/\/museuciencies.cat\/es\/wp-json\/wp\/v2\/comments?post=51788"}],"version-history":[{"count":0,"href":"https:\/\/museuciencies.cat\/es\/wp-json\/wp\/v2\/pages\/51788\/revisions"}],"up":[{"embeddable":true,"href":"https:\/\/museuciencies.cat\/es\/wp-json\/wp\/v2\/pages\/22016"}],"wp:attachment":[{"href":"https:\/\/museuciencies.cat\/es\/wp-json\/wp\/v2\/media?parent=51788"}],"curies":[{"name":"wp","href":"https:\/\/api.w.org\/{rel}","templated":true}]}}