{"id":45717,"date":"2017-11-28T18:00:15","date_gmt":"2017-11-28T16:00:15","guid":{"rendered":"http:\/\/museuciencies.cat\/visitanos\/exposiciones\/no-tho-perdis\/"},"modified":"2017-12-05T13:28:56","modified_gmt":"2017-12-05T11:28:56","slug":"no-te-lo-pierdas","status":"publish","type":"page","link":"https:\/\/museuciencies.cat\/es\/visitanos\/exposiciones\/no-te-lo-pierdas\/","title":{"rendered":"No te lo pierdas"},"content":{"rendered":"<p>En este apartado descubrir\u00e1s algunas de las piezas m\u00e1s emblem\u00e1ticas del Museo y del Jard\u00edn Bot\u00e1nico::<\/p>\n<ul>\n<li><a href=\"\/es\/el-nat\/las-sedes\/museo-de-ciencias-naturales-de-barcelona\/no-te-lo-pierdas\/\" target=\"_blank\" rel=\"noopener\">No te lo pierdas del Museo<\/a><\/li>\n<li><a href=\"\/es\/el-nat\/las-sedes\/jardin-botanico-de-barcelona\/no-te-lo-pierdas\/\" target=\"_blank\" rel=\"noopener\">No te lo pierdas del Jard\u00edn Bot\u00e1nico<\/a><\/li>\n<\/ul>\n","protected":false},"excerpt":{"rendered":"<p>En este apartado descubrir\u00e1s algunas de las piezas m\u00e1s emblem\u00e1ticas del Museo y del Jard\u00edn Bot\u00e1nico:: No te lo pierdas del Museo No te lo pierdas del Jard\u00edn Bot\u00e1nico<\/p>\n","protected":false},"author":2,"featured_media":0,"parent":45661,"menu_order":36,"comment_status":"closed","ping_status":"closed","template":"","meta":{"_acf_changed":false,"footnotes":""},"class_list":["post-45717","page","type-page","status-publish","hentry"],"acf":{"tambe_us_pot_interessar":"","img_cap":35972,"presenta_peu":false,"imatge_llistat":false,"nou_carrusel":false,"boto_de_link_o_mail":false,"arxius_adjunts":false,"links_associats":false,"presenta_fills":"no","activeu_alerta":false,"text_alerta":""},"jetpack_sharing_enabled":true,"_links":{"self":[{"href":"https:\/\/museuciencies.cat\/es\/wp-json\/wp\/v2\/pages\/45717","targetHints":{"allow":["GET"]}}],"collection":[{"href":"https:\/\/museuciencies.cat\/es\/wp-json\/wp\/v2\/pages"}],"about":[{"href":"https:\/\/museuciencies.cat\/es\/wp-json\/wp\/v2\/types\/page"}],"author":[{"embeddable":true,"href":"https:\/\/museuciencies.cat\/es\/wp-json\/wp\/v2\/users\/2"}],"replies":[{"embeddable":true,"href":"https:\/\/museuciencies.cat\/es\/wp-json\/wp\/v2\/comments?post=45717"}],"version-history":[{"count":0,"href":"https:\/\/museuciencies.cat\/es\/wp-json\/wp\/v2\/pages\/45717\/revisions"}],"up":[{"embeddable":true,"href":"https:\/\/museuciencies.cat\/es\/wp-json\/wp\/v2\/pages\/45661"}],"wp:attachment":[{"href":"https:\/\/museuciencies.cat\/es\/wp-json\/wp\/v2\/media?parent=45717"}],"curies":[{"name":"wp","href":"https:\/\/api.w.org\/{rel}","templated":true}]}}