{"id":31994,"date":"2016-03-02T16:44:40","date_gmt":"2016-03-02T16:44:40","guid":{"rendered":"http:\/\/museuciencies.cat\/es\/visitanos\/jardi-botanic\/serveis\/armilla-del-naturalista\/"},"modified":"2021-06-02T17:39:00","modified_gmt":"2021-06-02T16:39:00","slug":"mochila-naturalistas","status":"publish","type":"page","link":"https:\/\/museuciencies.cat\/es\/el-nat\/las-sedes\/jardin-botanico-de-barcelona\/servicios-para-el-visitante\/mochila-naturalistas\/","title":{"rendered":"Mochila para naturalistas"},"content":{"rendered":"<p id=\"tw-target-text\" class=\"tw-data-text tw-ta tw-text-small\" dir=\"ltr\" data-placeholder=\"Traducci\u00f3n\"><span lang=\"es\">En la Mochila para naturalistas encontrar\u00e9is varias propuestas para conocer el Jard\u00edn Bot\u00e1nico desde diferentes miradas, con el soporte de materiales sorprendentes. El Jard\u00edn tiene muchas caras\u00a0escondidas, descubrirlas a vuestro ritmo, sin prisas, realizando las propuestas que os apetezcan y dejando para otro d\u00eda las que dese\u00e9is. Pod\u00e9is decidir libremente cuando terminar el recorrido, cu\u00e1les son los actividades que har\u00e9is i\u00a0en qu\u00e9 orden.<\/span><\/p>\n<h3>Horario habitual<\/h3>\n<p>Encontrar\u00e9is la mochila\u00a0disponible en las taquillas en el\u00a0<a href=\"\/es\/el-nat\/las-sedes\/jardin-botanico-de-barcelona\/informacion-practica\/\" target=\"_blank\" rel=\"noopener noreferrer\">horario<\/a> de apertura del Jard\u00edn<br \/>\n<strong>Dirigido<\/strong> a: P\u00fablico general y fam\u00edliar con ni\u00f1os a partir de 5 a\u00f1os.<br \/>\n<strong>Precio<\/strong>: gratuito, incluido en el precio de la entrada.<\/p>\n<p class=\"jetpack-slideshow-noscript robots-nocontent\">El pase de diapositivas requiere JavaScript.<\/p><div id=\"gallery-31994-1-slideshow\" class=\"jetpack-slideshow-window jetpack-slideshow jetpack-slideshow-black\" data-trans=\"fade\" data-autostart=\"1\" data-gallery=\"[{&quot;src&quot;:&quot;https:\\\/\\\/museuciencies.cat\\\/wp-content\\\/uploads\\\/2016\\\/03\\\/IMG_20170419_092835br.jpg&quot;,&quot;id&quot;:&quot;40812&quot;,&quot;title&quot;:&quot;dav&quot;,&quot;alt&quot;:&quot;&quot;,&quot;caption&quot;:&quot;&quot;,&quot;itemprop&quot;:&quot;image&quot;},{&quot;src&quot;:&quot;https:\\\/\\\/museuciencies.cat\\\/wp-content\\\/uploads\\\/2016\\\/03\\\/IMG_20170419_092928br.jpg&quot;,&quot;id&quot;:&quot;40816&quot;,&quot;title&quot;:&quot;dav&quot;,&quot;alt&quot;:&quot;&quot;,&quot;caption&quot;:&quot;&quot;,&quot;itemprop&quot;:&quot;image&quot;},{&quot;src&quot;:&quot;https:\\\/\\\/museuciencies.cat\\\/wp-content\\\/uploads\\\/2016\\\/03\\\/IMG_20170419_093054br.jpg&quot;,&quot;id&quot;:&quot;40820&quot;,&quot;title&quot;:&quot;dav&quot;,&quot;alt&quot;:&quot;&quot;,&quot;caption&quot;:&quot;&quot;,&quot;itemprop&quot;:&quot;image&quot;},{&quot;src&quot;:&quot;https:\\\/\\\/museuciencies.cat\\\/wp-content\\\/uploads\\\/2016\\\/03\\\/IMG_20170419_093244br.jpg&quot;,&quot;id&quot;:&quot;40824&quot;,&quot;title&quot;:&quot;dav&quot;,&quot;alt&quot;:&quot;&quot;,&quot;caption&quot;:&quot;&quot;,&quot;itemprop&quot;:&quot;image&quot;},{&quot;src&quot;:&quot;https:\\\/\\\/museuciencies.cat\\\/wp-content\\\/uploads\\\/2016\\\/03\\\/IMG_20170419_093321br.jpg&quot;,&quot;id&quot;:&quot;40828&quot;,&quot;title&quot;:&quot;dav&quot;,&quot;alt&quot;:&quot;&quot;,&quot;caption&quot;:&quot;&quot;,&quot;itemprop&quot;:&quot;image&quot;},{&quot;src&quot;:&quot;https:\\\/\\\/museuciencies.cat\\\/wp-content\\\/uploads\\\/2016\\\/03\\\/IMG_20170419_093524br.jpg&quot;,&quot;id&quot;:&quot;40832&quot;,&quot;title&quot;:&quot;dav&quot;,&quot;alt&quot;:&quot;&quot;,&quot;caption&quot;:&quot;&quot;,&quot;itemprop&quot;:&quot;image&quot;},{&quot;src&quot;:&quot;https:\\\/\\\/museuciencies.cat\\\/wp-content\\\/uploads\\\/2016\\\/03\\\/IMG_20170419_141336br.jpg&quot;,&quot;id&quot;:&quot;40836&quot;,&quot;title&quot;:&quot;dav&quot;,&quot;alt&quot;:&quot;&quot;,&quot;caption&quot;:&quot;&quot;,&quot;itemprop&quot;:&quot;image&quot;},{&quot;src&quot;:&quot;https:\\\/\\\/museuciencies.cat\\\/wp-content\\\/uploads\\\/2016\\\/03\\\/IMG_20170419_141616br.jpg&quot;,&quot;id&quot;:&quot;40840&quot;,&quot;title&quot;:&quot;dav&quot;,&quot;alt&quot;:&quot;&quot;,&quot;caption&quot;:&quot;&quot;,&quot;itemprop&quot;:&quot;image&quot;},{&quot;src&quot;:&quot;https:\\\/\\\/museuciencies.cat\\\/wp-content\\\/uploads\\\/2016\\\/03\\\/IMG_20170419_141852br.jpg&quot;,&quot;id&quot;:&quot;40844&quot;,&quot;title&quot;:&quot;dav&quot;,&quot;alt&quot;:&quot;&quot;,&quot;caption&quot;:&quot;&quot;,&quot;itemprop&quot;:&quot;image&quot;},{&quot;src&quot;:&quot;https:\\\/\\\/museuciencies.cat\\\/wp-content\\\/uploads\\\/2016\\\/03\\\/IMG_20170419_142253br.jpg&quot;,&quot;id&quot;:&quot;40848&quot;,&quot;title&quot;:&quot;dav&quot;,&quot;alt&quot;:&quot;&quot;,&quot;caption&quot;:&quot;&quot;,&quot;itemprop&quot;:&quot;image&quot;},{&quot;src&quot;:&quot;https:\\\/\\\/museuciencies.cat\\\/wp-content\\\/uploads\\\/2016\\\/03\\\/IMG_20170419_142805br.jpg&quot;,&quot;id&quot;:&quot;40852&quot;,&quot;title&quot;:&quot;dav&quot;,&quot;alt&quot;:&quot;&quot;,&quot;caption&quot;:&quot;&quot;,&quot;itemprop&quot;:&quot;image&quot;},{&quot;src&quot;:&quot;https:\\\/\\\/museuciencies.cat\\\/wp-content\\\/uploads\\\/2016\\\/03\\\/IMG_20170331_143357br.jpg&quot;,&quot;id&quot;:&quot;40856&quot;,&quot;title&quot;:&quot;hdr&quot;,&quot;alt&quot;:&quot;&quot;,&quot;caption&quot;:&quot;&quot;,&quot;itemprop&quot;:&quot;image&quot;}]\" itemscope itemtype=\"https:\/\/schema.org\/ImageGallery\"><\/div>\n<p>&nbsp;<\/p>\n","protected":false},"excerpt":{"rendered":"<p>En la Mochila para naturalistas encontrar\u00e9is varias propuestas para conocer el Jard\u00edn Bot\u00e1nico desde diferentes miradas, con el soporte de materiales sorprendentes. El Jard\u00edn tiene muchas caras\u00a0escondidas, descubrirlas a vuestro ritmo, sin prisas, realizando las propuestas que os apetezcan y dejando para otro d\u00eda las que dese\u00e9is. Pod\u00e9is decidir libremente cuando terminar el recorrido, cu\u00e1les [&hellip;]<\/p>\n","protected":false},"author":2,"featured_media":0,"parent":14853,"menu_order":0,"comment_status":"closed","ping_status":"closed","template":"","meta":{"_acf_changed":false,"footnotes":""},"class_list":["post-31994","page","type-page","status-publish","hentry"],"acf":{"tambe_us_pot_interessar":"","img_cap":23490,"presenta_peu":false,"imatge_llistat":false,"nou_carrusel":false,"boto_de_link_o_mail":false,"arxius_adjunts":false,"links_associats":false,"presenta_fills":"no","activeu_alerta":false,"text_alerta":""},"jetpack_sharing_enabled":true,"_links":{"self":[{"href":"https:\/\/museuciencies.cat\/es\/wp-json\/wp\/v2\/pages\/31994","targetHints":{"allow":["GET"]}}],"collection":[{"href":"https:\/\/museuciencies.cat\/es\/wp-json\/wp\/v2\/pages"}],"about":[{"href":"https:\/\/museuciencies.cat\/es\/wp-json\/wp\/v2\/types\/page"}],"author":[{"embeddable":true,"href":"https:\/\/museuciencies.cat\/es\/wp-json\/wp\/v2\/users\/2"}],"replies":[{"embeddable":true,"href":"https:\/\/museuciencies.cat\/es\/wp-json\/wp\/v2\/comments?post=31994"}],"version-history":[{"count":0,"href":"https:\/\/museuciencies.cat\/es\/wp-json\/wp\/v2\/pages\/31994\/revisions"}],"up":[{"embeddable":true,"href":"https:\/\/museuciencies.cat\/es\/wp-json\/wp\/v2\/pages\/14853"}],"wp:attachment":[{"href":"https:\/\/museuciencies.cat\/es\/wp-json\/wp\/v2\/media?parent=31994"}],"curies":[{"name":"wp","href":"https:\/\/api.w.org\/{rel}","templated":true}]}}