{"id":22069,"date":"2015-05-13T09:40:54","date_gmt":"2015-05-13T09:40:54","guid":{"rendered":"http:\/\/museuciencies.cat\/qui-som\/el-museu\/es-membre-2\/internacionals\/esta-earth-science-teachers-association\/"},"modified":"2015-05-20T16:46:45","modified_gmt":"2015-05-20T16:46:45","slug":"esta-earth-science-teachers-association","status":"publish","type":"page","link":"https:\/\/museuciencies.cat\/es\/el-nat\/quienes-somos\/somos-miembros-de\/internacionales\/esta-earth-science-teachers-association\/","title":{"rendered":"Earth\u00a0Science Teachers&#8217; Association (ESTA)"},"content":{"rendered":"<p>El objetivo de la <a href=\"http:\/\/www.esta-uk.net\/\">Asociaci\u00f3n de Maestros de Ciencias de la Tierra<\/a> es promover la educaci\u00f3n mediante el fomento y apoyo a la ense\u00f1anza de las ciencias de la Tierra en todos los niveles, ya sea en un solo campo, como la geolog\u00eda, o como parte de la ciencia, la geograf\u00eda u otros \u00e1mbitos de conocimiento.<\/p>\n","protected":false},"excerpt":{"rendered":"<p>El objetivo de la Asociaci\u00f3n de Maestros de Ciencias de la Tierra es promover la educaci\u00f3n mediante el fomento y apoyo a la ense\u00f1anza de las ciencias de la Tierra en todos los niveles, ya sea en un solo campo, como la geolog\u00eda, o como parte de la ciencia, la geograf\u00eda u otros \u00e1mbitos de [&hellip;]<\/p>\n","protected":false},"author":3,"featured_media":0,"parent":22016,"menu_order":98,"comment_status":"closed","ping_status":"closed","template":"","meta":{"_acf_changed":false,"footnotes":""},"class_list":["post-22069","page","type-page","status-publish","hentry"],"acf":{"activeu_alerta":false,"arxius_adjunts":false,"boto_de_link_o_mail":false,"imatge_llistat":false,"img_cap":false,"links_associats":false,"nou_carrusel":false,"presenta_fills":"no","tambe_us_pot_interessar":"","text_alerta":""},"jetpack_sharing_enabled":true,"_links":{"self":[{"href":"https:\/\/museuciencies.cat\/es\/wp-json\/wp\/v2\/pages\/22069","targetHints":{"allow":["GET"]}}],"collection":[{"href":"https:\/\/museuciencies.cat\/es\/wp-json\/wp\/v2\/pages"}],"about":[{"href":"https:\/\/museuciencies.cat\/es\/wp-json\/wp\/v2\/types\/page"}],"author":[{"embeddable":true,"href":"https:\/\/museuciencies.cat\/es\/wp-json\/wp\/v2\/users\/3"}],"replies":[{"embeddable":true,"href":"https:\/\/museuciencies.cat\/es\/wp-json\/wp\/v2\/comments?post=22069"}],"version-history":[{"count":0,"href":"https:\/\/museuciencies.cat\/es\/wp-json\/wp\/v2\/pages\/22069\/revisions"}],"up":[{"embeddable":true,"href":"https:\/\/museuciencies.cat\/es\/wp-json\/wp\/v2\/pages\/22016"}],"wp:attachment":[{"href":"https:\/\/museuciencies.cat\/es\/wp-json\/wp\/v2\/media?parent=22069"}],"curies":[{"name":"wp","href":"https:\/\/api.w.org\/{rel}","templated":true}]}}