{"id":22067,"date":"2015-05-13T09:38:29","date_gmt":"2015-05-13T09:38:29","guid":{"rendered":"http:\/\/museuciencies.cat\/qui-som\/el-museu\/es-membre-2\/internacionals\/the-palaeontographical-society\/"},"modified":"2015-05-20T16:45:43","modified_gmt":"2015-05-20T16:45:43","slug":"the-palaeontographical-society","status":"publish","type":"page","link":"https:\/\/museuciencies.cat\/es\/el-nat\/quienes-somos\/somos-miembros-de\/internacionales\/the-palaeontographical-society\/","title":{"rendered":"The Palaeontographical Society"},"content":{"rendered":"<p>La <a href=\"http:\/\/www.palaeosoc.org\/site\/home\/\">Sociedad Paleontogr\u00e1fica<\/a> fue fundada en 1847 y es la m\u00e1s antigua dedicada espec\u00edficamente al avance del conocimiento paleontol\u00f3gico.<\/p>\n","protected":false},"excerpt":{"rendered":"<p>La Sociedad Paleontogr\u00e1fica fue fundada en 1847 y es la m\u00e1s antigua dedicada espec\u00edficamente al avance del conocimiento paleontol\u00f3gico.<\/p>\n","protected":false},"author":3,"featured_media":0,"parent":22016,"menu_order":97,"comment_status":"closed","ping_status":"closed","template":"","meta":{"_acf_changed":false,"footnotes":""},"class_list":["post-22067","page","type-page","status-publish","hentry"],"acf":{"activeu_alerta":false,"arxius_adjunts":false,"boto_de_link_o_mail":false,"imatge_llistat":false,"img_cap":false,"links_associats":false,"nou_carrusel":false,"presenta_fills":"no","tambe_us_pot_interessar":"","text_alerta":""},"jetpack_sharing_enabled":true,"_links":{"self":[{"href":"https:\/\/museuciencies.cat\/es\/wp-json\/wp\/v2\/pages\/22067","targetHints":{"allow":["GET"]}}],"collection":[{"href":"https:\/\/museuciencies.cat\/es\/wp-json\/wp\/v2\/pages"}],"about":[{"href":"https:\/\/museuciencies.cat\/es\/wp-json\/wp\/v2\/types\/page"}],"author":[{"embeddable":true,"href":"https:\/\/museuciencies.cat\/es\/wp-json\/wp\/v2\/users\/3"}],"replies":[{"embeddable":true,"href":"https:\/\/museuciencies.cat\/es\/wp-json\/wp\/v2\/comments?post=22067"}],"version-history":[{"count":0,"href":"https:\/\/museuciencies.cat\/es\/wp-json\/wp\/v2\/pages\/22067\/revisions"}],"up":[{"embeddable":true,"href":"https:\/\/museuciencies.cat\/es\/wp-json\/wp\/v2\/pages\/22016"}],"wp:attachment":[{"href":"https:\/\/museuciencies.cat\/es\/wp-json\/wp\/v2\/media?parent=22067"}],"curies":[{"name":"wp","href":"https:\/\/api.w.org\/{rel}","templated":true}]}}