{"id":22065,"date":"2015-05-13T09:33:40","date_gmt":"2015-05-13T09:33:40","guid":{"rendered":"http:\/\/museuciencies.cat\/qui-som\/el-museu\/es-membre-2\/internacionals\/ags-alpine-garden-society\/"},"modified":"2015-05-20T16:44:42","modified_gmt":"2015-05-20T16:44:42","slug":"ags-alpine-garden-society","status":"publish","type":"page","link":"https:\/\/museuciencies.cat\/es\/el-nat\/quienes-somos\/somos-miembros-de\/internacionales\/ags-alpine-garden-society\/","title":{"rendered":"Alpine\u00a0Garden Society (AGS)"},"content":{"rendered":"<p>La <a href=\"http:\/\/www.alpinegardensociety.net\/\">AGS<\/a>\u00a0promueve el inter\u00e9s por todos los aspectos de las plantas alpinas, la jardiner\u00eda y las plantas de jardines de rocalla, as\u00ed como la conservaci\u00f3n de estas plantas en su h\u00e1bitat natural.<\/p>\n","protected":false},"excerpt":{"rendered":"<p>La AGS\u00a0promueve el inter\u00e9s por todos los aspectos de las plantas alpinas, la jardiner\u00eda y las plantas de jardines de rocalla, as\u00ed como la conservaci\u00f3n de estas plantas en su h\u00e1bitat natural.<\/p>\n","protected":false},"author":3,"featured_media":0,"parent":22016,"menu_order":96,"comment_status":"closed","ping_status":"closed","template":"","meta":{"_acf_changed":false,"footnotes":""},"class_list":["post-22065","page","type-page","status-publish","hentry"],"acf":{"activeu_alerta":false,"arxius_adjunts":false,"boto_de_link_o_mail":false,"imatge_llistat":false,"img_cap":false,"links_associats":false,"nou_carrusel":false,"presenta_fills":"no","tambe_us_pot_interessar":"","text_alerta":""},"jetpack_sharing_enabled":true,"_links":{"self":[{"href":"https:\/\/museuciencies.cat\/es\/wp-json\/wp\/v2\/pages\/22065","targetHints":{"allow":["GET"]}}],"collection":[{"href":"https:\/\/museuciencies.cat\/es\/wp-json\/wp\/v2\/pages"}],"about":[{"href":"https:\/\/museuciencies.cat\/es\/wp-json\/wp\/v2\/types\/page"}],"author":[{"embeddable":true,"href":"https:\/\/museuciencies.cat\/es\/wp-json\/wp\/v2\/users\/3"}],"replies":[{"embeddable":true,"href":"https:\/\/museuciencies.cat\/es\/wp-json\/wp\/v2\/comments?post=22065"}],"version-history":[{"count":0,"href":"https:\/\/museuciencies.cat\/es\/wp-json\/wp\/v2\/pages\/22065\/revisions"}],"up":[{"embeddable":true,"href":"https:\/\/museuciencies.cat\/es\/wp-json\/wp\/v2\/pages\/22016"}],"wp:attachment":[{"href":"https:\/\/museuciencies.cat\/es\/wp-json\/wp\/v2\/media?parent=22065"}],"curies":[{"name":"wp","href":"https:\/\/api.w.org\/{rel}","templated":true}]}}