{"id":22061,"date":"2015-05-13T09:24:51","date_gmt":"2015-05-13T09:24:51","guid":{"rendered":"http:\/\/museuciencies.cat\/qui-som\/el-museu\/es-membre-2\/internacionals\/aimjb-asociacion-ibero-macaronesica-de-jardines-botanicos\/"},"modified":"2015-05-20T16:42:58","modified_gmt":"2015-05-20T16:42:58","slug":"aimjb-asociacion-ibero-macaronesica-de-jardines-botanicos","status":"publish","type":"page","link":"https:\/\/museuciencies.cat\/es\/el-nat\/quienes-somos\/somos-miembros-de\/internacionales\/aimjb-asociacion-ibero-macaronesica-de-jardines-botanicos\/","title":{"rendered":"Asociaci\u00f3n Iberomacaron\u00e9sica de Jardines Bot\u00e1nicos (AIMJB)"},"content":{"rendered":"<p>La <a href=\"http:\/\/www.jbotanicos.org\/\">AIMJB<\/a>\u00a0tiene como finalidad la colaboraci\u00f3n entre los jardines bot\u00e1nicos miembros mediante la promoci\u00f3n y coordinaci\u00f3n de proyectos comunes de actuaci\u00f3n y el impulso al intercambio de conocimientos, experiencias, documentaci\u00f3n y material vegetal. Engloba jardines bot\u00e1nicos de Espa\u00f1a y Portugal.<\/p>\n<p>David Bertran (Jard\u00edn Bot\u00e1nico de Barcelona) es miembro de la Junta Directiva de la AIMJB.<\/p>\n","protected":false},"excerpt":{"rendered":"<p>La AIMJB\u00a0tiene como finalidad la colaboraci\u00f3n entre los jardines bot\u00e1nicos miembros mediante la promoci\u00f3n y coordinaci\u00f3n de proyectos comunes de actuaci\u00f3n y el impulso al intercambio de conocimientos, experiencias, documentaci\u00f3n y material vegetal. Engloba jardines bot\u00e1nicos de Espa\u00f1a y Portugal. David Bertran (Jard\u00edn Bot\u00e1nico de Barcelona) es miembro de la Junta Directiva de la AIMJB.<\/p>\n","protected":false},"author":3,"featured_media":0,"parent":22016,"menu_order":95,"comment_status":"closed","ping_status":"closed","template":"","meta":{"_acf_changed":false,"footnotes":""},"class_list":["post-22061","page","type-page","status-publish","hentry"],"acf":{"activeu_alerta":false,"arxius_adjunts":false,"boto_de_link_o_mail":false,"imatge_llistat":false,"img_cap":false,"links_associats":false,"nou_carrusel":false,"presenta_fills":"no","tambe_us_pot_interessar":"","text_alerta":""},"jetpack_sharing_enabled":true,"_links":{"self":[{"href":"https:\/\/museuciencies.cat\/es\/wp-json\/wp\/v2\/pages\/22061","targetHints":{"allow":["GET"]}}],"collection":[{"href":"https:\/\/museuciencies.cat\/es\/wp-json\/wp\/v2\/pages"}],"about":[{"href":"https:\/\/museuciencies.cat\/es\/wp-json\/wp\/v2\/types\/page"}],"author":[{"embeddable":true,"href":"https:\/\/museuciencies.cat\/es\/wp-json\/wp\/v2\/users\/3"}],"replies":[{"embeddable":true,"href":"https:\/\/museuciencies.cat\/es\/wp-json\/wp\/v2\/comments?post=22061"}],"version-history":[{"count":0,"href":"https:\/\/museuciencies.cat\/es\/wp-json\/wp\/v2\/pages\/22061\/revisions"}],"up":[{"embeddable":true,"href":"https:\/\/museuciencies.cat\/es\/wp-json\/wp\/v2\/pages\/22016"}],"wp:attachment":[{"href":"https:\/\/museuciencies.cat\/es\/wp-json\/wp\/v2\/media?parent=22061"}],"curies":[{"name":"wp","href":"https:\/\/api.w.org\/{rel}","templated":true}]}}