{"id":22059,"date":"2015-05-12T16:36:00","date_gmt":"2015-05-12T16:36:00","guid":{"rendered":"http:\/\/museuciencies.cat\/qui-som\/el-museu\/es-membre-2\/internacionals\/mgs-mediterranean-garden-society\/"},"modified":"2015-05-20T16:41:52","modified_gmt":"2015-05-20T16:41:52","slug":"mgs-mediterranean-garden-society","status":"publish","type":"page","link":"https:\/\/museuciencies.cat\/es\/el-nat\/quienes-somos\/somos-miembros-de\/internacionales\/mgs-mediterranean-garden-society\/","title":{"rendered":"Mediterranean Garden Society (MGS)"},"content":{"rendered":"<p>La <a href=\"http:\/\/www.mediterraneangardensociety.org\/\">MGS<\/a>\u00a0es una asociaci\u00f3n sin \u00e1nimo de lucro fundada en Grecia en 1994 cuyo objetivo es constituir un foro o lugar de encuentro para todas aquellas personas que tienen un inter\u00e9s especial por las plantas y los jardines de las regiones de clima mediterr\u00e1neo. La MGS es una sociedad griega con miembros en treinta y ocho pa\u00edses de todo el mundo<\/p>\n","protected":false},"excerpt":{"rendered":"<p>La MGS\u00a0es una asociaci\u00f3n sin \u00e1nimo de lucro fundada en Grecia en 1994 cuyo objetivo es constituir un foro o lugar de encuentro para todas aquellas personas que tienen un inter\u00e9s especial por las plantas y los jardines de las regiones de clima mediterr\u00e1neo. La MGS es una sociedad griega con miembros en treinta y [&hellip;]<\/p>\n","protected":false},"author":3,"featured_media":0,"parent":22016,"menu_order":94,"comment_status":"closed","ping_status":"closed","template":"","meta":{"_acf_changed":false,"footnotes":""},"class_list":["post-22059","page","type-page","status-publish","hentry"],"acf":{"activeu_alerta":false,"arxius_adjunts":false,"boto_de_link_o_mail":false,"imatge_llistat":false,"img_cap":false,"links_associats":false,"nou_carrusel":false,"presenta_fills":"no","tambe_us_pot_interessar":"","text_alerta":""},"jetpack_sharing_enabled":true,"_links":{"self":[{"href":"https:\/\/museuciencies.cat\/es\/wp-json\/wp\/v2\/pages\/22059","targetHints":{"allow":["GET"]}}],"collection":[{"href":"https:\/\/museuciencies.cat\/es\/wp-json\/wp\/v2\/pages"}],"about":[{"href":"https:\/\/museuciencies.cat\/es\/wp-json\/wp\/v2\/types\/page"}],"author":[{"embeddable":true,"href":"https:\/\/museuciencies.cat\/es\/wp-json\/wp\/v2\/users\/3"}],"replies":[{"embeddable":true,"href":"https:\/\/museuciencies.cat\/es\/wp-json\/wp\/v2\/comments?post=22059"}],"version-history":[{"count":0,"href":"https:\/\/museuciencies.cat\/es\/wp-json\/wp\/v2\/pages\/22059\/revisions"}],"up":[{"embeddable":true,"href":"https:\/\/museuciencies.cat\/es\/wp-json\/wp\/v2\/pages\/22016"}],"wp:attachment":[{"href":"https:\/\/museuciencies.cat\/es\/wp-json\/wp\/v2\/media?parent=22059"}],"curies":[{"name":"wp","href":"https:\/\/api.w.org\/{rel}","templated":true}]}}