{"id":22057,"date":"2015-05-12T16:27:07","date_gmt":"2015-05-12T16:27:07","guid":{"rendered":"http:\/\/museuciencies.cat\/qui-som\/el-museu\/es-membre-2\/internacionals\/genmeda-network-of-mediterranean-plant-conservation-centres\/"},"modified":"2015-05-20T16:39:40","modified_gmt":"2015-05-20T16:39:40","slug":"genmeda-network-of-mediterranean-plant-conservation-centres","status":"publish","type":"page","link":"https:\/\/museuciencies.cat\/es\/el-nat\/quienes-somos\/somos-miembros-de\/internacionales\/genmeda-network-of-mediterranean-plant-conservation-centres\/","title":{"rendered":"Network of Mediterranean Plant Conservation Centres (GENMEDA)"},"content":{"rendered":"<p>La <a href=\"http:\/\/www.genmeda.org\/home.php\">Red de Centros Mediterr\u00e1neos de Conservaci\u00f3n de Plantas<\/a> contribuye a la conservaci\u00f3n de los recursos gen\u00e9ticos de la flora mediterr\u00e1nea. Est\u00e1 conformada por autoridades locales, regionales y nacionales, universidades y centros de investigaci\u00f3n de siete pa\u00edses diferentes, entre los que se encuentran estados miembros de la Uni\u00f3n Europea y otros pa\u00edses mediterr\u00e1neos.<\/p>\n","protected":false},"excerpt":{"rendered":"<p>La Red de Centros Mediterr\u00e1neos de Conservaci\u00f3n de Plantas contribuye a la conservaci\u00f3n de los recursos gen\u00e9ticos de la flora mediterr\u00e1nea. Est\u00e1 conformada por autoridades locales, regionales y nacionales, universidades y centros de investigaci\u00f3n de siete pa\u00edses diferentes, entre los que se encuentran estados miembros de la Uni\u00f3n Europea y otros pa\u00edses mediterr\u00e1neos.<\/p>\n","protected":false},"author":3,"featured_media":0,"parent":22016,"menu_order":92,"comment_status":"closed","ping_status":"closed","template":"","meta":{"_acf_changed":false,"footnotes":""},"class_list":["post-22057","page","type-page","status-publish","hentry"],"acf":{"activeu_alerta":false,"arxius_adjunts":false,"boto_de_link_o_mail":false,"imatge_llistat":false,"img_cap":false,"links_associats":false,"nou_carrusel":false,"presenta_fills":"no","tambe_us_pot_interessar":"","text_alerta":""},"jetpack_sharing_enabled":true,"_links":{"self":[{"href":"https:\/\/museuciencies.cat\/es\/wp-json\/wp\/v2\/pages\/22057","targetHints":{"allow":["GET"]}}],"collection":[{"href":"https:\/\/museuciencies.cat\/es\/wp-json\/wp\/v2\/pages"}],"about":[{"href":"https:\/\/museuciencies.cat\/es\/wp-json\/wp\/v2\/types\/page"}],"author":[{"embeddable":true,"href":"https:\/\/museuciencies.cat\/es\/wp-json\/wp\/v2\/users\/3"}],"replies":[{"embeddable":true,"href":"https:\/\/museuciencies.cat\/es\/wp-json\/wp\/v2\/comments?post=22057"}],"version-history":[{"count":0,"href":"https:\/\/museuciencies.cat\/es\/wp-json\/wp\/v2\/pages\/22057\/revisions"}],"up":[{"embeddable":true,"href":"https:\/\/museuciencies.cat\/es\/wp-json\/wp\/v2\/pages\/22016"}],"wp:attachment":[{"href":"https:\/\/museuciencies.cat\/es\/wp-json\/wp\/v2\/media?parent=22057"}],"curies":[{"name":"wp","href":"https:\/\/api.w.org\/{rel}","templated":true}]}}