{"id":22051,"date":"2015-05-12T16:15:13","date_gmt":"2015-05-12T16:15:13","guid":{"rendered":"http:\/\/museuciencies.cat\/qui-som\/el-museu\/es-membre-2\/internacionals\/ebcc-european-bird-census-council\/"},"modified":"2015-05-20T16:35:04","modified_gmt":"2015-05-20T16:35:04","slug":"ebcc-european-bird-census-council","status":"publish","type":"page","link":"https:\/\/museuciencies.cat\/es\/el-nat\/quienes-somos\/somos-miembros-de\/internacionales\/ebcc-european-bird-census-council\/","title":{"rendered":"European Bird Census Council (EBCC)"},"content":{"rendered":"<p>El <a href=\"http:\/\/www.ebcc.info\/\">Consejo Europeo para el Censo de Aves<\/a> es una asociaci\u00f3n de ornit\u00f3logos expertos que cooperan de muy distintas maneras para mejorar el monitoreo de aves y la realizaci\u00f3n de atlas para proporcionar informaci\u00f3n y ayudar a la gesti\u00f3n y conservaci\u00f3n de las poblaciones de aves en Europa.<\/p>\n","protected":false},"excerpt":{"rendered":"<p>El Consejo Europeo para el Censo de Aves es una asociaci\u00f3n de ornit\u00f3logos expertos que cooperan de muy distintas maneras para mejorar el monitoreo de aves y la realizaci\u00f3n de atlas para proporcionar informaci\u00f3n y ayudar a la gesti\u00f3n y conservaci\u00f3n de las poblaciones de aves en Europa.<\/p>\n","protected":false},"author":3,"featured_media":0,"parent":22016,"menu_order":84,"comment_status":"closed","ping_status":"closed","template":"","meta":{"_acf_changed":false,"footnotes":""},"class_list":["post-22051","page","type-page","status-publish","hentry"],"acf":{"activeu_alerta":false,"arxius_adjunts":false,"boto_de_link_o_mail":false,"imatge_llistat":false,"img_cap":false,"links_associats":false,"nou_carrusel":false,"presenta_fills":"no","tambe_us_pot_interessar":"","text_alerta":""},"jetpack_sharing_enabled":true,"_links":{"self":[{"href":"https:\/\/museuciencies.cat\/es\/wp-json\/wp\/v2\/pages\/22051","targetHints":{"allow":["GET"]}}],"collection":[{"href":"https:\/\/museuciencies.cat\/es\/wp-json\/wp\/v2\/pages"}],"about":[{"href":"https:\/\/museuciencies.cat\/es\/wp-json\/wp\/v2\/types\/page"}],"author":[{"embeddable":true,"href":"https:\/\/museuciencies.cat\/es\/wp-json\/wp\/v2\/users\/3"}],"replies":[{"embeddable":true,"href":"https:\/\/museuciencies.cat\/es\/wp-json\/wp\/v2\/comments?post=22051"}],"version-history":[{"count":0,"href":"https:\/\/museuciencies.cat\/es\/wp-json\/wp\/v2\/pages\/22051\/revisions"}],"up":[{"embeddable":true,"href":"https:\/\/museuciencies.cat\/es\/wp-json\/wp\/v2\/pages\/22016"}],"wp:attachment":[{"href":"https:\/\/museuciencies.cat\/es\/wp-json\/wp\/v2\/media?parent=22051"}],"curies":[{"name":"wp","href":"https:\/\/api.w.org\/{rel}","templated":true}]}}