{"id":22048,"date":"2015-05-12T16:11:54","date_gmt":"2015-05-12T16:11:54","guid":{"rendered":"http:\/\/museuciencies.cat\/qui-som\/el-museu\/es-membre-2\/internacionals\/biocase-biological-collection-access-for-europe\/"},"modified":"2015-05-20T16:33:47","modified_gmt":"2015-05-20T16:33:47","slug":"biocase-biological-collection-access-for-europe","status":"publish","type":"page","link":"https:\/\/museuciencies.cat\/es\/el-nat\/quienes-somos\/somos-miembros-de\/internacionales\/biocase-biological-collection-access-for-europe\/","title":{"rendered":"Biological Collection Access for Europe (BioCASE)"},"content":{"rendered":"<p>El <a href=\"http:\/\/www.biocase.org\/\">Servicio de Acceso a Colecciones Biol\u00f3gicas para Europa <\/a>es una red transnacional de colecciones biol\u00f3gicas de todo tipo. BioCASE permite el acceso unificado generalizado a colecciones europeas heterog\u00e9neas y bases de datos observacionales utilizando un software abierto e independiente, as\u00ed como est\u00e1ndares y protocolos de datos abiertos.<\/p>\n","protected":false},"excerpt":{"rendered":"<p>El Servicio de Acceso a Colecciones Biol\u00f3gicas para Europa es una red transnacional de colecciones biol\u00f3gicas de todo tipo. BioCASE permite el acceso unificado generalizado a colecciones europeas heterog\u00e9neas y bases de datos observacionales utilizando un software abierto e independiente, as\u00ed como est\u00e1ndares y protocolos de datos abiertos.<\/p>\n","protected":false},"author":3,"featured_media":0,"parent":22016,"menu_order":83,"comment_status":"closed","ping_status":"closed","template":"","meta":{"_acf_changed":false,"footnotes":""},"class_list":["post-22048","page","type-page","status-publish","hentry"],"acf":{"activeu_alerta":false,"arxius_adjunts":false,"boto_de_link_o_mail":false,"imatge_llistat":false,"img_cap":false,"links_associats":false,"nou_carrusel":false,"presenta_fills":"no","tambe_us_pot_interessar":"","text_alerta":""},"jetpack_sharing_enabled":true,"_links":{"self":[{"href":"https:\/\/museuciencies.cat\/es\/wp-json\/wp\/v2\/pages\/22048","targetHints":{"allow":["GET"]}}],"collection":[{"href":"https:\/\/museuciencies.cat\/es\/wp-json\/wp\/v2\/pages"}],"about":[{"href":"https:\/\/museuciencies.cat\/es\/wp-json\/wp\/v2\/types\/page"}],"author":[{"embeddable":true,"href":"https:\/\/museuciencies.cat\/es\/wp-json\/wp\/v2\/users\/3"}],"replies":[{"embeddable":true,"href":"https:\/\/museuciencies.cat\/es\/wp-json\/wp\/v2\/comments?post=22048"}],"version-history":[{"count":0,"href":"https:\/\/museuciencies.cat\/es\/wp-json\/wp\/v2\/pages\/22048\/revisions"}],"up":[{"embeddable":true,"href":"https:\/\/museuciencies.cat\/es\/wp-json\/wp\/v2\/pages\/22016"}],"wp:attachment":[{"href":"https:\/\/museuciencies.cat\/es\/wp-json\/wp\/v2\/media?parent=22048"}],"curies":[{"name":"wp","href":"https:\/\/api.w.org\/{rel}","templated":true}]}}