{"id":22045,"date":"2015-05-12T16:09:26","date_gmt":"2015-05-12T16:09:26","guid":{"rendered":"http:\/\/museuciencies.cat\/qui-som\/el-museu\/es-membre-2\/internacionals\/ecsa-european-citizen-science-association\/"},"modified":"2015-05-20T16:32:37","modified_gmt":"2015-05-20T16:32:37","slug":"ecsa-european-citizen-science-association","status":"publish","type":"page","link":"https:\/\/museuciencies.cat\/es\/el-nat\/quienes-somos\/somos-miembros-de\/internacionales\/ecsa-european-citizen-science-association\/","title":{"rendered":"European Citizen Science Association (ECSA)"},"content":{"rendered":"<p><a href=\"http:\/\/ecsa.biodiv.naturkundemuseum-berlin.de\/\">ECSA<\/a>\u00a0es una asociaci\u00f3n creada en 2014 con el apoyo de organizaciones de m\u00e1s de 17 pa\u00edses de la Uni\u00f3n Europea y de fuera de la Uni\u00f3n que trabajan conjuntamente con gestores ambientales para estimular el crecimiento del movimiento Ciencia Ciudadana en Europa a escala internacional. Aglutina iniciativas de ciencia ciudadana, instituciones de investigaci\u00f3n, universidades, museos y otras organizaciones.<\/p>\n","protected":false},"excerpt":{"rendered":"<p>ECSA\u00a0es una asociaci\u00f3n creada en 2014 con el apoyo de organizaciones de m\u00e1s de 17 pa\u00edses de la Uni\u00f3n Europea y de fuera de la Uni\u00f3n que trabajan conjuntamente con gestores ambientales para estimular el crecimiento del movimiento Ciencia Ciudadana en Europa a escala internacional. Aglutina iniciativas de ciencia ciudadana, instituciones de investigaci\u00f3n, universidades, museos [&hellip;]<\/p>\n","protected":false},"author":3,"featured_media":0,"parent":22016,"menu_order":82,"comment_status":"closed","ping_status":"closed","template":"","meta":{"_acf_changed":false,"footnotes":""},"class_list":["post-22045","page","type-page","status-publish","hentry"],"acf":{"activeu_alerta":false,"arxius_adjunts":false,"boto_de_link_o_mail":false,"imatge_llistat":false,"img_cap":false,"links_associats":false,"nou_carrusel":false,"presenta_fills":"no","tambe_us_pot_interessar":"","text_alerta":""},"jetpack_sharing_enabled":true,"_links":{"self":[{"href":"https:\/\/museuciencies.cat\/es\/wp-json\/wp\/v2\/pages\/22045","targetHints":{"allow":["GET"]}}],"collection":[{"href":"https:\/\/museuciencies.cat\/es\/wp-json\/wp\/v2\/pages"}],"about":[{"href":"https:\/\/museuciencies.cat\/es\/wp-json\/wp\/v2\/types\/page"}],"author":[{"embeddable":true,"href":"https:\/\/museuciencies.cat\/es\/wp-json\/wp\/v2\/users\/3"}],"replies":[{"embeddable":true,"href":"https:\/\/museuciencies.cat\/es\/wp-json\/wp\/v2\/comments?post=22045"}],"version-history":[{"count":0,"href":"https:\/\/museuciencies.cat\/es\/wp-json\/wp\/v2\/pages\/22045\/revisions"}],"up":[{"embeddable":true,"href":"https:\/\/museuciencies.cat\/es\/wp-json\/wp\/v2\/pages\/22016"}],"wp:attachment":[{"href":"https:\/\/museuciencies.cat\/es\/wp-json\/wp\/v2\/media?parent=22045"}],"curies":[{"name":"wp","href":"https:\/\/api.w.org\/{rel}","templated":true}]}}