{"id":22034,"date":"2015-05-12T16:06:10","date_gmt":"2015-05-12T16:06:10","guid":{"rendered":"http:\/\/museuciencies.cat\/qui-som\/el-museu\/es-membre-2\/internacionals\/ecsite-european-network-of-science-centres-and-museums\/"},"modified":"2024-10-16T09:40:20","modified_gmt":"2024-10-16T07:40:20","slug":"ecsite-european-network-of-science-centres-and-museums","status":"publish","type":"page","link":"https:\/\/museuciencies.cat\/es\/el-nat\/quienes-somos\/somos-miembros-de\/internacionales\/ecsite-european-network-of-science-centres-and-museums\/","title":{"rendered":"European Network of Science Centres and Museums (ECSITE)"},"content":{"rendered":"<p><a href=\"http:\/\/www.ecsite.eu\/\">Ecsite<\/a>, la Red Europea de Centros de Ciencia y Museos, re\u00fane m\u00e1s de 350 organizaciones dedicadas a despertar el inter\u00e9s por la ciencia y la tecnolog\u00eda, as\u00ed como a facilitar el di\u00e1logo entre la ciencia y la sociedad. Los miembros de Ecsite son centros de ciencia, museos, acuarios y zool\u00f3gicos, festivales, planetarios, universidades y laboratorios abiertos, fundaciones y sociedades cient\u00edficas, empresas, autoridades locales&#8230;<\/p>\n","protected":false},"excerpt":{"rendered":"<p>Ecsite, la Red Europea de Centros de Ciencia y Museos, re\u00fane m\u00e1s de 350 organizaciones dedicadas a despertar el inter\u00e9s por la ciencia y la tecnolog\u00eda, as\u00ed como a facilitar el di\u00e1logo entre la ciencia y la sociedad. Los miembros de Ecsite son centros de ciencia, museos, acuarios y zool\u00f3gicos, festivales, planetarios, universidades y laboratorios [&hellip;]<\/p>\n","protected":false},"author":3,"featured_media":0,"parent":22016,"menu_order":81,"comment_status":"closed","ping_status":"closed","template":"","meta":{"_acf_changed":false,"footnotes":""},"class_list":["post-22034","page","type-page","status-publish","hentry"],"acf":{"activeu_alerta":false,"arxius_adjunts":false,"boto_de_link_o_mail":false,"imatge_llistat":false,"img_cap":false,"links_associats":false,"nou_carrusel":false,"presenta_fills":"no","tambe_us_pot_interessar":"","text_alerta":"","presenta_peu":false,"segona_part":""},"jetpack_sharing_enabled":true,"_links":{"self":[{"href":"https:\/\/museuciencies.cat\/es\/wp-json\/wp\/v2\/pages\/22034","targetHints":{"allow":["GET"]}}],"collection":[{"href":"https:\/\/museuciencies.cat\/es\/wp-json\/wp\/v2\/pages"}],"about":[{"href":"https:\/\/museuciencies.cat\/es\/wp-json\/wp\/v2\/types\/page"}],"author":[{"embeddable":true,"href":"https:\/\/museuciencies.cat\/es\/wp-json\/wp\/v2\/users\/3"}],"replies":[{"embeddable":true,"href":"https:\/\/museuciencies.cat\/es\/wp-json\/wp\/v2\/comments?post=22034"}],"version-history":[{"count":1,"href":"https:\/\/museuciencies.cat\/es\/wp-json\/wp\/v2\/pages\/22034\/revisions"}],"predecessor-version":[{"id":114130,"href":"https:\/\/museuciencies.cat\/es\/wp-json\/wp\/v2\/pages\/22034\/revisions\/114130"}],"up":[{"embeddable":true,"href":"https:\/\/museuciencies.cat\/es\/wp-json\/wp\/v2\/pages\/22016"}],"wp:attachment":[{"href":"https:\/\/museuciencies.cat\/es\/wp-json\/wp\/v2\/media?parent=22034"}],"curies":[{"name":"wp","href":"https:\/\/api.w.org\/{rel}","templated":true}]}}