{"id":22031,"date":"2015-05-12T15:58:37","date_gmt":"2015-05-12T15:58:37","guid":{"rendered":"http:\/\/museuciencies.cat\/qui-som\/el-museu\/es-membre-2\/internacionals\/icom-international-council-of-museums\/"},"modified":"2024-10-16T09:39:07","modified_gmt":"2024-10-16T07:39:07","slug":"icom-international-council-of-museums","status":"publish","type":"page","link":"https:\/\/museuciencies.cat\/es\/el-nat\/quienes-somos\/somos-miembros-de\/internacionales\/icom-international-council-of-museums\/","title":{"rendered":"International Council of Museums (ICOM)"},"content":{"rendered":"<p>El <a href=\"http:\/\/icom.museum\/\">Consejo Internacional de Museos<\/a>\u00a0es una organizaci\u00f3n no gubernamental que trabaja en el \u00e1mbito internacional y aglutina instituciones de car\u00e1cter muse\u00edstico y profesional. Su principal objetivo es la conservaci\u00f3n, mantenimiento y difusi\u00f3n del patrimonio cultural y natural de la humanidad, presente y futuro, tangible e intangible. Est\u00e1 integrado por 32.000 miembros de 136 pa\u00edses, 117 comit\u00e9s nacionales y 30 comit\u00e9s internacionales que representan a los diferentes campos de especialidad de los museos.<\/p>\n<p><a href=\"https:\/\/museuciencies.cat\/wp-content\/uploads\/nathcode_ethics_es.pdf\" target=\"_blank\" rel=\"noopener\">C\u00f3digo de Deontolog\u00eda del ICOM para Museos de Ciencias Naturales<\/a>, preparado por el\u00a0Grupo de\u00a0trabajo de deontolog\u00eda del Comit\u00e9 Internacional ICOM NATHIST. Aprovado por unanimidad el 16 de agosto de 2013, durante la 23a Asamblea General del ICOM, celebrada en\u00a0R\u00edo de Janeiro (Brasil).<\/p>\n","protected":false},"excerpt":{"rendered":"<p>El Consejo Internacional de Museos\u00a0es una organizaci\u00f3n no gubernamental que trabaja en el \u00e1mbito internacional y aglutina instituciones de car\u00e1cter muse\u00edstico y profesional. Su principal objetivo es la conservaci\u00f3n, mantenimiento y difusi\u00f3n del patrimonio cultural y natural de la humanidad, presente y futuro, tangible e intangible. Est\u00e1 integrado por 32.000 miembros de 136 pa\u00edses, 117 [&hellip;]<\/p>\n","protected":false},"author":3,"featured_media":0,"parent":22016,"menu_order":79,"comment_status":"closed","ping_status":"closed","template":"","meta":{"_acf_changed":false,"footnotes":""},"class_list":["post-22031","page","type-page","status-publish","hentry"],"acf":{"activeu_alerta":false,"arxius_adjunts":false,"boto_de_link_o_mail":false,"imatge_llistat":false,"img_cap":false,"links_associats":false,"nou_carrusel":false,"presenta_fills":"no","tambe_us_pot_interessar":"","text_alerta":"","presenta_peu":false,"segona_part":""},"jetpack_sharing_enabled":true,"_links":{"self":[{"href":"https:\/\/museuciencies.cat\/es\/wp-json\/wp\/v2\/pages\/22031","targetHints":{"allow":["GET"]}}],"collection":[{"href":"https:\/\/museuciencies.cat\/es\/wp-json\/wp\/v2\/pages"}],"about":[{"href":"https:\/\/museuciencies.cat\/es\/wp-json\/wp\/v2\/types\/page"}],"author":[{"embeddable":true,"href":"https:\/\/museuciencies.cat\/es\/wp-json\/wp\/v2\/users\/3"}],"replies":[{"embeddable":true,"href":"https:\/\/museuciencies.cat\/es\/wp-json\/wp\/v2\/comments?post=22031"}],"version-history":[{"count":1,"href":"https:\/\/museuciencies.cat\/es\/wp-json\/wp\/v2\/pages\/22031\/revisions"}],"predecessor-version":[{"id":114128,"href":"https:\/\/museuciencies.cat\/es\/wp-json\/wp\/v2\/pages\/22031\/revisions\/114128"}],"up":[{"embeddable":true,"href":"https:\/\/museuciencies.cat\/es\/wp-json\/wp\/v2\/pages\/22016"}],"wp:attachment":[{"href":"https:\/\/museuciencies.cat\/es\/wp-json\/wp\/v2\/media?parent=22031"}],"curies":[{"name":"wp","href":"https:\/\/api.w.org\/{rel}","templated":true}]}}