{"id":22028,"date":"2015-05-12T15:51:06","date_gmt":"2015-05-12T15:51:06","guid":{"rendered":"http:\/\/museuciencies.cat\/qui-som\/el-museu\/es-membre-2\/internacionals\/gbif-global-biodiversity-information-facility\/"},"modified":"2015-05-20T16:27:06","modified_gmt":"2015-05-20T16:27:06","slug":"gbif-global-biodiversity-information-facility","status":"publish","type":"page","link":"https:\/\/museuciencies.cat\/es\/el-nat\/quienes-somos\/somos-miembros-de\/internacionales\/gbif-global-biodiversity-information-facility\/","title":{"rendered":"Global Biodiversity Information Facility (GBIF)"},"content":{"rendered":"<p><span style=\"color: #000000;\">La Infraestructura Mundial de Informaci\u00f3n sobre Biodiversidad (<a href=\"http:\/\/www.gbif.es\/\">GBIF<\/a>)\u00a0<\/span>es una organizaci\u00f3n internacional cuyo objetivo es dar acceso a los datos de biodiversidad de todo el mundo con financiaci\u00f3n gubernamental. Permite que cualquier persona, en cualquier lugar, acceda a datos sobre todos los tipos de vida existentes en la Tierra, datos que son compartidos superando las fronteras nacionales a trav\u00e9s de Internet. Ofrece acceso a m\u00e1s de 500 millones de registros sobre m\u00e1s de 1,5 millones de especies.<\/p>\n<p>&nbsp;<\/p>\n","protected":false},"excerpt":{"rendered":"<p>La Infraestructura Mundial de Informaci\u00f3n sobre Biodiversidad (GBIF)\u00a0es una organizaci\u00f3n internacional cuyo objetivo es dar acceso a los datos de biodiversidad de todo el mundo con financiaci\u00f3n gubernamental. Permite que cualquier persona, en cualquier lugar, acceda a datos sobre todos los tipos de vida existentes en la Tierra, datos que son compartidos superando las fronteras [&hellip;]<\/p>\n","protected":false},"author":3,"featured_media":0,"parent":22016,"menu_order":78,"comment_status":"closed","ping_status":"closed","template":"","meta":{"_acf_changed":false,"footnotes":""},"class_list":["post-22028","page","type-page","status-publish","hentry"],"acf":{"activeu_alerta":false,"arxius_adjunts":false,"boto_de_link_o_mail":false,"imatge_llistat":false,"img_cap":false,"links_associats":false,"nou_carrusel":false,"presenta_fills":"no","tambe_us_pot_interessar":"","text_alerta":""},"jetpack_sharing_enabled":true,"_links":{"self":[{"href":"https:\/\/museuciencies.cat\/es\/wp-json\/wp\/v2\/pages\/22028","targetHints":{"allow":["GET"]}}],"collection":[{"href":"https:\/\/museuciencies.cat\/es\/wp-json\/wp\/v2\/pages"}],"about":[{"href":"https:\/\/museuciencies.cat\/es\/wp-json\/wp\/v2\/types\/page"}],"author":[{"embeddable":true,"href":"https:\/\/museuciencies.cat\/es\/wp-json\/wp\/v2\/users\/3"}],"replies":[{"embeddable":true,"href":"https:\/\/museuciencies.cat\/es\/wp-json\/wp\/v2\/comments?post=22028"}],"version-history":[{"count":0,"href":"https:\/\/museuciencies.cat\/es\/wp-json\/wp\/v2\/pages\/22028\/revisions"}],"up":[{"embeddable":true,"href":"https:\/\/museuciencies.cat\/es\/wp-json\/wp\/v2\/pages\/22016"}],"wp:attachment":[{"href":"https:\/\/museuciencies.cat\/es\/wp-json\/wp\/v2\/media?parent=22028"}],"curies":[{"name":"wp","href":"https:\/\/api.w.org\/{rel}","templated":true}]}}