{"id":22025,"date":"2015-05-12T15:51:59","date_gmt":"2015-05-12T15:51:59","guid":{"rendered":"http:\/\/museuciencies.cat\/qui-som\/el-museu\/es-membre-2\/internacionals\/botanic-garden-conservation-international-bgci\/"},"modified":"2015-05-20T16:25:40","modified_gmt":"2015-05-20T16:25:40","slug":"botanic-garden-conservation-international-bgci","status":"publish","type":"page","link":"https:\/\/museuciencies.cat\/es\/el-nat\/quienes-somos\/somos-miembros-de\/internacionales\/botanic-garden-conservation-international-bgci\/","title":{"rendered":"Botanic Gardens Conservation International (BGCI)"},"content":{"rendered":"<p>El <a href=\"https:\/\/www.google.es\/search?q=Botanic+Garden+Conservation+International&amp;oq=Botanic+Garden+Conservation+International&amp;aqs=chrome..69i57j69i59.555j0j8&amp;sourceid=chrome&amp;es_sm=93&amp;ie=UTF-8\">BGCI<\/a>\u00a0es la autoridad mundial en jardines bot\u00e1nicos y conservaci\u00f3n de plantas y la \u00fanica organizaci\u00f3n mundial dedicada a la conservaci\u00f3n de la diversidad vegetal del mundo. Representa a los jardines bot\u00e1nicos de todo el mundo y da apoyo y capacita a los miembros y a la comunidad dedicada a la conservaci\u00f3n para que sus conocimientos y experiencia se puedan poner al servicio del 20% de las plantas que, como m\u00ednimo, est\u00e1n amenazadas de extinci\u00f3n. Cuenta con m\u00e1s de 700 miembros de 118 pa\u00edses<\/p>\n","protected":false},"excerpt":{"rendered":"<p>El BGCI\u00a0es la autoridad mundial en jardines bot\u00e1nicos y conservaci\u00f3n de plantas y la \u00fanica organizaci\u00f3n mundial dedicada a la conservaci\u00f3n de la diversidad vegetal del mundo. Representa a los jardines bot\u00e1nicos de todo el mundo y da apoyo y capacita a los miembros y a la comunidad dedicada a la conservaci\u00f3n para que sus [&hellip;]<\/p>\n","protected":false},"author":3,"featured_media":0,"parent":22016,"menu_order":76,"comment_status":"closed","ping_status":"closed","template":"","meta":{"_acf_changed":false,"footnotes":""},"class_list":["post-22025","page","type-page","status-publish","hentry"],"acf":{"activeu_alerta":false,"arxius_adjunts":false,"boto_de_link_o_mail":false,"imatge_llistat":false,"img_cap":false,"links_associats":false,"nou_carrusel":false,"presenta_fills":"no","tambe_us_pot_interessar":"","text_alerta":""},"jetpack_sharing_enabled":true,"_links":{"self":[{"href":"https:\/\/museuciencies.cat\/es\/wp-json\/wp\/v2\/pages\/22025","targetHints":{"allow":["GET"]}}],"collection":[{"href":"https:\/\/museuciencies.cat\/es\/wp-json\/wp\/v2\/pages"}],"about":[{"href":"https:\/\/museuciencies.cat\/es\/wp-json\/wp\/v2\/types\/page"}],"author":[{"embeddable":true,"href":"https:\/\/museuciencies.cat\/es\/wp-json\/wp\/v2\/users\/3"}],"replies":[{"embeddable":true,"href":"https:\/\/museuciencies.cat\/es\/wp-json\/wp\/v2\/comments?post=22025"}],"version-history":[{"count":0,"href":"https:\/\/museuciencies.cat\/es\/wp-json\/wp\/v2\/pages\/22025\/revisions"}],"up":[{"embeddable":true,"href":"https:\/\/museuciencies.cat\/es\/wp-json\/wp\/v2\/pages\/22016"}],"wp:attachment":[{"href":"https:\/\/museuciencies.cat\/es\/wp-json\/wp\/v2\/media?parent=22025"}],"curies":[{"name":"wp","href":"https:\/\/api.w.org\/{rel}","templated":true}]}}