{"id":22003,"date":"2015-05-12T15:09:46","date_gmt":"2015-05-12T15:09:46","guid":{"rendered":"http:\/\/museuciencies.cat\/qui-som\/el-museu\/es-membre-2\/"},"modified":"2017-12-04T13:11:32","modified_gmt":"2017-12-04T11:11:32","slug":"somos-miembros-de","status":"publish","type":"page","link":"https:\/\/museuciencies.cat\/es\/el-nat\/quienes-somos\/somos-miembros-de\/","title":{"rendered":"Somos miembros de"},"content":{"rendered":"<p>El Museo de Ciencias Naturales es miembro de diferentes <strong>redes y asociaciones<\/strong> cuyo objetivo prioritario es conectar instituciones y centros internacionales, espa\u00f1oles y locales que trabajan en los \u00e1mbitos de la conservaci\u00f3n del patrimonio y de la comunicaci\u00f3n y la difusi\u00f3n cient\u00edfica:<\/p>\n<ul>\n<li><a href=\"\/es\/el-nat\/quienes-somos\/somos-miembros-de\/internacionales\/\" target=\"_blank\" rel=\"noopener noreferrer\">Internacionales<\/a><\/li>\n<li><a href=\"\/es\/el-nat\/quienes-somos\/somos-miembros-de\/espanolas\/\" target=\"_blank\" rel=\"noopener noreferrer\">Espa\u00f1olas<\/a><\/li>\n<li><a href=\"\/es\/el-nat\/quienes-somos\/somos-miembros-de\/catalanas\/\" target=\"_blank\" rel=\"noopener noreferrer\">Catalanas<\/a><\/li>\n<\/ul>\n<p>El personal del Museo tambi\u00e9n forma parte de otras redes y asociaciones de comunicaci\u00f3n y difusi\u00f3n del patrimonio: <a href=\"http:\/\/museuciencies.cat\/wp-content\/uploads\/Associacions-i-xarxes-csv.pdf\">ver la relaci\u00f3n<\/a>.<\/p>\n","protected":false},"excerpt":{"rendered":"<p>El Museo de Ciencias Naturales es miembro de diferentes redes y asociaciones cuyo objetivo prioritario es conectar instituciones y centros internacionales, espa\u00f1oles y locales que trabajan en los \u00e1mbitos de la conservaci\u00f3n del patrimonio y de la comunicaci\u00f3n y la difusi\u00f3n cient\u00edfica: Internacionales Espa\u00f1olas Catalanas El personal del Museo tambi\u00e9n forma parte de otras redes [&hellip;]<\/p>\n","protected":false},"author":3,"featured_media":0,"parent":45413,"menu_order":187,"comment_status":"closed","ping_status":"closed","template":"","meta":{"_acf_changed":false,"footnotes":""},"class_list":["post-22003","page","type-page","status-publish","hentry"],"acf":{"activeu_alerta":false,"arxius_adjunts":false,"boto_de_link_o_mail":false,"imatge_llistat":false,"img_cap":6074,"links_associats":false,"nou_carrusel":false,"presenta_fills":"no","tambe_us_pot_interessar":"","text_alerta":"","presenta_peu":false},"jetpack_sharing_enabled":true,"_links":{"self":[{"href":"https:\/\/museuciencies.cat\/es\/wp-json\/wp\/v2\/pages\/22003","targetHints":{"allow":["GET"]}}],"collection":[{"href":"https:\/\/museuciencies.cat\/es\/wp-json\/wp\/v2\/pages"}],"about":[{"href":"https:\/\/museuciencies.cat\/es\/wp-json\/wp\/v2\/types\/page"}],"author":[{"embeddable":true,"href":"https:\/\/museuciencies.cat\/es\/wp-json\/wp\/v2\/users\/3"}],"replies":[{"embeddable":true,"href":"https:\/\/museuciencies.cat\/es\/wp-json\/wp\/v2\/comments?post=22003"}],"version-history":[{"count":0,"href":"https:\/\/museuciencies.cat\/es\/wp-json\/wp\/v2\/pages\/22003\/revisions"}],"up":[{"embeddable":true,"href":"https:\/\/museuciencies.cat\/es\/wp-json\/wp\/v2\/pages\/45413"}],"wp:attachment":[{"href":"https:\/\/museuciencies.cat\/es\/wp-json\/wp\/v2\/media?parent=22003"}],"curies":[{"name":"wp","href":"https:\/\/api.w.org\/{rel}","templated":true}]}}