{"id":20968,"date":"2014-05-12T14:06:02","date_gmt":"2014-05-12T14:06:02","guid":{"rendered":"http:\/\/museuciencies.cat\/visitanos\/museu-blau\/informacion-practica\/recomanacions\/"},"modified":"2022-08-17T13:06:44","modified_gmt":"2022-08-17T11:06:44","slug":"recomendaciones","status":"publish","type":"page","link":"https:\/\/museuciencies.cat\/es\/el-nat\/las-sedes\/museo-de-ciencias-naturales-de-barcelona\/informacion-practica\/recomendaciones\/","title":{"rendered":"Recomendaciones"},"content":{"rendered":"<p><strong>Para aprovechar m\u00e1s su visita tenga en cuenta que:<\/strong><\/p>\n<ul>\n<li>En la recepci\u00f3n del Museo encontrar\u00e9is unas \u00abjaulas\u00bb especiales para guardar vuestras bicicletas plegables.<\/li>\n<li>El Museo no dispone de consignas para objetos que tengan unas dimensiones superiores a 100 x 40 x 50 cm. Le recomendamos que no lleve sistemas de movilidad rodada como bicicletas, monopatines, patines o cualquier otro ingenio de transporte el\u00e9ctrico, excepto los que sean necesarios para las personas con movilidad reducida.<\/li>\n<li>El Museo da entrada preferente a las personas con movilidad reducida y sus acompa\u00f1antes en las colas de acceso al equipamiento.<\/li>\n<li>Debe accederse al Museo calzado.<\/li>\n<\/ul>\n<p><strong>Acceso de los menores de edad al Museo:<\/strong><\/p>\n<ul>\n<li>No se permitir\u00e1 el acceso al Museo a los menores de 11 a\u00f1os sin el acompa\u00f1amiento de un adulto.<\/li>\n<li>En caso de que los ni\u00f1os entre 11 y 14 a\u00f1os quieran acceder al Museo sin el acompa\u00f1amiento de un adulto, el personal de atenci\u00f3n al p\u00fablico les informar\u00e1 de lo siguiente:\n<ul>\n<li>Que el padre, madre o tutor legal del\/la menor debe acudir presencialmente al Museo para llenar una hoja de autorizaci\u00f3n que se le entregar\u00e1\u00a0en taquillas y que\u00a0tendr\u00e1 que llevar una fotocopia del DNI. Sin este documento, no se permitir\u00e1 el acceso al Museo, excepto\u00a0a la Mediateca, a la que se podr\u00e1 acceder sin autorizaci\u00f3n previa.<\/li>\n<li>Esta autorizaci\u00f3n tendr\u00e1 una validez de 6 meses, por lo que no ser\u00e1 necesario que se\u00a0solicite cada vez que se quiera visitar el Museo.<\/li>\n<li>El personal de atenci\u00f3n al p\u00fablico acompa\u00f1ar\u00e1 a los\/las menores de los que\u00a0se tenga autorizaci\u00f3n.<\/li>\n<li>En caso de que\u00a0acuda un\/a menor en horario escolar, se le indicar\u00e1 que no puede acceder al Museo y que vuelva a su centro escolar.<\/li>\n<li>A los consejeros del Museo no se les aplicar\u00e1 esta norma, ya que\u00a0disponen de un carnet.<\/li>\n<\/ul>\n<\/li>\n<\/ul>\n<p>Los comentarios o sugerencias son bienvenidos. El Museo dispone de hojas de reclamaci\u00f3n y\/o sugerencia a disposici\u00f3n de los visitantes.<\/p>\n<p><a href=\"http:\/\/museuciencies.cat\/wp-content\/uploads\/Logos_recomanacions_Museu_Blau.jpg\"><img loading=\"lazy\" decoding=\"async\" class=\"alignnone wp-image-20962\" src=\"https:\/\/museuciencies.cat\/wp-content\/uploads\/\/Logos_recomanacions_Museu_Blau-615x129.jpg\" alt=\"Logos_recomanacions_Museu_Blau\" width=\"367\" height=\"77\" srcset=\"https:\/\/museuciencies.cat\/wp-content\/uploads\/Logos_recomanacions_Museu_Blau-615x129.jpg 615w, https:\/\/museuciencies.cat\/wp-content\/uploads\/Logos_recomanacions_Museu_Blau-1024x216.jpg 1024w, https:\/\/museuciencies.cat\/wp-content\/uploads\/Logos_recomanacions_Museu_Blau.jpg 1079w\" sizes=\"auto, (max-width: 367px) 100vw, 367px\" \/><\/a><\/p>\n","protected":false},"excerpt":{"rendered":"<p>Para aprovechar m\u00e1s su visita tenga en cuenta que: En la recepci\u00f3n del Museo encontrar\u00e9is unas \u00abjaulas\u00bb especiales para guardar vuestras bicicletas plegables. El Museo no dispone de consignas para objetos que tengan unas dimensiones superiores a 100 x 40 x 50 cm. Le recomendamos que no lleve sistemas de movilidad rodada como bicicletas, monopatines, [&hellip;]<\/p>\n","protected":false},"author":2,"featured_media":0,"parent":12877,"menu_order":281,"comment_status":"closed","ping_status":"closed","template":"","meta":{"_acf_changed":false,"footnotes":""},"class_list":["post-20968","page","type-page","status-publish","hentry"],"acf":{"activeu_alerta":false,"arxius_adjunts":false,"boto_de_link_o_mail":false,"imatge_llistat":false,"img_cap":7972,"links_associats":false,"nou_carrusel":false,"presenta_fills":"no","tambe_us_pot_interessar":"","text_alerta":"","presenta_peu":false},"jetpack_sharing_enabled":true,"_links":{"self":[{"href":"https:\/\/museuciencies.cat\/es\/wp-json\/wp\/v2\/pages\/20968","targetHints":{"allow":["GET"]}}],"collection":[{"href":"https:\/\/museuciencies.cat\/es\/wp-json\/wp\/v2\/pages"}],"about":[{"href":"https:\/\/museuciencies.cat\/es\/wp-json\/wp\/v2\/types\/page"}],"author":[{"embeddable":true,"href":"https:\/\/museuciencies.cat\/es\/wp-json\/wp\/v2\/users\/2"}],"replies":[{"embeddable":true,"href":"https:\/\/museuciencies.cat\/es\/wp-json\/wp\/v2\/comments?post=20968"}],"version-history":[{"count":0,"href":"https:\/\/museuciencies.cat\/es\/wp-json\/wp\/v2\/pages\/20968\/revisions"}],"up":[{"embeddable":true,"href":"https:\/\/museuciencies.cat\/es\/wp-json\/wp\/v2\/pages\/12877"}],"wp:attachment":[{"href":"https:\/\/museuciencies.cat\/es\/wp-json\/wp\/v2\/media?parent=20968"}],"curies":[{"name":"wp","href":"https:\/\/api.w.org\/{rel}","templated":true}]}}