{"id":19384,"date":"2014-05-12T13:41:06","date_gmt":"2014-05-12T13:41:06","guid":{"rendered":"http:\/\/museuciencies.cat\/area-cientifica\/col%c2%b7leccions\/col%c2%b7leccions-botaniques\/llavors\/"},"modified":"2025-04-22T12:48:54","modified_gmt":"2025-04-22T10:48:54","slug":"semillas","status":"publish","type":"page","link":"https:\/\/museuciencies.cat\/es\/area-cientifica\/colecciones\/colecciones-botanicas\/semillas\/","title":{"rendered":"Semillas"},"content":{"rendered":"<p>El Jard\u00edn cuenta con un<strong> Banco de Germoplasma<\/strong> donde se almacenan las semillas de las especies m\u00e1s interesantes tanto desde el punto de vista de la importancia cient\u00edfica como de la conservaci\u00f3n. As\u00ed, el Jard\u00edn aporta las herramientas e infraestructuras b\u00e1sicas para que el conjunto de instituciones bot\u00e1nicas dedicadas a la conservaci\u00f3n puedan disponer de ellas para desarrollar sus proyectos en la medida en que sean necesarias.<\/p>\n<p>Los bancos de germoplasma son colecciones de material gen\u00e9tico, principalmente en forma de semillas, que se conservan en condiciones especiales de temperatura y humedad y que permiten que la utilizaci\u00f3n de este material se mantenga durante largos periodos de tiempo. El banco es una herramienta que permite mantener las especies en estado de reposo y hacerlas germinar siempre que se necesita material fresco, ya sea para nuevos estudios de investigaci\u00f3n o para obtener plantas a fin de reintroducirlas en su h\u00e1bitat natural.<\/p>\n<p>Seg\u00fan el Convenio de Diversidad Biol\u00f3gica, firmado en R\u00edo de Janeiro en el a\u00f1o 1992, los estados firmantes se comprometen a tener el 60 por ciento de las especies amenazadas de su territorio conservadas en bancos de germoplasma y el 10 por ciento incluidas en programas de recuperaci\u00f3n. Esperamos que el Jard\u00edn Bot\u00e1nico sea un elemento clave para alcanzar este compromiso en pro de la conservaci\u00f3n global de la biodiversidad.<\/p>\n<h3 style=\"color: #1e1b1e;\">Index\u00a0Seminum<\/h3>\n<p>El Index Seminum es un cat\u00e1logo anual de semillas disponibles para intercambiar entre jardines.<\/p>\n<p>Cada a\u00f1o desde los diferentes jardines del mundo se realiza una lista de las semillas disponibles que tiene cada centro para ofrecer e intercambiar con otros jardines.<\/p>\n<p>Las semillas se ofrecen de forma libre y gratuita \u00fanicamente para la investigaci\u00f3n, ensayos, educaci\u00f3n y desarrollo de las colecciones.<\/p>\n<p><a href=\"https:\/\/museuciencies.cat\/wp-content\/uploads\/2025\/04\/Index-Seminum-AIMJB-2024-2025_JardiBotanicdeBarcelona.pdf\" target=\"_blank\" rel=\"noopener\">Cat\u00e1logo 2024_2025<\/a><\/p>\n","protected":false},"excerpt":{"rendered":"<p>El Jard\u00edn cuenta con un Banco de Germoplasma donde se almacenan las semillas de las especies m\u00e1s interesantes tanto desde el punto de vista de la importancia cient\u00edfica como de la conservaci\u00f3n. As\u00ed, el Jard\u00edn aporta las herramientas e infraestructuras b\u00e1sicas para que el conjunto de instituciones bot\u00e1nicas dedicadas a la conservaci\u00f3n puedan disponer de [&hellip;]<\/p>\n","protected":false},"author":2,"featured_media":0,"parent":12834,"menu_order":0,"comment_status":"closed","ping_status":"closed","template":"page-fill-coleccions.php","meta":{"_acf_changed":false,"footnotes":""},"class_list":["post-19384","page","type-page","status-publish","hentry"],"acf":{"activeu_alerta":false,"arxius_adjunts":false,"boto_de_link_o_mail":false,"descripcio":"","imatge_llistat":false,"img_cap":7787,"links_associats":false,"llista_equip_museu":"","llista_fons":false,"llista_investigadors":false,"llista_voluntaris":false,"nou_carrusel":false,"presenta_fills":"no","tambe_us_pot_interessar":"","text_alerta":"","text_fons_de_la_colleccio":"","text_fons_dingres":"","text_fons_documental":"","text_galeria_dimatges":"","text_guies_de_lectura":"","text_novetats_bibliografiques":"","text_preparacio_i_conservacio":"","tipologia_de_colaborador":false,"llista_estudiants":false,"presenta_peu":false,"segona_part":""},"jetpack_sharing_enabled":true,"_links":{"self":[{"href":"https:\/\/museuciencies.cat\/es\/wp-json\/wp\/v2\/pages\/19384","targetHints":{"allow":["GET"]}}],"collection":[{"href":"https:\/\/museuciencies.cat\/es\/wp-json\/wp\/v2\/pages"}],"about":[{"href":"https:\/\/museuciencies.cat\/es\/wp-json\/wp\/v2\/types\/page"}],"author":[{"embeddable":true,"href":"https:\/\/museuciencies.cat\/es\/wp-json\/wp\/v2\/users\/2"}],"replies":[{"embeddable":true,"href":"https:\/\/museuciencies.cat\/es\/wp-json\/wp\/v2\/comments?post=19384"}],"version-history":[{"count":1,"href":"https:\/\/museuciencies.cat\/es\/wp-json\/wp\/v2\/pages\/19384\/revisions"}],"predecessor-version":[{"id":119118,"href":"https:\/\/museuciencies.cat\/es\/wp-json\/wp\/v2\/pages\/19384\/revisions\/119118"}],"up":[{"embeddable":true,"href":"https:\/\/museuciencies.cat\/es\/wp-json\/wp\/v2\/pages\/12834"}],"wp:attachment":[{"href":"https:\/\/museuciencies.cat\/es\/wp-json\/wp\/v2\/media?parent=19384"}],"curies":[{"name":"wp","href":"https:\/\/api.w.org\/{rel}","templated":true}]}}