{"id":19363,"date":"2014-01-31T09:37:58","date_gmt":"2014-01-31T09:37:58","guid":{"rendered":"http:\/\/museuciencies.cat\/area-cientifica\/col%c2%b7leccions\/cercador-de-col%c2%b7leccions\/"},"modified":"2023-07-17T09:50:01","modified_gmt":"2023-07-17T07:50:01","slug":"acceso-a-las-bases-de-datos","status":"publish","type":"page","link":"https:\/\/museuciencies.cat\/es\/area-cientifica\/colecciones\/acces-a-les-colleccions\/acceso-a-las-bases-de-datos\/","title":{"rendered":"Acceso a las bases de datos"},"content":{"rendered":"<p>El fondo patrimonial de las colecciones del Museo y del <a href=\"https:\/\/www.ibb.csic.es\/es\/\" target=\"_blank\" rel=\"noopener noreferrer\">Instituto Bot\u00e1nico de Barcelona (IBB)<\/a> tiene una parte digitalizada abierta a la consulta mediante el acceso a bases de datos. A trav\u00e9s de diferentes v\u00edas se puede consultar el fondo de las colecciones de geolog\u00eda, paleontolog\u00eda, zoolog\u00eda y bot\u00e0nica.<\/p>\n<p>La documentaci\u00f3n, la depuraci\u00f3n de datos, la digitalizaci\u00f3n y la publicaci\u00f3n en internet son proyectos activos en todas las colecciones, que peri\u00f3dicamente actualizan los contenidos consultables v\u00eda web.<\/p>\n<p>En el caso de requerir m\u00e1s informaci\u00f3n sobre el fondo, dir\u00edjase a los y las conservadoras de las colecciones.<\/p>\n<h3>Portal Bioexplora &#8211; <a href=\"https:\/\/www.bioexplora.cat\/es\/colecciones\" target=\"_blank\" rel=\"noopener noreferrer\">Colecciones<\/a><\/h3>\n<p>Este portal aloja varios proyectos que dan visibilidad al fondo de colecciones accediendo a trav\u00e9s de varias bases de datos:<\/p>\n<ul>\n<li><a href=\"https:\/\/www.bioexplora.cat\/es\/colecciones-abiertas\" target=\"_blank\" rel=\"noopener noreferrer\"><strong>COLECCIONES ABIERTAS<\/strong><\/a>: \u00a0accede al fondo digitalizado<\/li>\n<li><a href=\"https:\/\/www.bioexplora.cat\/es\/taxoymap\" target=\"_blank\" rel=\"noopener noreferrer\"><strong>Taxo&amp;Map:<\/strong><\/a> accede al fondo a trav\u00e9s de la selecci\u00f3n de organismos y al mismo tiempo de su \u00e1rea geogr\u00e1fica.<\/li>\n<li><a href=\"https:\/\/www.bioexplora.cat\/ncd\/inici\/lang-es\" target=\"_blank\" rel=\"noopener noreferrer\"><strong>Guia de fondos y colecciones<\/strong><\/a>: accede a la fichas de descripci\u00f3n del fondo.<\/li>\n<\/ul>\n<h3>Portal Bioexplora &#8211; <a href=\"https:\/\/www.bioexplora.cat\/es\/proyectos\" target=\"_blank\" rel=\"noopener noreferrer\">Proyectos<\/a><\/h3>\n<p>Espacio del portal donde los datos de colecciones y sus informaciones asociadas se presentan enlazadas dentro de proyectos.<\/p>\n<ul>\n<li><a href=\"https:\/\/www.bioexplora.cat\/WIKICOLLECTA\/index.php\/es\/especimens-tipus\" target=\"_blank\" rel=\"noopener noreferrer\"><strong>Espec\u00edmenes tipo<\/strong><\/a>: cat\u00e1logo de los espec\u00edmenes testigos de la existencia de taxones.<\/li>\n<li><a href=\"https:\/\/www.bioexplora.cat\/WIKICOLLECTA\/index.php\/es\/protagonistes\" target=\"_blank\" rel=\"noopener noreferrer\"><strong>Protagonistas<\/strong><\/a>: cat\u00e1logo de personas y entidades vinculadas al patrimonio de colecciones.<\/li>\n<li><a href=\"https:\/\/www.bioexplora.cat\/es\/atlas-osteologico\" target=\"_blank\" rel=\"noopener noreferrer\"><strong>Cat\u00e1logo 3D<\/strong><\/a>: modelos 3D generados a partir de los ejemplares de colecciones.<\/li>\n<li><strong><a href=\"https:\/\/www.bioexplora.cat\/es\/georeferenciacion\" target=\"_blank\" rel=\"noopener noreferrer\">Georeferenciaci\u00f3n<\/a><\/strong>: cat\u00e1logo detallado de localidades de recolecci\u00f3n de los espec\u00edmenes de colecciones.<\/li>\n<li><a href=\"https:\/\/www.bioexplora.cat\/WIKICOLLECTA\/index.php\/es\/briozous\" target=\"_blank\" rel=\"noopener noreferrer\"><strong>Briozoos<\/strong><\/a>: la diversidad de briozoos del Mediterr\u00e1neo Occidental descrita y explicada.<\/li>\n<\/ul>\n<h3><a href=\"https:\/\/www.icgc.cat\/es\/Administracion-y-empresa\/Servicios\/Geologia\/Base-de-datos-de-holotipos-y-otros-tipos-nomenclaturales\" target=\"_blank\" rel=\"noopener noreferrer\">ICGC &#8211; Base de datos\u00a0 de holotipos y otros tipos nomenclaturales<\/a><\/h3>\n<p>Acceso al fondo de tipo nomenclaturales -holotips, sintips, Lectotipo y neotipo de la colecci\u00f3n de paleontolog\u00eda del Museo.<\/p>\n<h3>GBIF: Global Biodiversity Information Facility<\/h3>\n<p>Es la mayor infraestructura internacional de acceso libre y gratuito a datos de biodiversidad. Se alojan datos de colecciones de museos de todo el mundo, centros de investigaci\u00f3n y universidades.<\/p>\n<ul>\n<li><a href=\"https:\/\/www.gbif.org\/publisher\/e8eada63-4a33-44aa-b2fd-4f71efb222a0\" target=\"_blank\" rel=\"noopener noreferrer\">GBIF \u2013 Data Publisher MCNB\u00a0\u00a0<\/a><\/li>\n<li><a href=\"https:\/\/www.gbif.org\/publisher\/6f3ccc65-0a54-4e65-ae7e-13b92d618e7c\" target=\"_blank\" rel=\"noopener noreferrer\">GBIF \u2013 Data Publisher IBB-CSIC-ICUB<\/a><\/li>\n<\/ul>\n","protected":false},"excerpt":{"rendered":"<p>El fondo patrimonial de las colecciones del Museo y del Instituto Bot\u00e1nico de Barcelona (IBB) tiene una parte digitalizada abierta a la consulta mediante el acceso a bases de datos. A trav\u00e9s de diferentes v\u00edas se puede consultar el fondo de las colecciones de geolog\u00eda, paleontolog\u00eda, zoolog\u00eda y bot\u00e0nica. La documentaci\u00f3n, la depuraci\u00f3n de datos, [&hellip;]<\/p>\n","protected":false},"author":2,"featured_media":0,"parent":81198,"menu_order":14,"comment_status":"closed","ping_status":"closed","template":"","meta":{"_acf_changed":false,"footnotes":""},"class_list":["post-19363","page","type-page","status-publish","hentry"],"acf":{"activeu_alerta":false,"arxius_adjunts":false,"boto_de_link_o_mail":false,"imatge_llistat":false,"img_cap":71972,"links_associats":false,"nou_carrusel":false,"presenta_fills":"no","tambe_us_pot_interessar":"","text_alerta":"","presenta_peu":false,"segona_part":""},"jetpack_sharing_enabled":true,"_links":{"self":[{"href":"https:\/\/museuciencies.cat\/es\/wp-json\/wp\/v2\/pages\/19363","targetHints":{"allow":["GET"]}}],"collection":[{"href":"https:\/\/museuciencies.cat\/es\/wp-json\/wp\/v2\/pages"}],"about":[{"href":"https:\/\/museuciencies.cat\/es\/wp-json\/wp\/v2\/types\/page"}],"author":[{"embeddable":true,"href":"https:\/\/museuciencies.cat\/es\/wp-json\/wp\/v2\/users\/2"}],"replies":[{"embeddable":true,"href":"https:\/\/museuciencies.cat\/es\/wp-json\/wp\/v2\/comments?post=19363"}],"version-history":[{"count":0,"href":"https:\/\/museuciencies.cat\/es\/wp-json\/wp\/v2\/pages\/19363\/revisions"}],"up":[{"embeddable":true,"href":"https:\/\/museuciencies.cat\/es\/wp-json\/wp\/v2\/pages\/81198"}],"wp:attachment":[{"href":"https:\/\/museuciencies.cat\/es\/wp-json\/wp\/v2\/media?parent=19363"}],"curies":[{"name":"wp","href":"https:\/\/api.w.org\/{rel}","templated":true}]}}