{"id":18929,"date":"2014-11-20T11:20:34","date_gmt":"2014-11-20T11:20:34","guid":{"rendered":"http:\/\/museuciencies.cat\/area-cientifica\/departaments-cientifics\/presentacio\/"},"modified":"2023-01-30T20:30:29","modified_gmt":"2023-01-30T18:30:29","slug":"presentacion","status":"publish","type":"page","link":"https:\/\/museuciencies.cat\/es\/area-cientifica\/departamentos-cientificos\/presentacion\/","title":{"rendered":"Presentaci\u00f3n"},"content":{"rendered":"<h3>El \u00c1rea Cient\u00edfica del Museo<\/h3>\n<p>La conforman los departamentos de Colecciones, de Investigaci\u00f3n y el Centro de Documentaci\u00f3n, as\u00ed como toda la actividad que estos desarrollan, es decir, la conservaci\u00f3n, descripci\u00f3n y estudio del patrimonio natural y documental del fondo. De hecho, nada de lo que se hace en el Museo tendr\u00eda sentido sin el objetivo primero y fundamental, la responsabilidad de la custodia y preservaci\u00f3n de este fondo patrimonial.<\/p>\n<p>Las colecciones est\u00e1n alojadas en almacenes y son conservadas y estudiadas por los y las bi\u00f3logas y por los y las ge\u00f3logas que las documentan (inventariado, catalogaci\u00f3n, informatizaci\u00f3n y publicaci\u00f3n de bases de datos) y facilitan su uso a la comunidad cient\u00edfica, utilizando para ello los laboratorios, como el de preparaci\u00f3n, el de restauraci\u00f3n y conservaci\u00f3n preventiva y el tecnol\u00f3gico.<\/p>\n<p>El Museo participa en proyectos de investigaci\u00f3n con otras instituciones p\u00fablicas como el CSIC y universidades nacionales y extranjeras, desarrollando al mismo tiempo sus propios proyectos relacionados con las colecciones que conserva y con objetivos aplicados al territorio pr\u00f3ximo.<\/p>\n<p>El Centro de Documentaci\u00f3n pone al alcance del equipo t\u00e9cnico del Museo y de la ciudadan\u00edas en general los recursos de informaci\u00f3n que gestiona.<\/p>\n","protected":false},"excerpt":{"rendered":"<p>El \u00c1rea Cient\u00edfica del Museo La conforman los departamentos de Colecciones, de Investigaci\u00f3n y el Centro de Documentaci\u00f3n, as\u00ed como toda la actividad que estos desarrollan, es decir, la conservaci\u00f3n, descripci\u00f3n y estudio del patrimonio natural y documental del fondo. De hecho, nada de lo que se hace en el Museo tendr\u00eda sentido sin el [&hellip;]<\/p>\n","protected":false},"author":2,"featured_media":0,"parent":12829,"menu_order":126,"comment_status":"closed","ping_status":"closed","template":"","meta":{"_acf_changed":false,"footnotes":""},"class_list":["post-18929","page","type-page","status-publish","hentry"],"acf":{"activeu_alerta":false,"arxius_adjunts":false,"boto_de_link_o_mail":false,"imatge_llistat":false,"img_cap":7657,"links_associats":false,"nou_carrusel":false,"presenta_fills":"no","tambe_us_pot_interessar":"","text_alerta":"","presenta_peu":false,"segona_part":""},"jetpack_sharing_enabled":true,"_links":{"self":[{"href":"https:\/\/museuciencies.cat\/es\/wp-json\/wp\/v2\/pages\/18929","targetHints":{"allow":["GET"]}}],"collection":[{"href":"https:\/\/museuciencies.cat\/es\/wp-json\/wp\/v2\/pages"}],"about":[{"href":"https:\/\/museuciencies.cat\/es\/wp-json\/wp\/v2\/types\/page"}],"author":[{"embeddable":true,"href":"https:\/\/museuciencies.cat\/es\/wp-json\/wp\/v2\/users\/2"}],"replies":[{"embeddable":true,"href":"https:\/\/museuciencies.cat\/es\/wp-json\/wp\/v2\/comments?post=18929"}],"version-history":[{"count":0,"href":"https:\/\/museuciencies.cat\/es\/wp-json\/wp\/v2\/pages\/18929\/revisions"}],"up":[{"embeddable":true,"href":"https:\/\/museuciencies.cat\/es\/wp-json\/wp\/v2\/pages\/12829"}],"wp:attachment":[{"href":"https:\/\/museuciencies.cat\/es\/wp-json\/wp\/v2\/media?parent=18929"}],"curies":[{"name":"wp","href":"https:\/\/api.w.org\/{rel}","templated":true}]}}