{"id":18181,"date":"2014-05-12T13:50:23","date_gmt":"2014-05-12T13:50:23","guid":{"rendered":"http:\/\/museuciencies.cat\/area-cientifica\/linies-de-recerca\/ecologia-evolutiva\/ecologia-aplicada\/"},"modified":"2017-04-10T12:18:10","modified_gmt":"2017-04-10T12:18:10","slug":"ecologia-aplicada","status":"publish","type":"page","link":"https:\/\/museuciencies.cat\/es\/area-cientifica\/lineas-de-investigacion\/ecologia-evolutiva\/ecologia-aplicada\/","title":{"rendered":"Ecolog\u00eda aplicada"},"content":{"rendered":"<div class=\"columnacentre\">\n<p>Los conocimientos de los que dispone el Equipo del Museo sobre din\u00e1mica de poblaciones, organizaci\u00f3n social y otros aspectos ecoetol\u00f3gicos es de suma utilidad a la hora de definir estudios aplicados a la gesti\u00f3n de poblaciones protegidas o especies plaga.<\/p>\n<p>Los estudios del Museo se han centrado principalmente en tres especies: la paloma dom\u00e9stica, la cotorra de pecho gris (<em>Myiopsitta monachus<\/em>) y la gaviota arg\u00e9ntea (<em>Larus argentatus<\/em>).<\/p>\n<p>Los esfuerzos se centran en el desarrollo de m\u00e9todos de censo fiables, el estudio de los factores clave que determinan la distribuci\u00f3n y abundancia de las distintas especies en estudio y la estimaci\u00f3n de los posibles da\u00f1os ocasionados.<\/p>\n<p>El Museo trabaja en estos temas bajo contrato o convenio con otras instituciones, proporcionando respuestas y soluciones eminentemente pr\u00e1cticas a los distintos problemas planteados. En el caso de las palomas, por ejemplo, los estudios del Museo han puesto de manifiesto que el control de la poblaci\u00f3n por eliminaci\u00f3n de individuos no repercute de forma significativa en el tama\u00f1o de la misma, debido mayoritariamente a la presencia de mecanismos compensatorios como el aumento de la tasa reproductiva y la redistribuci\u00f3n de los individuos en el espacio.<\/p>\n<\/div>\n","protected":false},"excerpt":{"rendered":"<p>Los conocimientos de los que dispone el Equipo del Museo sobre din\u00e1mica de poblaciones, organizaci\u00f3n social y otros aspectos ecoetol\u00f3gicos es de suma utilidad a la hora de definir estudios aplicados a la gesti\u00f3n de poblaciones protegidas o especies plaga. Los estudios del Museo se han centrado principalmente en tres especies: la paloma dom\u00e9stica, la [&hellip;]<\/p>\n","protected":false},"author":2,"featured_media":0,"parent":18155,"menu_order":140,"comment_status":"closed","ping_status":"closed","template":"page-fills-programes-recerca.php","meta":{"_acf_changed":false,"footnotes":""},"class_list":["post-18181","page","type-page","status-publish","hentry"],"acf":{"activeu_alerta":false,"arxius_adjunts":false,"boto_de_link_o_mail":false,"imatge_llistat":false,"img_cap":7237,"links_associats":false,"llistat_projectes":false,"nou_carrusel":false,"presenta_fills":"no","tambe_us_pot_interessar":"","text_alerta":"","presenta_peu":false},"jetpack_sharing_enabled":true,"_links":{"self":[{"href":"https:\/\/museuciencies.cat\/es\/wp-json\/wp\/v2\/pages\/18181","targetHints":{"allow":["GET"]}}],"collection":[{"href":"https:\/\/museuciencies.cat\/es\/wp-json\/wp\/v2\/pages"}],"about":[{"href":"https:\/\/museuciencies.cat\/es\/wp-json\/wp\/v2\/types\/page"}],"author":[{"embeddable":true,"href":"https:\/\/museuciencies.cat\/es\/wp-json\/wp\/v2\/users\/2"}],"replies":[{"embeddable":true,"href":"https:\/\/museuciencies.cat\/es\/wp-json\/wp\/v2\/comments?post=18181"}],"version-history":[{"count":0,"href":"https:\/\/museuciencies.cat\/es\/wp-json\/wp\/v2\/pages\/18181\/revisions"}],"up":[{"embeddable":true,"href":"https:\/\/museuciencies.cat\/es\/wp-json\/wp\/v2\/pages\/18155"}],"wp:attachment":[{"href":"https:\/\/museuciencies.cat\/es\/wp-json\/wp\/v2\/media?parent=18181"}],"curies":[{"name":"wp","href":"https:\/\/api.w.org\/{rel}","templated":true}]}}