{"id":18172,"date":"2014-05-12T13:47:43","date_gmt":"2014-05-12T13:47:43","guid":{"rendered":"http:\/\/museuciencies.cat\/area-cientifica\/linies-de-recerca\/ecologia-evolutiva\/coloracio-del-plomatge\/"},"modified":"2017-12-01T12:19:05","modified_gmt":"2017-12-01T10:19:05","slug":"coloracion-del-plumaje","status":"publish","type":"page","link":"https:\/\/museuciencies.cat\/es\/area-cientifica\/lineas-de-investigacion\/ecologia-evolutiva\/coloracion-del-plumaje\/","title":{"rendered":"Coloraci\u00f3n del plumaje"},"content":{"rendered":"<p><span style=\"color: #000000;\">Una de las caracter\u00edsticas t\u00edpicas de las aves es la gran vistosidad de la coloraci\u00f3n de su plumaje. En el proyecto se estudian las manchas de color relacionadas con la se\u00f1alizaci\u00f3n de la dominancia y se analiza la importancia de este factor dentro del sistema social de una especie y los mecanismos que mantienen la honestidad. El lugano es una especie ideal para este tipo de estudios.<\/span><\/p>\n<p><span style=\"color: #000000;\">Otro grupo de se\u00f1ales que estudiamos en el color del plumaje se relaciona con se\u00f1ales de apareamiento, que sirven a la hembra para valorar la calidad de los diferentes machos y elegir pareja.<\/span><\/p>\n<p><span style=\"color: #000000;\">V\u00e9ase el <a style=\"color: #000000;\" href=\"http:\/\/www.blogmuseuciencies.org\/2012\/03\/aves-con-caracter\/\">art\u00edculo del blog del Museo<\/a> sobre la investigaci\u00f3n en esta especie.<\/span><\/p>\n","protected":false},"excerpt":{"rendered":"<p>Una de las caracter\u00edsticas t\u00edpicas de las aves es la gran vistosidad de la coloraci\u00f3n de su plumaje. En el proyecto se estudian las manchas de color relacionadas con la se\u00f1alizaci\u00f3n de la dominancia y se analiza la importancia de este factor dentro del sistema social de una especie y los mecanismos que mantienen la [&hellip;]<\/p>\n","protected":false},"author":2,"featured_media":0,"parent":18155,"menu_order":140,"comment_status":"closed","ping_status":"closed","template":"page-fills-programes-recerca.php","meta":{"_acf_changed":false,"footnotes":""},"class_list":["post-18172","page","type-page","status-publish","hentry"],"acf":{"activeu_alerta":false,"arxius_adjunts":false,"boto_de_link_o_mail":false,"imatge_llistat":false,"img_cap":7225,"links_associats":false,"llistat_projectes":false,"nou_carrusel":false,"presenta_fills":"no","tambe_us_pot_interessar":"","text_alerta":"","presenta_peu":false},"jetpack_sharing_enabled":true,"_links":{"self":[{"href":"https:\/\/museuciencies.cat\/es\/wp-json\/wp\/v2\/pages\/18172","targetHints":{"allow":["GET"]}}],"collection":[{"href":"https:\/\/museuciencies.cat\/es\/wp-json\/wp\/v2\/pages"}],"about":[{"href":"https:\/\/museuciencies.cat\/es\/wp-json\/wp\/v2\/types\/page"}],"author":[{"embeddable":true,"href":"https:\/\/museuciencies.cat\/es\/wp-json\/wp\/v2\/users\/2"}],"replies":[{"embeddable":true,"href":"https:\/\/museuciencies.cat\/es\/wp-json\/wp\/v2\/comments?post=18172"}],"version-history":[{"count":0,"href":"https:\/\/museuciencies.cat\/es\/wp-json\/wp\/v2\/pages\/18172\/revisions"}],"up":[{"embeddable":true,"href":"https:\/\/museuciencies.cat\/es\/wp-json\/wp\/v2\/pages\/18155"}],"wp:attachment":[{"href":"https:\/\/museuciencies.cat\/es\/wp-json\/wp\/v2\/media?parent=18172"}],"curies":[{"name":"wp","href":"https:\/\/api.w.org\/{rel}","templated":true}]}}