{"id":18155,"date":"2014-01-31T09:43:22","date_gmt":"2014-01-31T09:43:22","guid":{"rendered":"http:\/\/museuciencies.cat\/area-cientifica\/linies-de-recerca\/ecologia-evolutiva\/"},"modified":"2017-04-10T12:09:15","modified_gmt":"2017-04-10T12:09:15","slug":"ecologia-evolutiva","status":"publish","type":"page","link":"https:\/\/museuciencies.cat\/es\/area-cientifica\/lineas-de-investigacion\/ecologia-evolutiva\/","title":{"rendered":"Ecolog\u00eda Evolutiva"},"content":{"rendered":"<p><span style=\"color: #000000;\">El grupo de Ecolog\u00eda Evolutiva y de la Conducta del Museo trabaja desde principios de los a\u00f1os ochenta en aspectos de organizaci\u00f3n social, ecolog\u00eda y din\u00e1mica de poblaciones.<\/span><\/p>\n<p><span style=\"color: #000000;\">Trabaja en estrecha colaboraci\u00f3n con los equipos del\u00a0<a style=\"color: #000000;\" href=\"http:\/\/www.uu.se\/en\/about-uu\/\">Department<\/a><a style=\"color: #000000;\" href=\"http:\/\/www.uu.se\/en\/about-uu\/\">\u00a0of\u00a0<\/a><a style=\"color: #000000;\" href=\"http:\/\/www.uu.se\/en\/about-uu\/\">Zoology<\/a><a style=\"color: #000000;\" href=\"http:\/\/www.uu.se\/en\/about-uu\/\">, Uppsala University (Su\u00e8cia)<\/a>, la\u00a0<a style=\"color: #000000;\" href=\"http:\/\/uga.edu\/\">Wildlife<\/a><a style=\"color: #000000;\" href=\"http:\/\/uga.edu\/\">\u00a0Unit de la University of\u00a0<\/a><a style=\"color: #000000;\" href=\"http:\/\/uga.edu\/\">Georgia<\/a><a style=\"color: #000000;\" href=\"http:\/\/uga.edu\/\">\u00a0(EUA)<\/a> y la <a style=\"color: #000000;\" href=\"http:\/\/www.ebd.csic.es\/\">Estaci\u00f3n Biol\u00f3gica de Do\u00f1ana &#8211; CSIC<\/a>, con los que comparte de forma coordinada diferentes proyectos de investigaci\u00f3n .<\/span><\/p>\n<p><span style=\"color: #000000;\">Las distintas l\u00edneas de investigaci\u00f3n se presentan de forma independiente, si bien \u00e9stas interaccionan entre s\u00ed compartiendo unos objetivos comunes. Es un ejemplo de ello el estudio de la gesti\u00f3n de reservas grasas, en el que utilizando una se\u00f1al de estatus a partir de la coloraci\u00f3n del plumaje, se predice el grado de dominancia de cada individuo. Al mismo tiempo, pueden analizarse las tasas de supervivencia de dominantes y subordinados a trav\u00e9s de esas se\u00f1ales.<\/span><\/p>\n","protected":false},"excerpt":{"rendered":"<p>El grupo de Ecolog\u00eda Evolutiva y de la Conducta del Museo trabaja desde principios de los a\u00f1os ochenta en aspectos de organizaci\u00f3n social, ecolog\u00eda y din\u00e1mica de poblaciones. Trabaja en estrecha colaboraci\u00f3n con los equipos del\u00a0Department\u00a0of\u00a0Zoology, Uppsala University (Su\u00e8cia), la\u00a0Wildlife\u00a0Unit de la University of\u00a0Georgia\u00a0(EUA) y la Estaci\u00f3n Biol\u00f3gica de Do\u00f1ana &#8211; CSIC, con los que [&hellip;]<\/p>\n","protected":false},"author":2,"featured_media":0,"parent":15026,"menu_order":228,"comment_status":"closed","ping_status":"closed","template":"page-fills-programes-recerca.php","meta":{"_acf_changed":false,"footnotes":""},"class_list":["post-18155","page","type-page","status-publish","hentry"],"acf":{"activeu_alerta":false,"arxius_adjunts":false,"boto_de_link_o_mail":false,"imatge_llistat":false,"img_cap":7216,"links_associats":false,"llistat_projectes":false,"nou_carrusel":false,"presenta_fills":"no","tambe_us_pot_interessar":"","text_alerta":"","presenta_peu":false},"jetpack_sharing_enabled":true,"_links":{"self":[{"href":"https:\/\/museuciencies.cat\/es\/wp-json\/wp\/v2\/pages\/18155","targetHints":{"allow":["GET"]}}],"collection":[{"href":"https:\/\/museuciencies.cat\/es\/wp-json\/wp\/v2\/pages"}],"about":[{"href":"https:\/\/museuciencies.cat\/es\/wp-json\/wp\/v2\/types\/page"}],"author":[{"embeddable":true,"href":"https:\/\/museuciencies.cat\/es\/wp-json\/wp\/v2\/users\/2"}],"replies":[{"embeddable":true,"href":"https:\/\/museuciencies.cat\/es\/wp-json\/wp\/v2\/comments?post=18155"}],"version-history":[{"count":0,"href":"https:\/\/museuciencies.cat\/es\/wp-json\/wp\/v2\/pages\/18155\/revisions"}],"up":[{"embeddable":true,"href":"https:\/\/museuciencies.cat\/es\/wp-json\/wp\/v2\/pages\/15026"}],"wp:attachment":[{"href":"https:\/\/museuciencies.cat\/es\/wp-json\/wp\/v2\/media?parent=18155"}],"curies":[{"name":"wp","href":"https:\/\/api.w.org\/{rel}","templated":true}]}}