{"id":16009,"date":"2014-01-31T08:27:29","date_gmt":"2014-01-31T08:27:29","guid":{"rendered":"http:\/\/museuciencies.cat\/qui-som\/sala-de-premsa\/comunicats\/"},"modified":"2025-05-29T11:21:31","modified_gmt":"2025-05-29T09:21:31","slug":"dosieres-y-notas-de-prensa","status":"publish","type":"page","link":"https:\/\/museuciencies.cat\/es\/comunicacion\/prensa\/dosieres-y-notas-de-prensa\/","title":{"rendered":"Dosieres y notas de prensa"},"content":{"rendered":"<p>Aqu\u00ed encontrar\u00e9is informaci\u00f3n sobre les exposiciones, las colecciones, las actividades y la investigaci\u00f3n del Museo.<\/p>\n<h3>Exposiciones<\/h3>\n<ul>\n<li style=\"list-style-type: none;\">\n<ul>\n<li><strong>Animales Invisibles. Mito, Vida, Extinci\u00f3n, Desextinci\u00f3n<\/strong><\/li>\n<\/ul>\n<\/li>\n<\/ul>\n<p class=\"jetpack-slideshow-noscript robots-nocontent\">El pase de diapositivas requiere JavaScript.<\/p><div id=\"gallery-16009-1-slideshow\" class=\"jetpack-slideshow-window jetpack-slideshow jetpack-slideshow-black\" data-trans=\"fade\" data-autostart=\"1\" data-gallery=\"[{&quot;src&quot;:&quot;https:\\\/\\\/museuciencies.cat\\\/wp-content\\\/uploads\\\/2025\\\/05\\\/IMG-20250514-WA0020-1-scaled.jpg&quot;,&quot;id&quot;:&quot;119970&quot;,&quot;title&quot;:&quot;IMG-20250514-WA0020&quot;,&quot;alt&quot;:&quot;&quot;,&quot;caption&quot;:&quot;Calamargigante. Imagen de Pep Herrero\\\/MCNB&quot;,&quot;itemprop&quot;:&quot;image&quot;},{&quot;src&quot;:&quot;https:\\\/\\\/museuciencies.cat\\\/wp-content\\\/uploads\\\/2025\\\/05\\\/IMG-20250514-WA0069-1-scaled.jpg&quot;,&quot;id&quot;:&quot;119982&quot;,&quot;title&quot;:&quot;IMG-20250514-WA0069&quot;,&quot;alt&quot;:&quot;&quot;,&quot;caption&quot;:&quot;\\u00c1mbito Mito. Imagen de Pep Herrero\\\/MCNB&quot;,&quot;itemprop&quot;:&quot;image&quot;},{&quot;src&quot;:&quot;https:\\\/\\\/museuciencies.cat\\\/wp-content\\\/uploads\\\/2025\\\/05\\\/IMG-20250514-WA0032-1-scaled.jpg&quot;,&quot;id&quot;:&quot;119974&quot;,&quot;title&quot;:&quot;IMG-20250514-WA0032&quot;,&quot;alt&quot;:&quot;&quot;,&quot;caption&quot;:&quot;\\u00c1mbito Tigre de Tasmania. Antoni Muntadas. Imagen de Pep Herrero\\\/MCNB&quot;,&quot;itemprop&quot;:&quot;image&quot;},{&quot;src&quot;:&quot;https:\\\/\\\/museuciencies.cat\\\/wp-content\\\/uploads\\\/2025\\\/05\\\/IMG-20250514-WA0015-1-scaled.jpg&quot;,&quot;id&quot;:&quot;119986&quot;,&quot;title&quot;:&quot;IMG-20250514-WA0015&quot;,&quot;alt&quot;:&quot;&quot;,&quot;caption&quot;:&quot;\\u00c1mbito Desextinci\\u00f3n. Imagen de Pep Herrero\\\/MCNB&quot;,&quot;itemprop&quot;:&quot;image&quot;},{&quot;src&quot;:&quot;https:\\\/\\\/museuciencies.cat\\\/wp-content\\\/uploads\\\/2025\\\/05\\\/IMG-20250514-WA0018-1-scaled.jpg&quot;,&quot;id&quot;:&quot;119990&quot;,&quot;title&quot;:&quot;IMG-20250514-WA0018&quot;,&quot;alt&quot;:&quot;&quot;,&quot;caption&quot;:&quot;\\u00c1mbito Extinci\\u00f3n. Imagen de Pep Herrero\\\/MCNB&quot;,&quot;itemprop&quot;:&quot;image&quot;},{&quot;src&quot;:&quot;https:\\\/\\\/museuciencies.cat\\\/wp-content\\\/uploads\\\/2025\\\/05\\\/IMG-20250514-WA0065-1-scaled.jpg&quot;,&quot;id&quot;:&quot;119978&quot;,&quot;title&quot;:&quot;IMG-20250514-WA0065&quot;,&quot;alt&quot;:&quot;&quot;,&quot;caption&quot;:&quot;Pteranodon. Imagen de Pep Herrero\\\/MCNB&quot;,&quot;itemprop&quot;:&quot;image&quot;},{&quot;src&quot;:&quot;https:\\\/\\\/museuciencies.cat\\\/wp-content\\\/uploads\\\/2025\\\/05\\\/IMG-20250514-WA0058-scaled.jpg&quot;,&quot;id&quot;:&quot;119996&quot;,&quot;title&quot;:&quot;IMG-20250514-WA0058&quot;,&quot;alt&quot;:&quot;&quot;,&quot;caption&quot;:&quot;\\u00c1mbito Vida. Imagen de Pep Herrero\\\/MCNB&quot;,&quot;itemprop&quot;:&quot;image&quot;}]\" itemscope itemtype=\"https:\/\/schema.org\/ImageGallery\"><\/div>\n<p><a href=\"https:\/\/museuciencies.cat\/wp-content\/uploads\/2025\/05\/20250518_COM_AnimalsInvisibles_DdP_CAST.pdf\" target=\"_blank\" rel=\"noopener\">Dosier de prensa<\/a><\/p>\n<ul>\n<li style=\"list-style-type: none;\">\n<ul>\n<li><strong>Agua, una exposici\u00f3n sin filtro<\/strong><\/li>\n<\/ul>\n<\/li>\n<\/ul>\n<p class=\"jetpack-slideshow-noscript robots-nocontent\">El pase de diapositivas requiere JavaScript.<\/p><div id=\"gallery-16009-2-slideshow\" class=\"jetpack-slideshow-window jetpack-slideshow jetpack-slideshow-black\" data-trans=\"fade\" data-autostart=\"1\" data-gallery=\"[{&quot;src&quot;:&quot;https:\\\/\\\/museuciencies.cat\\\/wp-content\\\/uploads\\\/2024\\\/02\\\/nat240214_060-scaled.jpg&quot;,&quot;id&quot;:&quot;108920&quot;,&quot;title&quot;:&quot;nat240214_060&quot;,&quot;alt&quot;:&quot;&quot;,&quot;caption&quot;:&quot;Imatge de Pep Herrero\\\/MCNB&quot;,&quot;itemprop&quot;:&quot;image&quot;},{&quot;src&quot;:&quot;https:\\\/\\\/museuciencies.cat\\\/wp-content\\\/uploads\\\/2024\\\/02\\\/nat240214_017-scaled.jpg&quot;,&quot;id&quot;:&quot;108916&quot;,&quot;title&quot;:&quot;nat240214_017&quot;,&quot;alt&quot;:&quot;&quot;,&quot;caption&quot;:&quot;Imatge de Pep Herrero\\\/MCNB&quot;,&quot;itemprop&quot;:&quot;image&quot;},{&quot;src&quot;:&quot;https:\\\/\\\/museuciencies.cat\\\/wp-content\\\/uploads\\\/2024\\\/02\\\/nat240214_012-scaled.jpg&quot;,&quot;id&quot;:&quot;108928&quot;,&quot;title&quot;:&quot;nat240214_012&quot;,&quot;alt&quot;:&quot;&quot;,&quot;caption&quot;:&quot;Imatge de Pep Herrero\\\/MCNB&quot;,&quot;itemprop&quot;:&quot;image&quot;},{&quot;src&quot;:&quot;https:\\\/\\\/museuciencies.cat\\\/wp-content\\\/uploads\\\/2024\\\/02\\\/nat240214_089-scaled.jpg&quot;,&quot;id&quot;:&quot;108968&quot;,&quot;title&quot;:&quot;nat240214_089&quot;,&quot;alt&quot;:&quot;&quot;,&quot;caption&quot;:&quot;Imatge de Pep Herrero\\\/MCNB&quot;,&quot;itemprop&quot;:&quot;image&quot;},{&quot;src&quot;:&quot;https:\\\/\\\/museuciencies.cat\\\/wp-content\\\/uploads\\\/2024\\\/02\\\/nat240214_083-scaled.jpg&quot;,&quot;id&quot;:&quot;108964&quot;,&quot;title&quot;:&quot;nat240214_083&quot;,&quot;alt&quot;:&quot;&quot;,&quot;caption&quot;:&quot;Imatge de Pep Herrero\\\/MCNB&quot;,&quot;itemprop&quot;:&quot;image&quot;},{&quot;src&quot;:&quot;https:\\\/\\\/museuciencies.cat\\\/wp-content\\\/uploads\\\/2024\\\/02\\\/nat240214_003-scaled.jpg&quot;,&quot;id&quot;:&quot;108972&quot;,&quot;title&quot;:&quot;nat240214_003&quot;,&quot;alt&quot;:&quot;&quot;,&quot;caption&quot;:&quot;Imatge de Pep Herrero\\\/MCNB&quot;,&quot;itemprop&quot;:&quot;image&quot;}]\" itemscope itemtype=\"https:\/\/schema.org\/ImageGallery\"><\/div>\n<p><a href=\"https:\/\/museuciencies.cat\/wp-content\/uploads\/2024\/02\/20240217_COM_ExpoAiguaDdP.pdf\" target=\"_blank\" rel=\"noopener\">Dosier de prensa (en catal\u00e1n)<\/a><\/p>\n<ul>\n<li style=\"list-style-type: none;\">\n<ul>\n<li style=\"list-style-type: none;\">\n<ul>\n<li><strong>\u00c9rase una vez<\/strong><\/li>\n<\/ul>\n<\/li>\n<\/ul>\n<\/li>\n<\/ul>\n<p class=\"jetpack-slideshow-noscript robots-nocontent\">El pase de diapositivas requiere JavaScript.<\/p><div id=\"gallery-16009-3-slideshow\" class=\"jetpack-slideshow-window jetpack-slideshow jetpack-slideshow-black\" data-trans=\"fade\" data-autostart=\"1\" data-gallery=\"[{&quot;src&quot;:&quot;https:\\\/\\\/museuciencies.cat\\\/wp-content\\\/uploads\\\/2022\\\/06\\\/DSC0384-scaled.jpg&quot;,&quot;id&quot;:&quot;91617&quot;,&quot;title&quot;:&quot;_DSC0384&quot;,&quot;alt&quot;:&quot;Sala exposici\\u00f3 Hi havia una vegada&quot;,&quot;caption&quot;:&quot;Imagen de JMdeLlobet\\\/museuciencies&quot;,&quot;itemprop&quot;:&quot;image&quot;},{&quot;src&quot;:&quot;https:\\\/\\\/museuciencies.cat\\\/wp-content\\\/uploads\\\/2022\\\/06\\\/DSC0395-scaled.jpg&quot;,&quot;id&quot;:&quot;91621&quot;,&quot;title&quot;:&quot;_DSC0395&quot;,&quot;alt&quot;:&quot;Sala exposici\\u00f3 Hi havia una vegada&quot;,&quot;caption&quot;:&quot;Imagen de JMdeLlobet\\\/museuciencies&quot;,&quot;itemprop&quot;:&quot;image&quot;},{&quot;src&quot;:&quot;https:\\\/\\\/museuciencies.cat\\\/wp-content\\\/uploads\\\/2022\\\/06\\\/DSC0433-scaled.jpg&quot;,&quot;id&quot;:&quot;91625&quot;,&quot;title&quot;:&quot;_DSC0433&quot;,&quot;alt&quot;:&quot;Sala exposici\\u00f3 Hi havia una vegada&quot;,&quot;caption&quot;:&quot;Imagen de JMdeLlobet\\\/museuciencies&quot;,&quot;itemprop&quot;:&quot;image&quot;},{&quot;src&quot;:&quot;https:\\\/\\\/museuciencies.cat\\\/wp-content\\\/uploads\\\/2022\\\/06\\\/DSC0447-scaled.jpg&quot;,&quot;id&quot;:&quot;91629&quot;,&quot;title&quot;:&quot;_DSC0447&quot;,&quot;alt&quot;:&quot;Sala exposici\\u00f3 Hi havia una vegada&quot;,&quot;caption&quot;:&quot;Imagen de JMdeLlobet\\\/museuciencies&quot;,&quot;itemprop&quot;:&quot;image&quot;},{&quot;src&quot;:&quot;https:\\\/\\\/museuciencies.cat\\\/wp-content\\\/uploads\\\/2022\\\/06\\\/DSC0465-1-scaled.jpg&quot;,&quot;id&quot;:&quot;91637&quot;,&quot;title&quot;:&quot;_DSC0465&quot;,&quot;alt&quot;:&quot;Sala exposici\\u00f3 Hi havia una vegada&quot;,&quot;caption&quot;:&quot;Imagen de JMdeLlobet\\\/museuciencies&quot;,&quot;itemprop&quot;:&quot;image&quot;}]\" itemscope itemtype=\"https:\/\/schema.org\/ImageGallery\"><\/div>\n<p><a href=\"https:\/\/museuciencies.cat\/wp-content\/uploads\/2022\/06\/20220702DdP_HihaviaUnaVegada_vsllg.pdf\">Dosier de prensa<\/a> (en catal\u00e1n)<\/p>\n<ul>\n<li style=\"list-style-type: none;\">\n<ul>\n<li style=\"list-style-type: none;\">\n<ul>\n<li><strong>(In)visibles y (O)cultas<\/strong><\/li>\n<\/ul>\n<\/li>\n<\/ul>\n<\/li>\n<\/ul>\n<p class=\"jetpack-slideshow-noscript robots-nocontent\">El pase de diapositivas requiere JavaScript.<\/p><div id=\"gallery-16009-4-slideshow\" class=\"jetpack-slideshow-window jetpack-slideshow jetpack-slideshow-black\" data-trans=\"fade\" data-autostart=\"1\" data-gallery=\"[{&quot;src&quot;:&quot;https:\\\/\\\/museuciencies.cat\\\/wp-content\\\/uploads\\\/2021\\\/05\\\/DSC0464.jpg&quot;,&quot;id&quot;:&quot;82062&quot;,&quot;title&quot;:&quot;_DSC0464&quot;,&quot;alt&quot;:&quot;&quot;,&quot;caption&quot;:&quot;Imagen de JMLlobet\\\/museuciencies&quot;,&quot;itemprop&quot;:&quot;image&quot;},{&quot;src&quot;:&quot;https:\\\/\\\/museuciencies.cat\\\/wp-content\\\/uploads\\\/2021\\\/05\\\/Sin-ti\\u2560utulo-1.jpg&quot;,&quot;id&quot;:&quot;82054&quot;,&quot;title&quot;:&quot;Sin ti\\u2560\\u00fctulo-1&quot;,&quot;alt&quot;:&quot;&quot;,&quot;caption&quot;:&quot;Imagen de JMLlobet\\\/museuciencies&quot;,&quot;itemprop&quot;:&quot;image&quot;},{&quot;src&quot;:&quot;https:\\\/\\\/museuciencies.cat\\\/wp-content\\\/uploads\\\/2021\\\/05\\\/Sin-ti\\u2560utulo-2.jpg&quot;,&quot;id&quot;:&quot;82058&quot;,&quot;title&quot;:&quot;Sin ti\\u2560\\u00fctulo-2&quot;,&quot;alt&quot;:&quot;&quot;,&quot;caption&quot;:&quot;Imagen de JMLlobet\\\/museuciencies&quot;,&quot;itemprop&quot;:&quot;image&quot;},{&quot;src&quot;:&quot;https:\\\/\\\/museuciencies.cat\\\/wp-content\\\/uploads\\\/2021\\\/05\\\/Foto-10-6-21-10-26-00-scaled.jpg&quot;,&quot;id&quot;:&quot;82074&quot;,&quot;title&quot;:&quot;Foto 10-6-21 10 26 00&quot;,&quot;alt&quot;:&quot;&quot;,&quot;caption&quot;:&quot;Imagen de NextDoorPublish&quot;,&quot;itemprop&quot;:&quot;image&quot;},{&quot;src&quot;:&quot;https:\\\/\\\/museuciencies.cat\\\/wp-content\\\/uploads\\\/2021\\\/05\\\/DSC0503.jpg&quot;,&quot;id&quot;:&quot;82066&quot;,&quot;title&quot;:&quot;_DSC0503&quot;,&quot;alt&quot;:&quot;&quot;,&quot;caption&quot;:&quot;Imagen de JMLlobet\\\/museuciencies&quot;,&quot;itemprop&quot;:&quot;image&quot;},{&quot;src&quot;:&quot;https:\\\/\\\/museuciencies.cat\\\/wp-content\\\/uploads\\\/2021\\\/05\\\/DSC0517.jpg&quot;,&quot;id&quot;:&quot;82070&quot;,&quot;title&quot;:&quot;_DSC0517&quot;,&quot;alt&quot;:&quot;&quot;,&quot;caption&quot;:&quot;Imagen de JMLlobet\\\/museuciencies&quot;,&quot;itemprop&quot;:&quot;image&quot;}]\" itemscope itemtype=\"https:\/\/schema.org\/ImageGallery\"><\/div>\n<p><a href=\"https:\/\/museuciencies.cat\/wp-content\/uploads\/2022\/08\/20210429_COM_NdP_Ocultes_Invisibles.pdf\">Nota de prensa<\/a> (en catal\u00e1n)<\/p>\n<ul>\n<li style=\"list-style-type: none;\">\n<ul>\n<li style=\"list-style-type: none;\">\n<ul>\n<li><strong>M\u00e1s que abejas<\/strong><\/li>\n<\/ul>\n<\/li>\n<\/ul>\n<\/li>\n<\/ul>\n<p class=\"jetpack-slideshow-noscript robots-nocontent\">El pase de diapositivas requiere JavaScript.<\/p><div id=\"gallery-16009-5-slideshow\" class=\"jetpack-slideshow-window jetpack-slideshow jetpack-slideshow-black\" data-trans=\"fade\" data-autostart=\"1\" data-gallery=\"[{&quot;src&quot;:&quot;https:\\\/\\\/museuciencies.cat\\\/wp-content\\\/uploads\\\/2020\\\/10\\\/DSC0912-Panor\\u00edmicapv.jpg&quot;,&quot;id&quot;:&quot;72785&quot;,&quot;title&quot;:&quot;_DSC0912-Panor+\\u00edmicapv&quot;,&quot;alt&quot;:&quot;&quot;,&quot;caption&quot;:&quot;Imagen de Pere Vivas\\\/MCNB&quot;,&quot;itemprop&quot;:&quot;image&quot;},{&quot;src&quot;:&quot;https:\\\/\\\/museuciencies.cat\\\/wp-content\\\/uploads\\\/2020\\\/10\\\/DSC0922pv.jpg&quot;,&quot;id&quot;:&quot;72793&quot;,&quot;title&quot;:&quot;_DSC0922pv&quot;,&quot;alt&quot;:&quot;&quot;,&quot;caption&quot;:&quot;Imagen de Pere Vivas\\\/MCNB&quot;,&quot;itemprop&quot;:&quot;image&quot;},{&quot;src&quot;:&quot;https:\\\/\\\/museuciencies.cat\\\/wp-content\\\/uploads\\\/2020\\\/10\\\/DSC0931pv.jpg&quot;,&quot;id&quot;:&quot;72797&quot;,&quot;title&quot;:&quot;_DSC0931pv&quot;,&quot;alt&quot;:&quot;&quot;,&quot;caption&quot;:&quot;Imagen de Pere Vivas\\\/MCNB&quot;,&quot;itemprop&quot;:&quot;image&quot;},{&quot;src&quot;:&quot;https:\\\/\\\/museuciencies.cat\\\/wp-content\\\/uploads\\\/2020\\\/10\\\/DSC0936-Panor\\u00edmica.jpg&quot;,&quot;id&quot;:&quot;72801&quot;,&quot;title&quot;:&quot;_DSC0936-Panor+\\u00edmica&quot;,&quot;alt&quot;:&quot;&quot;,&quot;caption&quot;:&quot;Imagen de Pere Vivas\\\/MCNB&quot;,&quot;itemprop&quot;:&quot;image&quot;},{&quot;src&quot;:&quot;https:\\\/\\\/museuciencies.cat\\\/wp-content\\\/uploads\\\/2020\\\/10\\\/DSC0937pv.jpg&quot;,&quot;id&quot;:&quot;72805&quot;,&quot;title&quot;:&quot;_DSC0937pv&quot;,&quot;alt&quot;:&quot;&quot;,&quot;caption&quot;:&quot;Imagen de Pere Vivas\\\/MCNB&quot;,&quot;itemprop&quot;:&quot;image&quot;},{&quot;src&quot;:&quot;https:\\\/\\\/museuciencies.cat\\\/wp-content\\\/uploads\\\/2020\\\/10\\\/DSC0949pv.jpg&quot;,&quot;id&quot;:&quot;72809&quot;,&quot;title&quot;:&quot;_DSC0949pv&quot;,&quot;alt&quot;:&quot;&quot;,&quot;caption&quot;:&quot;Imagen de Pere Vivas\\\/MCNB&quot;,&quot;itemprop&quot;:&quot;image&quot;},{&quot;src&quot;:&quot;https:\\\/\\\/museuciencies.cat\\\/wp-content\\\/uploads\\\/2020\\\/10\\\/DSC0950pv.jpg&quot;,&quot;id&quot;:&quot;72813&quot;,&quot;title&quot;:&quot;_DSC0950pv&quot;,&quot;alt&quot;:&quot;&quot;,&quot;caption&quot;:&quot;Imagen de Pere Vivas\\\/MCNB&quot;,&quot;itemprop&quot;:&quot;image&quot;},{&quot;src&quot;:&quot;https:\\\/\\\/museuciencies.cat\\\/wp-content\\\/uploads\\\/2020\\\/10\\\/DSC0919pv.jpg&quot;,&quot;id&quot;:&quot;72789&quot;,&quot;title&quot;:&quot;_DSC0919pv&quot;,&quot;alt&quot;:&quot;&quot;,&quot;caption&quot;:&quot;Imagen de Pere Vivas\\\/MCNB&quot;,&quot;itemprop&quot;:&quot;image&quot;},{&quot;src&quot;:&quot;https:\\\/\\\/museuciencies.cat\\\/wp-content\\\/uploads\\\/2020\\\/10\\\/DSC0911pv.jpg&quot;,&quot;id&quot;:&quot;72817&quot;,&quot;title&quot;:&quot;_DSC0911pv&quot;,&quot;alt&quot;:&quot;&quot;,&quot;caption&quot;:&quot;Imagen de Pere Vivas\\\/MCNB&quot;,&quot;itemprop&quot;:&quot;image&quot;}]\" itemscope itemtype=\"https:\/\/schema.org\/ImageGallery\"><\/div>\n<p><a href=\"https:\/\/museuciencies.cat\/wp-content\/uploads\/2020\/11\/20201118_Dossier_Premsa_Abelles_CAT.pdf\" target=\"_blank\" rel=\"noopener\">Dosier de prensa<\/a>\u00a0(en catal\u00e1n)<\/p>\n<ul>\n<li style=\"list-style-type: none;\">\n<ul>\n<li style=\"list-style-type: none;\">\n<ul>\n<li><strong>Una mirada LGTBI a Planeta Vida<\/strong><\/li>\n<\/ul>\n<\/li>\n<\/ul>\n<\/li>\n<\/ul>\n<p class=\"jetpack-slideshow-noscript robots-nocontent\">El pase de diapositivas requiere JavaScript.<\/p><div id=\"gallery-16009-6-slideshow\" class=\"jetpack-slideshow-window jetpack-slideshow jetpack-slideshow-black\" data-trans=\"fade\" data-autostart=\"1\" data-gallery=\"[{&quot;src&quot;:&quot;https:\\\/\\\/museuciencies.cat\\\/wp-content\\\/uploads\\\/2021\\\/11\\\/20211116_101320-scaled-e1637233790433.jpg&quot;,&quot;id&quot;:&quot;82444&quot;,&quot;title&quot;:&quot;20211116_101320&quot;,&quot;alt&quot;:&quot;&quot;,&quot;caption&quot;:&quot;Imagen: Cristina Serradell\\\/MCNB&quot;,&quot;itemprop&quot;:&quot;image&quot;},{&quot;src&quot;:&quot;https:\\\/\\\/museuciencies.cat\\\/wp-content\\\/uploads\\\/2021\\\/11\\\/20211118_113445-scaled-e1637233828951.jpg&quot;,&quot;id&quot;:&quot;82448&quot;,&quot;title&quot;:&quot;20211118_113445&quot;,&quot;alt&quot;:&quot;&quot;,&quot;caption&quot;:&quot;Imagen: Cristina Serradell\\\/MCNB&quot;,&quot;itemprop&quot;:&quot;image&quot;},{&quot;src&quot;:&quot;https:\\\/\\\/museuciencies.cat\\\/wp-content\\\/uploads\\\/2021\\\/11\\\/20211118_113841-scaled-e1637233856537.jpg&quot;,&quot;id&quot;:&quot;82460&quot;,&quot;title&quot;:&quot;20211118_113841&quot;,&quot;alt&quot;:&quot;&quot;,&quot;caption&quot;:&quot;Imagen: Cristina Serradell\\\/MCNB&quot;,&quot;itemprop&quot;:&quot;image&quot;},{&quot;src&quot;:&quot;https:\\\/\\\/museuciencies.cat\\\/wp-content\\\/uploads\\\/2021\\\/11\\\/20211118_113512-scaled.jpg&quot;,&quot;id&quot;:&quot;82452&quot;,&quot;title&quot;:&quot;20211118_113512&quot;,&quot;alt&quot;:&quot;&quot;,&quot;caption&quot;:&quot;Imagen: Cristina Serradell\\\/MCNB&quot;,&quot;itemprop&quot;:&quot;image&quot;},{&quot;src&quot;:&quot;https:\\\/\\\/museuciencies.cat\\\/wp-content\\\/uploads\\\/2021\\\/11\\\/20211118_114031-scaled-e1637233887459.jpg&quot;,&quot;id&quot;:&quot;82464&quot;,&quot;title&quot;:&quot;20211118_114031&quot;,&quot;alt&quot;:&quot;&quot;,&quot;caption&quot;:&quot;Imagen: Cristina Serradell\\\/MCNB&quot;,&quot;itemprop&quot;:&quot;image&quot;},{&quot;src&quot;:&quot;https:\\\/\\\/museuciencies.cat\\\/wp-content\\\/uploads\\\/2021\\\/11\\\/20211118_113625-scaled-e1637233913252.jpg&quot;,&quot;id&quot;:&quot;82456&quot;,&quot;title&quot;:&quot;20211118_113625&quot;,&quot;alt&quot;:&quot;&quot;,&quot;caption&quot;:&quot;Imagen: Cristina Serradell\\\/MCNB&quot;,&quot;itemprop&quot;:&quot;image&quot;}]\" itemscope itemtype=\"https:\/\/schema.org\/ImageGallery\"><\/div>\n<p><a href=\"https:\/\/museuciencies.cat\/wp-content\/uploads\/2022\/08\/20210429_COM_NdP_Ocultes_Invisibles.pdf\" target=\"_blank\" rel=\"noopener\">Nota de prensa<\/a> (en catal\u00e1n)<\/p>\n<h3>Premio Nat 2021<\/h3>\n<div id=\"attachment_89577\" style=\"width: 625px\" class=\"wp-caption aligncenter\"><img loading=\"lazy\" decoding=\"async\" aria-describedby=\"caption-attachment-89577\" class=\"wp-image-89577 size-medium\" src=\"https:\/\/museuciencies.cat\/wp-content\/uploads\/2022\/04\/PREMINAT-2021_044-615x410.jpg\" alt=\"Acto de entrega del Premio Nat 2021. De izquierda a derecha: Anna Omedes, directora del MCNB, Ada Colau, alcaldesa de Barcelona y Nalini Nadkarni, galardonada PremiNat 2021.\" width=\"615\" height=\"410\" srcset=\"https:\/\/museuciencies.cat\/wp-content\/uploads\/2022\/04\/PREMINAT-2021_044-615x410.jpg 615w, https:\/\/museuciencies.cat\/wp-content\/uploads\/2022\/04\/PREMINAT-2021_044-1024x683.jpg 1024w, https:\/\/museuciencies.cat\/wp-content\/uploads\/2022\/04\/PREMINAT-2021_044-768x512.jpg 768w, https:\/\/museuciencies.cat\/wp-content\/uploads\/2022\/04\/PREMINAT-2021_044-1536x1024.jpg 1536w, https:\/\/museuciencies.cat\/wp-content\/uploads\/2022\/04\/PREMINAT-2021_044-2048x1365.jpg 2048w\" sizes=\"auto, (max-width: 615px) 100vw, 615px\" \/><p id=\"caption-attachment-89577\" class=\"wp-caption-text\">Acto de entrega del Premio Nat 2021. De izquierda a derecha: Anna Omedes, directora del MCNB, Ada Colau, alcaldesa de Barcelona y Nalini Nadkarni, galardonada PremiNat 2021.<\/p><\/div>\n<p><a href=\"https:\/\/museuciencies.cat\/wp-content\/uploads\/2021\/10\/Dossier_premsa_PremiNat_2021_catala.pdf\" target=\"_blank\" rel=\"noopener\">Dosier de prensa<\/a> (en catal\u00e1n)<\/p>\n<h3>Ruedas de prensa<\/h3>\n<ul>\n<li><a href=\"https:\/\/museuciencies.cat\/es\/carles-lalueza-fox-nou-director-del-museu-de-ciencies-naturals-de-barcelona\/\" target=\"_blank\" rel=\"noopener\">Carles Lalueza, nuevo director del Museo de Ciencias Naturales de Barcelona<\/a><\/li>\n<li><a href=\"https:\/\/museuciencies.cat\/wp-content\/uploads\/2024\/09\/Dosier-prensa-Centre-Martorell_ES.pdf\" target=\"_blank\" rel=\"noopener\">Presentaci\u00f3n Centre Martorell Exposicions<\/a><\/li>\n<\/ul>\n<p>&nbsp;<\/p>\n<p>Para solicitar fortograf\u00edas en alta resoluci\u00f3n, contactar con <a href=\"mailto:comunicaciomcnb@bcn.cat\">comunicaciomcnb@bcn.cat<\/a><\/p>\n<p>Para acceder a las not\u00edcias de actualidad del museo, ir a <a href=\"https:\/\/museuciencies.cat\/es\/comunicacion\/actualidad\/noticias-del-museo-2\/\" target=\"_blank\" rel=\"noopener\">aqu\u00ed.<\/a><\/p>\n<p>&nbsp;<\/p>\n","protected":false},"excerpt":{"rendered":"<p>Aqu\u00ed encontrar\u00e9is informaci\u00f3n sobre les exposiciones, las colecciones, las actividades y la investigaci\u00f3n del Museo. Exposiciones Animales Invisibles. Mito, Vida, Extinci\u00f3n, Desextinci\u00f3n Dosier de prensa Agua, una exposici\u00f3n sin filtro Dosier de prensa (en catal\u00e1n) \u00c9rase una vez Dosier de prensa (en catal\u00e1n) (In)visibles y (O)cultas Nota de prensa (en catal\u00e1n) M\u00e1s que abejas Dosier [&hellip;]<\/p>\n","protected":false},"author":1,"featured_media":0,"parent":15998,"menu_order":180,"comment_status":"closed","ping_status":"closed","template":"page-dossiers-comunicats.php","meta":{"_acf_changed":false,"footnotes":""},"class_list":["post-16009","page","type-page","status-publish","hentry"],"acf":{"activeu_alerta":false,"arxius_adjunts":false,"boto_de_link_o_mail":false,"dossiers_i_comunicats":false,"imatge_llistat":false,"img_cap":6096,"links_associats":false,"nou_carrusel":false,"presenta_fills":"no","tambe_us_pot_interessar":"","text_alerta":"","presenta_peu":false,"segona_part":""},"jetpack_sharing_enabled":true,"_links":{"self":[{"href":"https:\/\/museuciencies.cat\/es\/wp-json\/wp\/v2\/pages\/16009","targetHints":{"allow":["GET"]}}],"collection":[{"href":"https:\/\/museuciencies.cat\/es\/wp-json\/wp\/v2\/pages"}],"about":[{"href":"https:\/\/museuciencies.cat\/es\/wp-json\/wp\/v2\/types\/page"}],"author":[{"embeddable":true,"href":"https:\/\/museuciencies.cat\/es\/wp-json\/wp\/v2\/users\/1"}],"replies":[{"embeddable":true,"href":"https:\/\/museuciencies.cat\/es\/wp-json\/wp\/v2\/comments?post=16009"}],"version-history":[{"count":4,"href":"https:\/\/museuciencies.cat\/es\/wp-json\/wp\/v2\/pages\/16009\/revisions"}],"predecessor-version":[{"id":120564,"href":"https:\/\/museuciencies.cat\/es\/wp-json\/wp\/v2\/pages\/16009\/revisions\/120564"}],"up":[{"embeddable":true,"href":"https:\/\/museuciencies.cat\/es\/wp-json\/wp\/v2\/pages\/15998"}],"wp:attachment":[{"href":"https:\/\/museuciencies.cat\/es\/wp-json\/wp\/v2\/media?parent=16009"}],"curies":[{"name":"wp","href":"https:\/\/api.w.org\/{rel}","templated":true}]}}