{"id":15982,"date":"2014-01-31T08:42:14","date_gmt":"2014-01-31T08:42:14","guid":{"rendered":"http:\/\/museuciencies.cat\/qui-som\/forman-part\/feste-amic\/"},"modified":"2017-11-27T13:57:11","modified_gmt":"2017-11-27T11:57:11","slug":"hazte-amigo","status":"publish","type":"page","link":"https:\/\/museuciencies.cat\/es\/el-nat\/quienes-somos\/forma-parte-del-museo\/hazte-amigo\/","title":{"rendered":"Hazte amigo"},"content":{"rendered":"<p><span style=\"color: #000000;\">\u00bfQuieres formar parte activa de un gran museo y participar en la difusi\u00f3n de su patrimonio natural?<\/span><\/p>\n<p><span style=\"color: #000000;\">El Museo acoge a dos <strong>Asociaciones de Amigos <\/strong>desde 1993: la <a style=\"color: #000000;\" href=\"http:\/\/amicsnat.cat\" target=\"_blank\" rel=\"noopener noreferrer\">Associaci\u00f3 d&#8217;Amics del Museu de Ci\u00e8ncies Naturals de Barcelona (AAMCNB)<\/a> y la <a style=\"color: #000000;\" href=\"http:\/\/www.amicsjbb.org\/\">Associaci\u00f3 d&#8217;Amics del Jard\u00ed Bot\u00e0nic de Barcelona (AAJBB)<\/a>. Ninguna de las dos organizaciones tiene af\u00e1n de lucro y sus objetivos principales son dar apoyo al Museo y a sus programas y actividades. Con sus acciones contribuyen a la consecuci\u00f3n de los objetivos del Museo: la conservaci\u00f3n, el estudio y la difusi\u00f3n del patrimonio natural, la educaci\u00f3n en ciencias naturales y la concienciaci\u00f3n ambiental.<\/span><\/p>\n<p style=\"text-align: center;\"><a href=\"http:\/\/amicsnat.cat\"><img loading=\"lazy\" decoding=\"async\" class=\"wp-image-8839 \" src=\"http:\/\/museuciencies.cat\/wp-content\/uploads\/logoamicsmuseu.jpg\" alt=\"logoamicsmuseu\" width=\"298\" height=\"130\" \/><\/a><\/p>\n<p style=\"text-align: center;\"><a href=\"http:\/\/www.amicsjbb.org\/\"><img loading=\"lazy\" decoding=\"async\" class=\"alignnone wp-image-8843 \" src=\"http:\/\/museuciencies.cat\/wp-content\/uploads\/logoamicsbot\u00e0nic.jpg\" alt=\"logoamicsbot\u00e0nic\" width=\"287\" height=\"55\" \/><\/a><\/p>\n<p>&nbsp;<\/p>\n<p>&nbsp;<\/p>\n<p>&nbsp;<\/p>\n<p>&nbsp;<\/p>\n<p>&nbsp;<\/p>\n","protected":false},"excerpt":{"rendered":"<p>\u00bfQuieres formar parte activa de un gran museo y participar en la difusi\u00f3n de su patrimonio natural? El Museo acoge a dos Asociaciones de Amigos desde 1993: la Associaci\u00f3 d&#8217;Amics del Museu de Ci\u00e8ncies Naturals de Barcelona (AAMCNB) y la Associaci\u00f3 d&#8217;Amics del Jard\u00ed Bot\u00e0nic de Barcelona (AAJBB). Ninguna de las dos organizaciones tiene af\u00e1n [&hellip;]<\/p>\n","protected":false},"author":1,"featured_media":0,"parent":15968,"menu_order":136,"comment_status":"closed","ping_status":"closed","template":"","meta":{"_acf_changed":false,"footnotes":""},"class_list":["post-15982","page","type-page","status-publish","hentry"],"acf":{"activeu_alerta":false,"arxius_adjunts":false,"boto_de_link_o_mail":false,"imatge_llistat":false,"img_cap":8567,"links_associats":false,"nou_carrusel":false,"presenta_fills":"no","tambe_us_pot_interessar":"","text_alerta":"","presenta_peu":false},"jetpack_sharing_enabled":true,"_links":{"self":[{"href":"https:\/\/museuciencies.cat\/es\/wp-json\/wp\/v2\/pages\/15982","targetHints":{"allow":["GET"]}}],"collection":[{"href":"https:\/\/museuciencies.cat\/es\/wp-json\/wp\/v2\/pages"}],"about":[{"href":"https:\/\/museuciencies.cat\/es\/wp-json\/wp\/v2\/types\/page"}],"author":[{"embeddable":true,"href":"https:\/\/museuciencies.cat\/es\/wp-json\/wp\/v2\/users\/1"}],"replies":[{"embeddable":true,"href":"https:\/\/museuciencies.cat\/es\/wp-json\/wp\/v2\/comments?post=15982"}],"version-history":[{"count":0,"href":"https:\/\/museuciencies.cat\/es\/wp-json\/wp\/v2\/pages\/15982\/revisions"}],"up":[{"embeddable":true,"href":"https:\/\/museuciencies.cat\/es\/wp-json\/wp\/v2\/pages\/15968"}],"wp:attachment":[{"href":"https:\/\/museuciencies.cat\/es\/wp-json\/wp\/v2\/media?parent=15982"}],"curies":[{"name":"wp","href":"https:\/\/api.w.org\/{rel}","templated":true}]}}