{"id":15978,"date":"2014-01-31T08:38:36","date_gmt":"2014-01-31T08:38:36","guid":{"rendered":"http:\/\/museuciencies.cat\/qui-som\/forman-part\/donacions\/"},"modified":"2017-11-27T13:56:55","modified_gmt":"2017-11-27T11:56:55","slug":"donaciones","status":"publish","type":"page","link":"https:\/\/museuciencies.cat\/es\/el-nat\/quienes-somos\/forma-parte-del-museo\/donaciones\/","title":{"rendered":"Donaciones"},"content":{"rendered":"<p>Muchas colecciones de ciencias naturales ya existentes pertenecen a particulares, coleccionistas, colegios p\u00fablicos y religiosos, institutos de ense\u00f1anza e investigadores, entre otros. En ocasiones, los propietarios de dichas colecciones deciden donarlas para garantizar su conservaci\u00f3n o bien para ponerlas al alcance de la ciudadan\u00eda. En el Museo tambi\u00e9n ingresan colecciones a trav\u00e9s de legados o dep\u00f3sitos.<\/p>\n<p>Si est\u00e1s interesado en efectuar una donaci\u00f3n o legado, dir\u00edgete a\u00a0<a style=\"color: #000000;\" href=\"mailto:museuciencies@bcn.cat\">museuciencies@bcn.cat<\/a><\/p>\n<p>&nbsp;<\/p>\n<p>&nbsp;<\/p>\n","protected":false},"excerpt":{"rendered":"<p>Muchas colecciones de ciencias naturales ya existentes pertenecen a particulares, coleccionistas, colegios p\u00fablicos y religiosos, institutos de ense\u00f1anza e investigadores, entre otros. En ocasiones, los propietarios de dichas colecciones deciden donarlas para garantizar su conservaci\u00f3n o bien para ponerlas al alcance de la ciudadan\u00eda. En el Museo tambi\u00e9n ingresan colecciones a trav\u00e9s de legados o [&hellip;]<\/p>\n","protected":false},"author":1,"featured_media":0,"parent":15968,"menu_order":136,"comment_status":"closed","ping_status":"closed","template":"","meta":{"_acf_changed":false,"footnotes":""},"class_list":["post-15978","page","type-page","status-publish","hentry"],"acf":{"activeu_alerta":false,"arxius_adjunts":false,"boto_de_link_o_mail":false,"imatge_llistat":false,"img_cap":7699,"links_associats":false,"nou_carrusel":false,"presenta_fills":"no","tambe_us_pot_interessar":"","text_alerta":"","presenta_peu":false},"jetpack_sharing_enabled":true,"_links":{"self":[{"href":"https:\/\/museuciencies.cat\/es\/wp-json\/wp\/v2\/pages\/15978","targetHints":{"allow":["GET"]}}],"collection":[{"href":"https:\/\/museuciencies.cat\/es\/wp-json\/wp\/v2\/pages"}],"about":[{"href":"https:\/\/museuciencies.cat\/es\/wp-json\/wp\/v2\/types\/page"}],"author":[{"embeddable":true,"href":"https:\/\/museuciencies.cat\/es\/wp-json\/wp\/v2\/users\/1"}],"replies":[{"embeddable":true,"href":"https:\/\/museuciencies.cat\/es\/wp-json\/wp\/v2\/comments?post=15978"}],"version-history":[{"count":0,"href":"https:\/\/museuciencies.cat\/es\/wp-json\/wp\/v2\/pages\/15978\/revisions"}],"up":[{"embeddable":true,"href":"https:\/\/museuciencies.cat\/es\/wp-json\/wp\/v2\/pages\/15968"}],"wp:attachment":[{"href":"https:\/\/museuciencies.cat\/es\/wp-json\/wp\/v2\/media?parent=15978"}],"curies":[{"name":"wp","href":"https:\/\/api.w.org\/{rel}","templated":true}]}}