{"id":15968,"date":"2014-01-31T08:26:18","date_gmt":"2014-01-31T08:26:18","guid":{"rendered":"http:\/\/museuciencies.cat\/qui-som\/forman-part\/"},"modified":"2018-01-25T12:01:16","modified_gmt":"2018-01-25T10:01:16","slug":"forma-parte-del-museo","status":"publish","type":"page","link":"https:\/\/museuciencies.cat\/es\/el-nat\/quienes-somos\/forma-parte-del-museo\/","title":{"rendered":"Forma parte del Museo"},"content":{"rendered":"<p>El Museo sigue trabajando con la voluntad de enfrentarse a los principales retos de la difusi\u00f3n de las ciencias naturales como, por ejemplo, el compromiso con la conservaci\u00f3n del patrimonio natural y la conciencia ambiental; la investigaci\u00f3n y el conocimiento de la bio y la geodiversidad; la educaci\u00f3n, para facilitar la comprensi\u00f3n p\u00fablica de las ciencias naturales y ayudar a crear vocaciones cient\u00edficas; la colaboraci\u00f3n con las organizaciones que comparten unos mismos objetivos y, sobre todo, para ser un servicio cultural al alcance de la comunidad.<\/p>\n<p>Con el apoyo de empresas, fundaciones, asociaciones y particulares, as\u00ed como de instituciones p\u00fablicas, el Museo puede conseguir todo esto y hacer realidad su proyecto.<\/p>\n","protected":false},"excerpt":{"rendered":"<p>El Museo sigue trabajando con la voluntad de enfrentarse a los principales retos de la difusi\u00f3n de las ciencias naturales como, por ejemplo, el compromiso con la conservaci\u00f3n del patrimonio natural y la conciencia ambiental; la investigaci\u00f3n y el conocimiento de la bio y la geodiversidad; la educaci\u00f3n, para facilitar la comprensi\u00f3n p\u00fablica de las [&hellip;]<\/p>\n","protected":false},"author":1,"featured_media":0,"parent":45413,"menu_order":194,"comment_status":"closed","ping_status":"closed","template":"","meta":{"_acf_changed":false,"footnotes":""},"class_list":["post-15968","page","type-page","status-publish","hentry"],"acf":{"activeu_alerta":false,"boto_de_link_o_mail":false,"imatge_llistat":false,"img_cap":8575,"nou_carrusel":false,"tambe_us_pot_interessar":"","text_alerta":"","arxius_adjunts":false,"links_associats":false,"presenta_fills":"no","presenta_peu":false},"jetpack_sharing_enabled":true,"_links":{"self":[{"href":"https:\/\/museuciencies.cat\/es\/wp-json\/wp\/v2\/pages\/15968","targetHints":{"allow":["GET"]}}],"collection":[{"href":"https:\/\/museuciencies.cat\/es\/wp-json\/wp\/v2\/pages"}],"about":[{"href":"https:\/\/museuciencies.cat\/es\/wp-json\/wp\/v2\/types\/page"}],"author":[{"embeddable":true,"href":"https:\/\/museuciencies.cat\/es\/wp-json\/wp\/v2\/users\/1"}],"replies":[{"embeddable":true,"href":"https:\/\/museuciencies.cat\/es\/wp-json\/wp\/v2\/comments?post=15968"}],"version-history":[{"count":0,"href":"https:\/\/museuciencies.cat\/es\/wp-json\/wp\/v2\/pages\/15968\/revisions"}],"up":[{"embeddable":true,"href":"https:\/\/museuciencies.cat\/es\/wp-json\/wp\/v2\/pages\/45413"}],"wp:attachment":[{"href":"https:\/\/museuciencies.cat\/es\/wp-json\/wp\/v2\/media?parent=15968"}],"curies":[{"name":"wp","href":"https:\/\/api.w.org\/{rel}","templated":true}]}}