{"id":15896,"date":"2014-01-31T08:46:38","date_gmt":"2014-01-31T08:46:38","guid":{"rendered":"http:\/\/museuciencies.cat\/qui-som\/el-museu\/informacio-corporativa\/"},"modified":"2017-11-27T13:50:01","modified_gmt":"2017-11-27T11:50:01","slug":"informacion-corporativa","status":"publish","type":"page","link":"https:\/\/museuciencies.cat\/es\/el-nat\/que-somos\/informacion-corporativa\/","title":{"rendered":"Informaci\u00f3n corporativa"},"content":{"rendered":"<p><span style=\"color: #000000;\">El Consorci del Museu de Ci\u00e8ncies Naturals de Barcelona es un ente de derecho p\u00fablico integrado por la <a style=\"color: #000000;\" href=\"http:\/\/www.gencat.cat\/\">Generalitat de Catalunya<\/a>\u00a0y el <a style=\"color: #000000;\" href=\"http:\/\/www.bcn.cat\">Ajuntament de Barcelona<\/a>, con personalidad jur\u00eddica propia, constituido el 21 de noviembre de 2011.<\/span><\/p>\n<p><span style=\"color: #000000;\">Se rige mediante los estatutos publicados en el DOGC el 23 de julio de 2015:\u00a0:\u00a0<a href=\"https:\/\/museuciencies.cat\/wp-content\/uploads\/Estatuts-2015-en-castell\u00e0.pdf\">Estatutos 2015\u00a0<\/a><\/span><\/p>\n<h3><span style=\"color: #000000;\">Organizaci\u00f3n<\/span><\/h3>\n<p><span style=\"color: #000000;\">Consta de una direcci\u00f3n y cuatro grandes \u00e1reas de organizaci\u00f3n: Jard\u00ed Bot\u00e0nic; Colecciones, Investigaci\u00f3n y Documentaci\u00f3n; Programas p\u00fablicos y el \u00c1rea\u00a0de Administraci\u00f3n y Recursos.<\/span><\/p>\n","protected":false},"excerpt":{"rendered":"<p>El Consorci del Museu de Ci\u00e8ncies Naturals de Barcelona es un ente de derecho p\u00fablico integrado por la Generalitat de Catalunya\u00a0y el Ajuntament de Barcelona, con personalidad jur\u00eddica propia, constituido el 21 de noviembre de 2011. Se rige mediante los estatutos publicados en el DOGC el 23 de julio de 2015:\u00a0:\u00a0Estatutos 2015\u00a0 Organizaci\u00f3n Consta de [&hellip;]<\/p>\n","protected":false},"author":1,"featured_media":0,"parent":15861,"menu_order":213,"comment_status":"closed","ping_status":"closed","template":"","meta":{"_acf_changed":false,"footnotes":""},"class_list":["post-15896","page","type-page","status-publish","hentry"],"acf":{"activeu_alerta":false,"arxius_adjunts":false,"boto_de_link_o_mail":false,"imatge_llistat":false,"img_cap":5521,"links_associats":false,"nou_carrusel":false,"presenta_fills":"no","tambe_us_pot_interessar":"","text_alerta":"","presenta_peu":false},"jetpack_sharing_enabled":true,"_links":{"self":[{"href":"https:\/\/museuciencies.cat\/es\/wp-json\/wp\/v2\/pages\/15896","targetHints":{"allow":["GET"]}}],"collection":[{"href":"https:\/\/museuciencies.cat\/es\/wp-json\/wp\/v2\/pages"}],"about":[{"href":"https:\/\/museuciencies.cat\/es\/wp-json\/wp\/v2\/types\/page"}],"author":[{"embeddable":true,"href":"https:\/\/museuciencies.cat\/es\/wp-json\/wp\/v2\/users\/1"}],"replies":[{"embeddable":true,"href":"https:\/\/museuciencies.cat\/es\/wp-json\/wp\/v2\/comments?post=15896"}],"version-history":[{"count":0,"href":"https:\/\/museuciencies.cat\/es\/wp-json\/wp\/v2\/pages\/15896\/revisions"}],"up":[{"embeddable":true,"href":"https:\/\/museuciencies.cat\/es\/wp-json\/wp\/v2\/pages\/15861"}],"wp:attachment":[{"href":"https:\/\/museuciencies.cat\/es\/wp-json\/wp\/v2\/media?parent=15896"}],"curies":[{"name":"wp","href":"https:\/\/api.w.org\/{rel}","templated":true}]}}