{"id":15881,"date":"2014-03-14T11:41:23","date_gmt":"2014-03-14T11:41:23","guid":{"rendered":"http:\/\/museuciencies.cat\/qui-som\/el-museu\/presentacio\/visio\/"},"modified":"2025-03-06T13:25:26","modified_gmt":"2025-03-06T11:25:26","slug":"vision","status":"publish","type":"page","link":"https:\/\/museuciencies.cat\/es\/el-nat\/que-somos\/vision\/","title":{"rendered":"Visi\u00f3n"},"content":{"rendered":"<p>En el actual contexto de crisis clim\u00e1tica y de biodiversidad, el Museo tiene una oportunidad \u00fanica de convertirse en un referente en investigaci\u00f3n, conocimiento y divulgaci\u00f3n sobre el Antropoceno. Lamentablemente, los problemas actuales que nos afectan a escala planetaria no han hecho m\u00e1s que empezar, y esto obligar\u00e1 a redefinir el papel de los museos de ciencias naturales \u2014no solo el nuestro\u2014 en este contexto. Los museos deber\u00e1n informar, proponer soluciones y tambi\u00e9n dar ejemplo en cuestiones de sostenibilidad y preservaci\u00f3n de la diversidad en un entorno progresivamente urbanizado.<\/p>\n<p>El Museo puede ser un actor en este nuevo contexto y tiene, adem\u00e1s, la posibilidad de articular colaboraciones estrat\u00e9gicas con otras instituciones orientadas hacia aspectos de conservaci\u00f3n y sostenibilidad, la gran mayor\u00eda tambi\u00e9n situadas en el litoral barcelon\u00e9s. Esta acumulaci\u00f3n de masa cr\u00edtica de investigadores e instituciones en una misma zona de la ciudad es, sin duda, \u00fanica en el contexto europeo \u2014y quiz\u00e1 mundial\u2014, y creemos que el Museo puede desempe\u00f1ar un papel estrat\u00e9gico articulando actores muy diversos, que de forma natural no interactuar\u00edan entre ellos, y participando activamente en muchas iniciativas que no se entender\u00edan sin la intervenci\u00f3n del Museo.<\/p>\n<p>Los pr\u00f3ximos cinco a\u00f1os son clave para definir toda esta estrategia, con una nueva sede que ayude al Museo a convertirse en <strong>Museo Nacional<\/strong>. La integraci\u00f3n del Museo en el nuevo litoral del conocimiento deber\u00eda producirse en paralelo a la construcci\u00f3n de los diferentes centros de investigaci\u00f3n del entorno del Mercat del Peix. Siempre es m\u00e1s f\u00e1cil establecer sinergias y colaboraciones firmes cuando estas tienen lugar al inicio de los proyectos cient\u00edficos, ya que se refuerzan mutuamente y ayudan a definirlos mejor.<\/p>\n","protected":false},"excerpt":{"rendered":"<p>En el actual contexto de crisis clim\u00e1tica y de biodiversidad, el Museo tiene una oportunidad \u00fanica de convertirse en un referente en investigaci\u00f3n, conocimiento y divulgaci\u00f3n sobre el Antropoceno. Lamentablemente, los problemas actuales que nos afectan a escala planetaria no han hecho m\u00e1s que empezar, y esto obligar\u00e1 a redefinir el papel de los museos [&hellip;]<\/p>\n","protected":false},"author":2,"featured_media":0,"parent":15861,"menu_order":191,"comment_status":"closed","ping_status":"closed","template":"","meta":{"_acf_changed":false,"footnotes":""},"class_list":["post-15881","page","type-page","status-publish","hentry"],"acf":{"activeu_alerta":false,"boto_de_link_o_mail":false,"imatge_llistat":false,"img_cap":5255,"nou_carrusel":false,"presenta_fills":"no","tambe_us_pot_interessar":"","text_alerta":"","arxius_adjunts":false,"links_associats":false,"presenta_peu":false,"segona_part":""},"jetpack_sharing_enabled":true,"_links":{"self":[{"href":"https:\/\/museuciencies.cat\/es\/wp-json\/wp\/v2\/pages\/15881","targetHints":{"allow":["GET"]}}],"collection":[{"href":"https:\/\/museuciencies.cat\/es\/wp-json\/wp\/v2\/pages"}],"about":[{"href":"https:\/\/museuciencies.cat\/es\/wp-json\/wp\/v2\/types\/page"}],"author":[{"embeddable":true,"href":"https:\/\/museuciencies.cat\/es\/wp-json\/wp\/v2\/users\/2"}],"replies":[{"embeddable":true,"href":"https:\/\/museuciencies.cat\/es\/wp-json\/wp\/v2\/comments?post=15881"}],"version-history":[{"count":2,"href":"https:\/\/museuciencies.cat\/es\/wp-json\/wp\/v2\/pages\/15881\/revisions"}],"predecessor-version":[{"id":117815,"href":"https:\/\/museuciencies.cat\/es\/wp-json\/wp\/v2\/pages\/15881\/revisions\/117815"}],"up":[{"embeddable":true,"href":"https:\/\/museuciencies.cat\/es\/wp-json\/wp\/v2\/pages\/15861"}],"wp:attachment":[{"href":"https:\/\/museuciencies.cat\/es\/wp-json\/wp\/v2\/media?parent=15881"}],"curies":[{"name":"wp","href":"https:\/\/api.w.org\/{rel}","templated":true}]}}