{"id":15876,"date":"2014-03-14T10:16:51","date_gmt":"2014-03-14T10:16:51","guid":{"rendered":"http:\/\/museuciencies.cat\/qui-som\/el-museu\/presentacio\/missio\/"},"modified":"2025-03-06T11:58:13","modified_gmt":"2025-03-06T09:58:13","slug":"mision","status":"publish","type":"page","link":"https:\/\/museuciencies.cat\/es\/el-nat\/que-somos\/mision\/","title":{"rendered":"Misi\u00f3n"},"content":{"rendered":"<p>La misi\u00f3n del Museo es promover la investigaci\u00f3n, as\u00ed como la conservaci\u00f3n de las colecciones para el futuro y la difusi\u00f3n del conocimiento a la sociedad con el objetivo de transformarla.<\/p>\n<p>En el futuro, el Museo deber\u00eda convertirse en Museo Nacional, con lo que se constituir\u00e1 en un referente territorial.<\/p>\n","protected":false},"excerpt":{"rendered":"<p>La misi\u00f3n del Museo es promover la investigaci\u00f3n, as\u00ed como la conservaci\u00f3n de las colecciones para el futuro y la difusi\u00f3n del conocimiento a la sociedad con el objetivo de transformarla. En el futuro, el Museo deber\u00eda convertirse en Museo Nacional, con lo que se constituir\u00e1 en un referente territorial.<\/p>\n","protected":false},"author":2,"featured_media":0,"parent":15861,"menu_order":190,"comment_status":"closed","ping_status":"closed","template":"","meta":{"_acf_changed":false,"footnotes":""},"class_list":["post-15876","page","type-page","status-publish","hentry"],"acf":{"activeu_alerta":false,"arxius_adjunts":false,"boto_de_link_o_mail":false,"imatge_llistat":false,"img_cap":4780,"links_associats":false,"nou_carrusel":false,"presenta_fills":"no","tambe_us_pot_interessar":"","text_alerta":"","presenta_peu":false,"segona_part":""},"jetpack_sharing_enabled":true,"_links":{"self":[{"href":"https:\/\/museuciencies.cat\/es\/wp-json\/wp\/v2\/pages\/15876","targetHints":{"allow":["GET"]}}],"collection":[{"href":"https:\/\/museuciencies.cat\/es\/wp-json\/wp\/v2\/pages"}],"about":[{"href":"https:\/\/museuciencies.cat\/es\/wp-json\/wp\/v2\/types\/page"}],"author":[{"embeddable":true,"href":"https:\/\/museuciencies.cat\/es\/wp-json\/wp\/v2\/users\/2"}],"replies":[{"embeddable":true,"href":"https:\/\/museuciencies.cat\/es\/wp-json\/wp\/v2\/comments?post=15876"}],"version-history":[{"count":1,"href":"https:\/\/museuciencies.cat\/es\/wp-json\/wp\/v2\/pages\/15876\/revisions"}],"predecessor-version":[{"id":117809,"href":"https:\/\/museuciencies.cat\/es\/wp-json\/wp\/v2\/pages\/15876\/revisions\/117809"}],"up":[{"embeddable":true,"href":"https:\/\/museuciencies.cat\/es\/wp-json\/wp\/v2\/pages\/15861"}],"wp:attachment":[{"href":"https:\/\/museuciencies.cat\/es\/wp-json\/wp\/v2\/media?parent=15876"}],"curies":[{"name":"wp","href":"https:\/\/api.w.org\/{rel}","templated":true}]}}