{"id":15780,"date":"2014-05-12T13:40:27","date_gmt":"2014-05-12T13:40:27","guid":{"rendered":"http:\/\/museuciencies.cat\/area-cientifica\/col%c2%b7leccions\/fons-documentals\/"},"modified":"2021-10-04T13:17:37","modified_gmt":"2021-10-04T12:17:37","slug":"fondos-documentales","status":"publish","type":"page","link":"https:\/\/museuciencies.cat\/es\/area-cientifica\/colecciones\/fondos-documentales\/","title":{"rendered":"Fondos documentales"},"content":{"rendered":"<p><span style=\"color: #000000;\">El fondo documental se especializa en las siguientes tem\u00e1ticas: geolog\u00eda, paleontolog\u00eda, mineralog\u00eda, naturaleza, biodiversidad, zoolog\u00eda (especialmente malacolog\u00eda y entomolog\u00eda), etolog\u00eda, bioac\u00fastica, taxidermia, museolog\u00eda y museograf\u00eda. El fondo documental sobre bot\u00e1nica, que se encuentra en el Instituto Bot\u00e1nico de Barcelona es gestionado conjuntamente con el CSIC.<\/span><\/p>\n<p><span style=\"color: #000000;\">El Centro de Documentaci\u00f3n pertenece a la <a style=\"color: #000000;\" href=\"http:\/\/bibliotecas.csic.es\/inicio\"><strong>Red de Bibliotecas del CSIC<\/strong><\/a> en la categor\u00eda de \u201cbiblioteca asociada\u201d. En el <a href=\"https:\/\/csic-primo.hosted.exlibrisgroup.com\/primo-explore\/search?query=any,contains,b-ciennat&amp;tab=default_tab&amp;search_scope=CAT_BIB_scope&amp;sortby=date&amp;vid=34CSIC_VU1&amp;lang=es_ES&amp;offset=0\" target=\"_blank\" rel=\"noopener noreferrer\">cat\u00e1logo bibliogr\u00e1fico<\/a> puedes consultar los fondos documentales de la Biblioteca y de la Mediateca, as\u00ed como los de otras bibliotecas de alcance nacional especializadas en nuestras disciplinas.\u00a0<\/span><span style=\"color: #000000;\">Nuestros documentos aparecen bajo la denominaci\u00f3n\u00a0<strong>B-CienNat<\/strong>. Los ubicados en la Mediateca se distinguen por el c\u00f3digo\u00a0<strong>MED<\/strong>.<\/span><\/p>\n<p>Los documentos de la Biblioteca y el Archivo del Instituto Bot\u00e1nico de Barcelona, \u200b\u200bque tambi\u00e9n forman parte de la red del CSIC, tienen el c\u00f3digo B-IBB. La parte con m\u00e1s valor patrimonial la forman los documentos de la Biblioteca y el Archivo de la Familia Salvador.<\/p>\n<h3><span style=\"color: #000000;\">Fondos documentales de la Biblioteca<\/span><\/h3>\n<ul>\n<li><span style=\"color: #000000;\">Monograf\u00edas: 16.459<\/span><\/li>\n<li><span style=\"color: #000000;\">Revistas: 1.717<\/span><\/li>\n<li><span style=\"color: #000000;\">Mapas: 1.206<\/span><\/li>\n<li><span style=\"color: #000000;\">Audiovisuales: 1.531<\/span><\/li>\n<li><span style=\"color: #000000;\">Colecciones especiales: 1.317 t\u00edtulos de tem\u00e1tica naturalista de los siglos XVIII y XIX.<\/span><\/li>\n<\/ul>\n<h3><span style=\"color: #000000;\">\u00a0Fondo documental del Archivo Hist\u00f3rico<\/span><\/h3>\n<ul>\n<li><span style=\"color: #000000;\">318 cajas de archivo<\/span><\/li>\n<li><span style=\"color: #000000;\">2.674 expedientes<\/span><\/li>\n<\/ul>\n<h3><span style=\"color: #000000;\">Fondo documental del Archivo Fotogr\u00e1fico<\/span><\/h3>\n<ul>\n<li><strong>El Archivo fotogr\u00e1fico<\/strong> re\u00fane 15.000 unidades, que se encuentran pendientes de catalogar.<\/li>\n<\/ul>\n","protected":false},"excerpt":{"rendered":"<p>El fondo documental se especializa en las siguientes tem\u00e1ticas: geolog\u00eda, paleontolog\u00eda, mineralog\u00eda, naturaleza, biodiversidad, zoolog\u00eda (especialmente malacolog\u00eda y entomolog\u00eda), etolog\u00eda, bioac\u00fastica, taxidermia, museolog\u00eda y museograf\u00eda. El fondo documental sobre bot\u00e1nica, que se encuentra en el Instituto Bot\u00e1nico de Barcelona es gestionado conjuntamente con el CSIC. El Centro de Documentaci\u00f3n pertenece a la Red de Bibliotecas [&hellip;]<\/p>\n","protected":false},"author":2,"featured_media":0,"parent":12832,"menu_order":174,"comment_status":"closed","ping_status":"closed","template":"page-fill-coleccions.php","meta":{"_acf_changed":false,"footnotes":""},"class_list":["post-15780","page","type-page","status-publish","hentry"],"acf":{"activeu_alerta":false,"arxius_adjunts":false,"boto_de_link_o_mail":false,"descripcio":"","imatge_llistat":false,"img_cap":7584,"links_associats":false,"llista_equip_museu":"","llista_estudiants":false,"llista_fons":false,"llista_investigadors":false,"llista_voluntaris":false,"nou_carrusel":false,"presenta_fills":"no","tambe_us_pot_interessar":[{"ID":14925,"post_author":"2","post_date":"2014-01-31 09:47:14","post_date_gmt":"2014-01-31 09:47:14","post_content":"<div class=\"tlid-input input\">\r\n<div class=\"source-wrap\">\r\n<div class=\"input-full-height-wrapper tlid-input-full-height-wrapper\">\r\n<div class=\"source-input\">\r\n<div class=\"source-footer-wrap source-or-target-footer\">\r\n<div class=\"character-count tlid-character-count\">\r\n<div>\r\n\r\n<strong>AVISO: La Biblioteca est\u00e1 cerrada de manera indefinida con motivo de las obras del Castell dels Tres Dragons, pero se puede contactar para consultas y pedir documentaci\u00f3n.<\/strong>\r\n\r\n<strong>Se pueden recoger y devolver pr\u00e9stamos en la recepci\u00f3n del edificio del Castell dels Tres Dragons, en el Parc de la Ciutadella, de lunes a viernes, de 9 a 18 h.<\/strong>\r\n\r\n---------------------------------------------------------------------------------------------------- -------------------------------------------------------------\r\n\r\n<\/div>\r\n<div>En la Biblioteca se encuentran los documentos m\u00e1s especializados del Centro de Documentaci\u00f3n: libros, revistas y mapas. Los audiovisuales se conservan en la Mediateca del Museo en el Parque del F\u00f3rum.<\/div>\r\n<h3>Contacto<\/h3>\r\n<\/div>\r\n<\/div>\r\n<\/div>\r\n<\/div>\r\n<\/div>\r\n<\/div>\r\nBiblioteca\r\nCastell dels Tres Dragons\r\nPasseig Picasso, s\/n\r\n08003 Barcelona\r\nTel. +34 93 256 22 15\r\nbibmuseuciencies@bcn.cat\r\n<h3><span style=\"color: #000000;\">Biblioteca del Institut Bot\u00e0nic de Barcelona<\/span><\/h3>\r\n<span style=\"color: #000000;\">La\u00a0<a style=\"color: #000000;\" href=\"http:\/\/www.ibb.bcn-csic.es\/documentacio\/biblioteca\/\">Biblioteca del Institut Bot\u00e0nic de Barcelona<\/a> re\u00fane colecciones importantes en todos los \u00e1mbitos de la bot\u00e1nica: vegetaci\u00f3n de todo el mundo (sobre todo flora mediterr\u00e1nea), taxonom\u00eda, bot\u00e1nica aplicada, micolog\u00eda, gen\u00e9tica, ecolog\u00eda y conservaci\u00f3n. Est\u00e1 ubicada en el Institut Bot\u00e0nic situado dentro del Jard\u00ed Bot\u00e0nic, en el Parc de Montju\u00efc.<\/span>","post_title":"Biblioteca","post_excerpt":"","post_status":"publish","comment_status":"closed","ping_status":"closed","post_password":"","post_name":"biblioteca","to_ping":"","pinged":"","post_modified":"2026-04-13 10:21:17","post_modified_gmt":"2026-04-13 08:21:17","post_content_filtered":"","post_parent":14912,"guid":"http:\/\/museuciencies.cat\/area-cientifica\/centre-de-documentacio\/presentacio\/biblioteca\/","menu_order":103,"post_type":"page","post_mime_type":"","comment_count":"0","filter":"raw"},{"ID":14934,"post_author":"2","post_date":"2014-10-08 14:51:08","post_date_gmt":"2014-10-08 14:51:08","post_content":"<strong><span style=\"color: #000000;\">AVISO: Os informamos que la Mediateca se encuentra temporalmente cerrada al p\u00fablico. Disculpad las molestias.<\/span><\/strong>\r\n\r\n<span style=\"color: #000000;\">La Mediateca forma parte del<a href=\"https:\/\/museuciencies.cat\/es\/area-cientifica\/centro-de-documentacion\/presentacion\/\" target=\"_blank\" rel=\"noopener\"> Centro de Documentaci\u00f3n del Museo<\/a>. Pod\u00e9is poneros en contacto con nosotros quer\u00e9is tomar en pr\u00e9stamo documentos en: <a href=\"mailto:mediatecanat@bcn.cat\" target=\"_blank\" rel=\"noopener\">mediatecanat@bcn.cat<\/a> .<\/span>\r\n<h3><span style=\"color: #000000;\">Cat\u00e1logo bibliogr\u00e1fico<\/span><\/h3>\r\nConsultable en el\u00a0<a href=\"https:\/\/csic-primo.hosted.exlibrisgroup.com\/primo-explore\/search?vid=34CSIC_VU1&amp;sortby=rank&amp;lang=es_ES&amp;search_scope=CAT_BIB_scope\" target=\"_blank\" rel=\"noopener noreferrer\" data-saferedirecturl=\"https:\/\/www.google.com\/url?hl=es&amp;q=https:\/\/csic-primo.hosted.exlibrisgroup.com\/primo-explore\/search?vid%3D34CSIC_VU1%26sortby%3Drank%26lang%3Des_ES%26search_scope%3DCAT_BIB_scope&amp;source=gmail&amp;ust=1525505233175000&amp;usg=AFQjCNFPFLv6Lo0jGmUgiSV4CAjmz76hvQ\">cat\u00e1logo general del CSIC<\/a>.\r\n\r\nPara identificar los documentos disponibles en el Centro de Documentaci\u00f3n, hay que emplear el filtro de b\u00fasqueda \u201cBiblioteca \/ Archivo \/ Proveedor\u201d que aparece a la derecha de la p\u00e1gina de resultados, y seleccionar <span style=\"color: #000000;\">Museu de Ci\u00e8ncies Naturals de Barcelona<\/span>. El c\u00f3digo que aparece en las localizaciones de cada registro bibliogr\u00e1fico es B-CienNat. Los materiales ubicados en la Mediateca se distinguen por el c\u00f3digo MED.","post_title":"Mediateca","post_excerpt":"","post_status":"publish","comment_status":"closed","ping_status":"closed","post_password":"","post_name":"mediateca","to_ping":"","pinged":"","post_modified":"2024-11-20 14:31:33","post_modified_gmt":"2024-11-20 12:31:33","post_content_filtered":"","post_parent":14912,"guid":"http:\/\/museuciencies.cat\/area-cientifica\/centre-de-documentacio\/presentacio\/mediateca\/","menu_order":108,"post_type":"page","post_mime_type":"","comment_count":"0","filter":"raw"},{"ID":14920,"post_author":"2","post_date":"2014-01-31 09:49:07","post_date_gmt":"2014-01-31 09:49:07","post_content":"<strong>El Archivo<\/strong>\u00a0re\u00fane el conjunto de documentos producidos y recibidos por el Museo \u00a0en el ejercicio de las actividades que le son propias. En ellos se puede encontrar, a trav\u00e9s de legajos, facturas, informes y actas, la procedencia y recorrido de las colecciones, del edificio y del personal. La antig\u00fcedad de la documentaci\u00f3n se remonta a la fundaci\u00f3n del Museo, en 1878. Comprende todo el periodo de la Junta de Ciencias Naturales de Barcelona y su contenido, m\u00e1s all\u00e1 de su faceta administrativa y de apoyo al estudio de las colecciones, constituye una fuente de informaci\u00f3n indispensable para el conocimiento de la historia natural catalana.\r\n<h3>Tipolog\u00eda documental<\/h3>\r\n<ul>\r\n \t<li>Formaci\u00f3n y mantenimiento de las colecciones de espec\u00edmenes (compra, recolecci\u00f3n, intercambio, donaci\u00f3n).<\/li>\r\n \t<li>Investigaci\u00f3n<\/li>\r\n \t<li>Exposici\u00f3n<\/li>\r\n \t<li>Organizaci\u00f3n de actividades<\/li>\r\n \t<li>Comunicaci\u00f3n y marketing<\/li>\r\n \t<li>Gesti\u00f3n administrativa<\/li>\r\n \t<li>Gesti\u00f3n documental<\/li>\r\n<\/ul>\r\n<strong>El Archivo fotogr\u00e1fico<\/strong> re\u00fane 15.000 unidades, que se encuentran pendientes de catalogar. Est\u00e1 gestionado por el Centro de Documentaci\u00f3n.\r\n\r\nPara m\u00e1s informaci\u00f3n:\r\n<ul>\r\n \t<li><a href=\"https:\/\/museuciencies.cat\/wp-content\/uploads\/Reglament-Arxiu-Hist\u00f2ric_accessible.pdf\">Reglamento Archivo Hist\u00f3rico (213 KB)<\/a><\/li>\r\n \t<li><a href=\"https:\/\/museuciencies.cat\/wp-content\/uploads\/2019\/02\/Inventari-Arxiu-Hist\u00f2ric.pdf\" target=\"_blank\" rel=\"noopener noreferrer\">Inventario Archivo Hist\u00f3rico (1843 KB)<\/a><\/li>\r\n<\/ul>\r\n<h3><strong>Contacto<\/strong><\/h3>\r\nArchivo\r\nCastell dels Tres Dragons\r\nPasseig Picasso, s\/n\r\n08003 Barcelona\r\nTel. +34 93 256 22 15\r\n<a href=\"mailto:bibmuseuciencies@bcn.cat\">bibmuseuciencies@bcn.cat<\/a>\r\n\r\n<strong>Actualmente el Archivo est\u00e1 cerrado de manera indefinida con motivo de las obras del Castell dels Tres Dragons, pero se puede contactar para consultas y pedir documentaci\u00f3n.<\/strong>","post_title":"Archivo","post_excerpt":"","post_status":"publish","comment_status":"closed","ping_status":"closed","post_password":"","post_name":"arxiu","to_ping":"","pinged":"","post_modified":"2026-04-13 11:57:18","post_modified_gmt":"2026-04-13 09:57:18","post_content_filtered":"","post_parent":14912,"guid":"http:\/\/museuciencies.cat\/area-cientifica\/centre-de-documentacio\/presentacio\/arxiu\/","menu_order":104,"post_type":"page","post_mime_type":"","comment_count":"0","filter":"raw"}],"text_alerta":"","text_fons_de_la_colleccio":"","text_fons_dingres":"","text_fons_documental":"","text_galeria_dimatges":"","text_guies_de_lectura":"","text_novetats_bibliografiques":"","text_preparacio_i_conservacio":"","tipologia_de_colaborador":false,"presenta_peu":false},"jetpack_sharing_enabled":true,"_links":{"self":[{"href":"https:\/\/museuciencies.cat\/es\/wp-json\/wp\/v2\/pages\/15780","targetHints":{"allow":["GET"]}}],"collection":[{"href":"https:\/\/museuciencies.cat\/es\/wp-json\/wp\/v2\/pages"}],"about":[{"href":"https:\/\/museuciencies.cat\/es\/wp-json\/wp\/v2\/types\/page"}],"author":[{"embeddable":true,"href":"https:\/\/museuciencies.cat\/es\/wp-json\/wp\/v2\/users\/2"}],"replies":[{"embeddable":true,"href":"https:\/\/museuciencies.cat\/es\/wp-json\/wp\/v2\/comments?post=15780"}],"version-history":[{"count":0,"href":"https:\/\/museuciencies.cat\/es\/wp-json\/wp\/v2\/pages\/15780\/revisions"}],"up":[{"embeddable":true,"href":"https:\/\/museuciencies.cat\/es\/wp-json\/wp\/v2\/pages\/12832"}],"wp:attachment":[{"href":"https:\/\/museuciencies.cat\/es\/wp-json\/wp\/v2\/media?parent=15780"}],"curies":[{"name":"wp","href":"https:\/\/api.w.org\/{rel}","templated":true}]}}