{"id":15771,"date":"2014-05-26T11:25:29","date_gmt":"2014-05-26T11:25:29","guid":{"rendered":"http:\/\/museuciencies.cat\/area-cientifica\/col%c2%b7leccions\/col%c2%b7leccions-zoologiques\/banc-de-teixits\/"},"modified":"2017-12-01T12:10:20","modified_gmt":"2017-12-01T10:10:20","slug":"banco-de-tejidos","status":"publish","type":"page","link":"https:\/\/museuciencies.cat\/es\/area-cientifica\/colecciones\/colecciones-zoologicas\/banco-de-tejidos\/","title":{"rendered":"Banco de tejidos"},"content":{"rendered":"<p>El\u00a0<strong>Banco de tejidos<\/strong> fue creado en el a\u00f1o 2005. Su principal objetivo es poder facilitar muestras de los animales del Museo a los investigadores sin da\u00f1ar la colecci\u00f3n.<\/p>\n<p><a href=\"http:\/\/museuciencies.cat\/wp-content\/uploads\/Colleccio_Banc_de_teixits_csv.jpg\"><img loading=\"lazy\" decoding=\"async\" data-attachment-id=\"20582\" data-permalink=\"https:\/\/museuciencies.cat\/es\/area-cientifica\/colecciones\/colecciones-zoologicas\/banco-de-tejidos\/colleccio_banc_de_teixits_csv-4\/\" data-orig-file=\"https:\/\/museuciencies.cat\/wp-content\/uploads\/Colleccio_Banc_de_teixits_csv.jpg\" data-orig-size=\"3985,1408\" data-comments-opened=\"0\" data-image-meta=\"{&quot;aperture&quot;:&quot;0&quot;,&quot;credit&quot;:&quot;&quot;,&quot;camera&quot;:&quot;&quot;,&quot;caption&quot;:&quot;&quot;,&quot;created_timestamp&quot;:&quot;0&quot;,&quot;copyright&quot;:&quot;&quot;,&quot;focal_length&quot;:&quot;0&quot;,&quot;iso&quot;:&quot;0&quot;,&quot;shutter_speed&quot;:&quot;0&quot;,&quot;title&quot;:&quot;&quot;,&quot;orientation&quot;:&quot;1&quot;}\" data-image-title=\"Colleccio_Banc_de_teixits_csv\" data-image-description=\"\" data-image-caption=\"\" data-medium-file=\"https:\/\/museuciencies.cat\/wp-content\/uploads\/Colleccio_Banc_de_teixits_csv-615x217.jpg\" data-large-file=\"https:\/\/museuciencies.cat\/wp-content\/uploads\/Colleccio_Banc_de_teixits_csv-1024x361.jpg\" class=\"alignnone wp-image-20582\" src=\"http:\/\/museuciencies.cat\/wp-content\/uploads\/Colleccio_Banc_de_teixits_csv-615x217.jpg\" alt=\"Colleccio_Banc_de_teixits_csv\" width=\"490\" height=\"173\" srcset=\"https:\/\/museuciencies.cat\/wp-content\/uploads\/Colleccio_Banc_de_teixits_csv-615x217.jpg 615w, https:\/\/museuciencies.cat\/wp-content\/uploads\/Colleccio_Banc_de_teixits_csv-1024x361.jpg 1024w\" sizes=\"auto, (max-width: 490px) 100vw, 490px\" \/><\/a><\/p>\n<p>Por esta raz\u00f3n, al preparar los animales vertebrados se guarda una muestra de tejido muscular y, a ser posible, una muestra de h\u00edgado. Dichas muestras son facilitadas a los investigadores previa solicitud. Est\u00e1n conservadas en alcohol absoluto, aunque es habitual que en los bancos de tejidos existan muestras congeladas o ultracongeladas.<\/p>\n<p>Estas muestras pueden ser analizadas para extraer el material gen\u00e9tico de las mismas.<\/p>\n","protected":false},"excerpt":{"rendered":"<p>El\u00a0Banco de tejidos fue creado en el a\u00f1o 2005. Su principal objetivo es poder facilitar muestras de los animales del Museo a los investigadores sin da\u00f1ar la colecci\u00f3n. Por esta raz\u00f3n, al preparar los animales vertebrados se guarda una muestra de tejido muscular y, a ser posible, una muestra de h\u00edgado. Dichas muestras son facilitadas [&hellip;]<\/p>\n","protected":false},"author":2,"featured_media":0,"parent":15148,"menu_order":120,"comment_status":"closed","ping_status":"closed","template":"page-fill-coleccions.php","meta":{"_acf_changed":false,"footnotes":""},"class_list":["post-15771","page","type-page","status-publish","hentry"],"acf":{"activeu_alerta":false,"arxius_adjunts":false,"boto_de_link_o_mail":false,"descripcio":"","imatge_llistat":false,"img_cap":7713,"links_associats":false,"llista_equip_museu":"","llista_estudiants":false,"llista_fons":false,"llista_investigadors":false,"llista_voluntaris":false,"nou_carrusel":false,"presenta_fills":"no","tambe_us_pot_interessar":"","text_alerta":"","text_fons_de_la_colleccio":"","text_fons_dingres":"","text_fons_documental":"","text_galeria_dimatges":"","text_guies_de_lectura":"","text_novetats_bibliografiques":"","text_preparacio_i_conservacio":"","tipologia_de_colaborador":false,"presenta_peu":false},"jetpack_sharing_enabled":true,"_links":{"self":[{"href":"https:\/\/museuciencies.cat\/es\/wp-json\/wp\/v2\/pages\/15771","targetHints":{"allow":["GET"]}}],"collection":[{"href":"https:\/\/museuciencies.cat\/es\/wp-json\/wp\/v2\/pages"}],"about":[{"href":"https:\/\/museuciencies.cat\/es\/wp-json\/wp\/v2\/types\/page"}],"author":[{"embeddable":true,"href":"https:\/\/museuciencies.cat\/es\/wp-json\/wp\/v2\/users\/2"}],"replies":[{"embeddable":true,"href":"https:\/\/museuciencies.cat\/es\/wp-json\/wp\/v2\/comments?post=15771"}],"version-history":[{"count":0,"href":"https:\/\/museuciencies.cat\/es\/wp-json\/wp\/v2\/pages\/15771\/revisions"}],"up":[{"embeddable":true,"href":"https:\/\/museuciencies.cat\/es\/wp-json\/wp\/v2\/pages\/15148"}],"wp:attachment":[{"href":"https:\/\/museuciencies.cat\/es\/wp-json\/wp\/v2\/media?parent=15771"}],"curies":[{"name":"wp","href":"https:\/\/api.w.org\/{rel}","templated":true}]}}