{"id":15653,"date":"2014-07-21T07:51:56","date_gmt":"2014-07-21T07:51:56","guid":{"rendered":"http:\/\/museuciencies.cat\/area-cientifica\/serveis-cientifico-tecnics\/publicacions\/"},"modified":"2018-04-26T16:12:17","modified_gmt":"2018-04-26T15:12:17","slug":"cientificas","status":"publish","type":"page","link":"https:\/\/museuciencies.cat\/es\/comunicacion\/publicaciones\/cientificas\/","title":{"rendered":"Cient\u00edficas"},"content":{"rendered":"<p><span style=\"color: #000000;\">El Museo edita publicaciones dirigidas a la comunidad cient\u00edfica y naturalista con el objetivo de transmitir los \u00faltimos conocimientos y avances cient\u00edficos, as\u00ed como publicaciones de divulgaci\u00f3n sobre temas de inter\u00e9s de los centros y los cat\u00e1logos de las exposiciones temporales. Podr\u00e1s encontrar estos \u00faltimos en la secci\u00f3n de <a style=\"color: #000000;\" href=\"\/es\/visitanos\/exposiciones\/exposiciones-temporales\/en-curso\/\">exposiciones temporales<\/a>.<\/span><\/p>\n<h3><span style=\"color: #000000;\">Publicaciones cient\u00edficas del Museo<br \/>\n<\/span><\/h3>\n<ul>\n<li><span style=\"color: #000000;\"><a style=\"color: #000000;\" href=\"http:\/\/abc.museucienciesjournals.cat\/?lang=es\">Animal Biodiversity and Conservation<\/a><\/span><\/li>\n<li><span style=\"color: #000000;\"><a style=\"color: #000000;\" href=\"http:\/\/amz.museucienciesjournals.cat\/?lang=es\">Arxius de Miscel\u00b7l\u00e0nia Zool\u00f2gica<\/a><\/span><\/li>\n<li><span style=\"color: #000000;\"><a style=\"color: #000000;\" href=\"http:\/\/monografies.museucienciesjournals.cat\/?lang=es\">Monografies del Museu de Ci\u00e8ncies Naturals<\/a><\/span><\/li>\n<li><span style=\"color: #000000;\"><a style=\"color: #000000;\" href=\"http:\/\/tmgb.museucienciesjournals.cat\/?lang=es\">Treballs del Museu de Geologia de Barcelona<\/a><\/span><\/li>\n<\/ul>\n<p>Tambi\u00e9n est\u00e1n disponibles en l\u00ednea las publicaciones anteriores del Museo:<\/p>\n<ul>\n<li><span style=\"color: #000000;\"><a style=\"color: #000000;\" href=\"http:\/\/other.museucienciesjournals.cat\/es\/series-antigues\/\">Miscel\u00b7l\u00e0nia Zool\u00f2gica<\/a><\/span><\/li>\n<li><span style=\"color: #000000;\"><a style=\"color: #000000;\" href=\"http:\/\/other.museucienciesjournals.cat\/es\/series-antigues\/\">Treballs del Museu de Zoologia<\/a><\/span><\/li>\n<li><span style=\"color: #000000;\"><a style=\"color: #000000;\" href=\"http:\/\/other.museucienciesjournals.cat\/es\/publicacions-de-la-junta-de-ciencies-naturals\/\">Publicaciones de la Junta de Ciencias Naturales<\/a><\/span><\/li>\n<\/ul>\n<p><span style=\"color: #000000;\">Es preciso destacar que la revista\u00a0<a style=\"color: #000000;\" href=\"http:\/\/abc.museucienciesjournals.cat\/que-es\/\">Animal\u00a0Biodiversity\u00a0and Conservation<\/a>\u00a0ha obtenido en el 2014 el <strong><a style=\"color: #000000;\" href=\"http:\/\/museuciencies.cat\/wp-content\/uploads\/Certificado-Excelencia-ABC.pdf\">Certificado de &#8216;Revista Excelente&#8217;<\/a>\u00a0<\/strong>tras superar con \u00e9xito el proceso de evaluaci\u00f3n de su cualidad cient\u00edfica y editorial, que organiza la <a style=\"color: #000000;\" href=\"http:\/\/www.fecyt.es\/es\">FECYT<\/a> (Fundaci\u00f3n Espa\u00f1ola para la Ciencia y la Tecnolog\u00eda) del Ministerio de\u00a0Econom\u00eda y Competitividad.<\/span><\/p>\n","protected":false},"excerpt":{"rendered":"<p>El Museo edita publicaciones dirigidas a la comunidad cient\u00edfica y naturalista con el objetivo de transmitir los \u00faltimos conocimientos y avances cient\u00edficos, as\u00ed como publicaciones de divulgaci\u00f3n sobre temas de inter\u00e9s de los centros y los cat\u00e1logos de las exposiciones temporales. Podr\u00e1s encontrar estos \u00faltimos en la secci\u00f3n de exposiciones temporales. Publicaciones cient\u00edficas del Museo [&hellip;]<\/p>\n","protected":false},"author":2,"featured_media":0,"parent":45680,"menu_order":124,"comment_status":"closed","ping_status":"closed","template":"","meta":{"_acf_changed":false,"footnotes":""},"class_list":["post-15653","page","type-page","status-publish","hentry"],"acf":{"activeu_alerta":false,"arxius_adjunts":false,"boto_de_link_o_mail":false,"imatge_llistat":false,"img_cap":6096,"links_associats":false,"nou_carrusel":false,"presenta_fills":"no","tambe_us_pot_interessar":"","text_alerta":"","presenta_peu":false},"jetpack_sharing_enabled":true,"_links":{"self":[{"href":"https:\/\/museuciencies.cat\/es\/wp-json\/wp\/v2\/pages\/15653","targetHints":{"allow":["GET"]}}],"collection":[{"href":"https:\/\/museuciencies.cat\/es\/wp-json\/wp\/v2\/pages"}],"about":[{"href":"https:\/\/museuciencies.cat\/es\/wp-json\/wp\/v2\/types\/page"}],"author":[{"embeddable":true,"href":"https:\/\/museuciencies.cat\/es\/wp-json\/wp\/v2\/users\/2"}],"replies":[{"embeddable":true,"href":"https:\/\/museuciencies.cat\/es\/wp-json\/wp\/v2\/comments?post=15653"}],"version-history":[{"count":0,"href":"https:\/\/museuciencies.cat\/es\/wp-json\/wp\/v2\/pages\/15653\/revisions"}],"up":[{"embeddable":true,"href":"https:\/\/museuciencies.cat\/es\/wp-json\/wp\/v2\/pages\/45680"}],"wp:attachment":[{"href":"https:\/\/museuciencies.cat\/es\/wp-json\/wp\/v2\/media?parent=15653"}],"curies":[{"name":"wp","href":"https:\/\/api.w.org\/{rel}","templated":true}]}}